{"id":4341,"date":"2025-12-17T07:56:54","date_gmt":"2025-12-17T07:56:54","guid":{"rendered":"https:\/\/www.alumni.space\/politica-de-cookies\/"},"modified":"2026-03-26T12:01:42","modified_gmt":"2026-03-26T12:01:42","slug":"politica-de-cookies","status":"publish","type":"page","link":"https:\/\/www.alumni.space\/pt-pt\/politica-de-cookies\/","title":{"rendered":"Pol\u00edtica de cookies"},"content":{"rendered":"<div class=\"fusion-fullwidth fullwidth-box fusion-builder-row-1 fusion-flex-container has-pattern-background has-mask-background nonhundred-percent-fullwidth non-hundred-percent-height-scrolling\" style=\"--awb-border-radius-top-left:0px;--awb-border-radius-top-right:0px;--awb-border-radius-bottom-right:0px;--awb-border-radius-bottom-left:0px;--awb-flex-wrap:wrap;\" ><div class=\"fusion-builder-row fusion-row fusion-flex-align-items-flex-start fusion-flex-content-wrap\" style=\"max-width:1248px;margin-left: calc(-4% \/ 2 );margin-right: calc(-4% \/ 2 );\"><div class=\"fusion-layout-column fusion_builder_column fusion-builder-column-0 fusion_builder_column_1_1 1_1 fusion-flex-column\" style=\"--awb-bg-size:cover;--awb-width-large:100%;--awb-margin-top-large:0px;--awb-spacing-right-large:1.92%;--awb-margin-bottom-large:20px;--awb-spacing-left-large:1.92%;--awb-width-medium:100%;--awb-order-medium:0;--awb-spacing-right-medium:1.92%;--awb-spacing-left-medium:1.92%;--awb-width-small:100%;--awb-order-small:0;--awb-spacing-right-small:1.92%;--awb-spacing-left-small:1.92%;\"><div class=\"fusion-column-wrapper fusion-column-has-shadow fusion-flex-justify-content-flex-start fusion-content-layout-column\"><div class=\"fusion-text fusion-text-1\"><div class=\"fusion-text fusion-text-1\">\n<h2 class=\"fusion-responsive-typography-calculated\" data-fontsize=\"18\" data-lineheight=\"27px\">POL\u00cdTICA DE COOKIES<\/h2>\n<p>O Alumni.space pode instalar cookies no teu equipamento quando visitas o website e pode utilizar cookies nos e-mails que te s\u00e3o enviados.<\/p>\n<p>O objetivo desta Pol\u00edtica de Cookies \u00e9 informar-te sobre os diferentes cookies utilizados, as suas finalidades e os teus direitos, nomeadamente no que diz respeito \u00e0 defini\u00e7\u00e3o dos par\u00e2metros.<\/p>\n<p>Os cookies s\u00e3o utilizados no s\u00edtio Web e armazenados temporariamente no terminal inform\u00e1tico do utilizador, como um computador, um tablet e\/ou um smartphone, para facilitar a navega\u00e7\u00e3o e otimizar a qualidade do s\u00edtio Web. Estes cookies podem ser recusados pelo utilizador, sob reserva das escolhas e op\u00e7\u00f5es que o utilizador pode exprimir a qualquer momento. <\/p>\n<p>Os cookies utilizados neste s\u00edtio Web podem ser instalados pelo nosso s\u00edtio Web ou por um s\u00edtio Web de terceiros. Estes cookies podem ser cookies de sess\u00e3o ou cookies persistentes: um cookie de sess\u00e3o \u00e9 um cookie que \u00e9 automaticamente apagado quando o utilizador fecha o navegador, enquanto um cookie persistente permanece armazenado no computador do utilizador at\u00e9 \u00e0 sua data de expira\u00e7\u00e3o. <\/p>\n<p>Os cookies utilizados no s\u00edtio Web t\u00eam uma dura\u00e7\u00e3o m\u00e1xima de 12 meses.<\/p>\n<\/div>\n<div class=\"fusion-text fusion-text-2\">\n<h3 class=\"fusion-responsive-typography-calculated\" data-fontsize=\"16\" data-lineheight=\"24px\">CATEGORIAS<\/h3>\n<p>Utilizamos determinados tipos de cookies neste s\u00edtio Web:<\/p>\n<ul>\n<li><strong>Cookies t\u00e9cnicos e de sess\u00e3o obrigat\u00f3rios :<\/strong><\/li>\n<\/ul>\n<p>Estes cookies s\u00e3o essenciais para te permitir navegar no nosso s\u00edtio Web e tirar o m\u00e1ximo partido das suas funcionalidades, como o acesso a determinadas p\u00e1ginas Web seguras. Sem estes cookies, alguns dos servi\u00e7os que solicitas n\u00e3o podem ser prestados. <\/p>\n<p>Os cookies obrigat\u00f3rios utilizados no s\u00edtio Web s\u00e3o os seguintes:<\/p>\n<ul>\n<li>\n<ul>\n<li>PHPSESSID<\/li>\n<li>lang<\/li>\n<li>JSESSIONID<\/li>\n<li>wp-wpml_current_language<\/li>\n<\/ul>\n<\/li>\n<\/ul>\n<ul>\n<li><strong>Cookies funcionais e de desempenho :<\/strong><\/li>\n<\/ul>\n<p>Estes cookies permitem que o s\u00edtio Web registe a tua escolha de defini\u00e7\u00f5es para te fornecer funcionalidades melhoradas e mais pessoais. Estes cookies tamb\u00e9m podem ser utilizados para recordar as altera\u00e7\u00f5es que fizeste ao tamanho do texto, ao tipo de letra e a outras partes das p\u00e1ginas Web que personalizaste. Podem tamb\u00e9m ser utilizados para te fornecer determinados servi\u00e7os que tenhas solicitado, como ver um v\u00eddeo.  <\/p>\n<p>Estes cookies n\u00e3o podem rastrear a tua atividade de navega\u00e7\u00e3o noutros s\u00edtios Web e n\u00e3o recolhem qualquer informa\u00e7\u00e3o sobre ti que possa ser utilizada para fins publicit\u00e1rios.<\/p>\n<ul>\n<li>\n<ul>\n<li>Fontes.googleapis.com<\/li>\n<li>Ggpht.com<\/li>\n<li>Linkedin<\/li>\n<li>Adiciona qualquer<\/li>\n<li>Instagram<\/li>\n<li>Ytimg.com<\/li>\n<li>lidc<\/li>\n<li>lissc<\/li>\n<\/ul>\n<\/li>\n<\/ul>\n<p>No s\u00edtio Web s\u00e3o utilizados os seguintes cookies de desempenho:<\/p>\n<ul>\n<li>\n<ul>\n<li>Cdninstagram<\/li>\n<li>Licdn.com<\/li>\n<\/ul>\n<\/li>\n<\/ul>\n<ul>\n<li><strong>Cookies de medi\u00e7\u00e3o de audi\u00eancias :<\/strong><\/li>\n<\/ul>\n<p>Estes cookies s\u00e3o utilizados para recolher informa\u00e7\u00f5es sobre a forma como os visitantes utilizam o nosso s\u00edtio Web, tais como as p\u00e1ginas mais frequentemente visitadas ou o aparecimento de mensagens de erro em determinadas p\u00e1ginas. Todas as informa\u00e7\u00f5es recolhidas atrav\u00e9s destes cookies s\u00e3o an\u00f3nimas e recolhidas com o \u00fanico objetivo de desenvolver e acompanhar os padr\u00f5es de tr\u00e1fego no nosso s\u00edtio Web, a fim de melhorar o seu funcionamento. <\/p>\n<p>Esta informa\u00e7\u00e3o \u00e9 utilizada exclusivamente pelo Alumni.space e n\u00e3o \u00e9 partilhada com terceiros.<\/p>\n<p>Os seguintes cookies s\u00e3o utilizados para medir a audi\u00eancia do s\u00edtio Web para fins anal\u00edticos:<\/p>\n<ul>\n<li>\n<ul>\n<li>N\u00e3o te preocupes.<\/li>\n<li>N\u00e3o te preocupes.<\/li>\n<li>_gid<\/li>\n<\/ul>\n<\/li>\n<\/ul>\n<ul>\n<li><strong>Cookies de publicidade direcionada :<\/strong><\/li>\n<\/ul>\n<p>Os cookies de segmenta\u00e7\u00e3o s\u00e3o utilizados para medir a efic\u00e1cia de uma campanha publicit\u00e1ria, permitindo a entrega de an\u00fancios segmentados que ouvem os utilizadores e cuja recorr\u00eancia \u00e9 limitada.<\/p>\n<ul>\n<li>\n<ul>\n<li>caramba<\/li>\n<li>DSID<\/li>\n<li>IDE<\/li>\n<li>test_cookies<\/li>\n<li>APISID<\/li>\n<li>CONSENTIMENTO<\/li>\n<li>GPS<\/li>\n<li>HSID<\/li>\n<li>LOGIN_INFO<\/li>\n<li>PREF<\/li>\n<li>SAPISID<\/li>\n<li>SID<\/li>\n<li>SSID<\/li>\n<li>VISITANTE_INFO1_LIVE<\/li>\n<li>YSC<\/li>\n<\/ul>\n<\/li>\n<\/ul>\n<h3 class=\"fusion-responsive-typography-calculated\" data-fontsize=\"16\" data-lineheight=\"24px\">UTILIZA\u00c7\u00c3O<\/h3>\n<p>Os cookies colocados ou utilizados podem levar \u00e0 recolha de dados pessoais, nomeadamente dados de identifica\u00e7\u00e3o (endere\u00e7o IP), dados de liga\u00e7\u00e3o, dados de aceita\u00e7\u00e3o, dados de identidade e dados de contacto.<\/p>\n<p><span data-contrast=\"none\">Os sites de redes sociais de terceiros podem recolher determinadas informa\u00e7\u00f5es (como o endere\u00e7o IP, o tipo de browser, o idioma utilizado ou a hora de acesso) se estiveres ligado a esses sites enquanto navegas no nosso site. Estes sites tamb\u00e9m podem associar estas informa\u00e7\u00f5es recolhidas \u00e0s informa\u00e7\u00f5es do teu perfil dispon\u00edveis no seu pr\u00f3prio site. N\u00e3o controlamos estas tecnologias de rastreio de terceiros, pelo que recomendamos que leias os termos de utiliza\u00e7\u00e3o e a Pol\u00edtica de Privacidade destes sites de terceiros antes de os utilizares.  <\/span><span data-ccp-props=\"{\"> <\/span><\/p>\n<p><span data-contrast=\"none\">Outros cookies podem recolher Dados Pessoais (incluindo informa\u00e7\u00f5es de cookies colocados pelas nossas liga\u00e7\u00f5es publicit\u00e1rias em sites de terceiros):<\/span><span data-ccp-props=\"{\"> <\/span><\/p>\n<ul>\n<li data-leveltext=\"\uf0b7\" data-font=\"Symbol\" data-listid=\"10\" aria-setsize=\"-1\" data-aria-posinset=\"1\" data-aria-level=\"1\"><span data-contrast=\"none\">Se um utilizador for um utilizador registado ;<\/span><span data-ccp-props=\"{\"> <\/span><\/li>\n<li data-leveltext=\"\uf0b7\" data-font=\"Symbol\" data-listid=\"10\" aria-setsize=\"-1\" data-aria-posinset=\"2\" data-aria-level=\"1\"><span data-contrast=\"none\">Se te enviarmos uma mensagem de correio eletr\u00f3nico direcionada que contenha web beacons, cookies ou tecnologias semelhantes, saberemos se abres, l\u00eas ou eliminas essa mensagem.<\/span><\/li>\n<\/ul>\n<h3 class=\"fusion-responsive-typography-calculated\" data-fontsize=\"16\" data-lineheight=\"24px\">OUTRO ACOMPANHAMENTO<\/h3>\n<p><span class=\"TextRun SCXW12873010 BCX9\" lang=\"FR-FR\" xml:lang=\"FR-FR\" data-contrast=\"none\"><span class=\"NormalTextRun SCXW12873010 BCX9\">Alumni.space utiliza igualmente tecnologias substancialmente semelhantes aos cookies, tais como web beacons ou qualquer outra tecnologia que possa aparecer em mensagens de correio eletr\u00f3nico publicit\u00e1rio ou boletins informativos, a fim de determinar se estas mensagens foram consultadas ou se clicaste nas liga\u00e7\u00f5es que cont\u00eam. As etiquetas Internet n\u00e3o depositam quaisquer dados no teu computador, mas podem ser utilizadas juntamente com os cookies para analisar a atividade de navega\u00e7\u00e3o no s\u00edtio. <\/span><\/span><span class=\"EOP SCXW12873010 BCX9\" data-ccp-props=\"{\"> <\/span><\/p>\n<h3 class=\"fusion-responsive-typography-calculated\" data-fontsize=\"16\" data-lineheight=\"24px\">ACEITA OU RECUSA COOKIES<\/h3>\n<p><span data-contrast=\"none\">Alumni.space permite-te gerir e configurar os teus cookies e aceitar ou rejeitar alguns dos cookies armazenados.<\/span><span data-contrast=\"none\">Tamb\u00e9m podes aceitar ou rejeitar alguns ou todos os cookies colocados no teu computador. <\/span> <span data-ccp-props=\"{\"> <\/span><\/p>\n<p><span data-contrast=\"none\">Gostar\u00edamos de <\/span><span data-contrast=\"none\">lembra-te<\/span><span data-contrast=\"none\"> <\/span><span data-contrast=\"none\">no entanto <\/span><span data-contrast=\"none\">que a desativa\u00e7\u00e3o de cookies pode cond<\/span><span data-contrast=\"none\">Isto pode levar \u00e0 altera\u00e7\u00e3o ou perda de certas defini\u00e7\u00f5es ou informa\u00e7\u00f5es. A elimina\u00e7\u00e3o de cookies pode alterar ou mesmo dificultar a navega\u00e7\u00e3o no s\u00edtio Web. <\/span><span data-ccp-props=\"{\"> <\/span><\/p>\n<\/div>\n<div class=\"fusion-text fusion-text-3\">\n<p><span data-contrast=\"none\">Se n\u00e3o quiseres receber cookies do nosso s\u00edtio Web, podes <\/span><span data-contrast=\"none\">tamb\u00e9m <\/span><span data-contrast=\"none\">configurar<\/span><span data-contrast=\"none\"> o teu browser. <\/span><span data-contrast=\"none\">Para o fazer, segue as instru\u00e7\u00f5es abaixo adequadas ao teu browser:<\/span><span data-ccp-props=\"{\"> <\/span><\/p>\n<ul>\n<li data-leveltext=\"\uf0b7\" data-font=\"Symbol\" data-listid=\"11\" aria-setsize=\"-1\" data-aria-posinset=\"1\" data-aria-level=\"1\"><span data-contrast=\"none\">Se estiveres a utilizar o<\/span><a href=\"https:\/\/support.microsoft.com\/fr-fr\/help\/17442\/windows-internet-explorer-delete-manage-cookies\"><span data-contrast=\"none\">Internet Explorer<\/span><\/a><span data-ccp-props=\"{\"> <\/span><\/li>\n<\/ul>\n<ol>\n<li data-leveltext=\"%1.\" data-font=\"vinci_sans_regular,Times New Roman\" data-listid=\"12\" aria-setsize=\"-1\" data-aria-posinset=\"1\" data-aria-level=\"1\"><span data-contrast=\"none\">Seleciona o menu &#8220;Ferramentas&#8221; e depois &#8220;Op\u00e7\u00f5es da Internet&#8221;.<\/span><span data-ccp-props=\"{\"> <\/span><\/li>\n<li data-leveltext=\"%1.\" data-font=\"vinci_sans_regular,Times New Roman\" data-listid=\"12\" aria-setsize=\"-1\" data-aria-posinset=\"1\" data-aria-level=\"1\"><span data-contrast=\"none\">Clica no separador &#8220;Confidencialidade&#8221; ( <\/span><span data-contrast=\"none\">Confidencialidade<\/span><span data-contrast=\"none\"> &#8220;).<\/span><span data-ccp-props=\"{\"><br \/>\n<\/span><span data-contrast=\"none\">Seleciona o n\u00edvel pretendido utilizando o cursor.<\/span><span data-ccp-props=\"{\"> <\/span><\/li>\n<\/ol>\n<ul>\n<li><span data-contrast=\"none\"> <span data-contrast=\"none\">Se estiveres a utilizar o<\/span><a href=\"https:\/\/support.mozilla.org\/fr\/kb\/effacer-les-cookies-pour-supprimer-les-information#:~:text=S%C3%A9lectionnez%20le%20panneau%20Vie%20priv%C3%A9e,des%20donn%C3%A9es%20de%20sites%20appara%C3%AEt.\" target=\"_blank\" rel=\"noopener noreferrer\"><span data-contrast=\"none\">Firefox<\/span><\/a><\/span><span data-ccp-props=\"{\"> <\/span><\/li>\n<\/ul>\n<ol>\n<li data-leveltext=\"%1.\" data-font=\"vinci_sans_regular,Times New Roman\" data-listid=\"14\" aria-setsize=\"-1\" data-aria-posinset=\"1\" data-aria-level=\"1\"><span data-contrast=\"none\">Seleciona o menu &#8220;Ferramentas&#8221; &gt; &#8220;Op\u00e7\u00f5es&#8221;.<\/span><span data-ccp-props=\"{\"> <\/span><\/li>\n<li data-leveltext=\"%1.\" data-font=\"vinci_sans_regular,Times New Roman\" data-listid=\"14\" aria-setsize=\"-1\" data-aria-posinset=\"1\" data-aria-level=\"1\"><span data-contrast=\"none\">Clica na op\u00e7\u00e3o &#8220;Privacidade&#8221;.<\/span><span data-ccp-props=\"{\"> <\/span><\/li>\n<\/ol>\n<p><span data-contrast=\"none\">\u202f<\/span><span data-ccp-props=\"{\"> <\/span><\/p>\n<ul>\n<li data-leveltext=\"\uf0b7\" data-font=\"Symbol\" data-listid=\"15\" aria-setsize=\"-1\" data-aria-posinset=\"1\" data-aria-level=\"1\"><span data-contrast=\"none\">Se estiveres a utilizar o<\/span><a href=\"https:\/\/support.apple.com\/kb\/ph5042?locale=en_US\"><span data-contrast=\"none\">Safari<\/span><\/a><span data-ccp-props=\"{\"> <\/span><\/li>\n<\/ul>\n<ol>\n<li data-leveltext=\"%1.\" data-font=\"vinci_sans_regular,Times New Roman\" data-listid=\"16\" aria-setsize=\"-1\" data-aria-posinset=\"1\" data-aria-level=\"1\"><span data-contrast=\"none\">Seleciona o menu &#8220;Editar&#8221;.<\/span><span data-ccp-props=\"{\"> <\/span><\/li>\n<li data-leveltext=\"%1.\" data-font=\"vinci_sans_regular,Times New Roman\" data-listid=\"16\" aria-setsize=\"-1\" data-aria-posinset=\"1\" data-aria-level=\"1\"><span data-contrast=\"none\">Clica na op\u00e7\u00e3o &#8220;Prefer\u00eancias&#8221;.<\/span><span data-ccp-props=\"{\"> <\/span><\/li>\n<li data-leveltext=\"%1.\" data-font=\"vinci_sans_regular,Times New Roman\" data-listid=\"16\" aria-setsize=\"-1\" data-aria-posinset=\"1\" data-aria-level=\"1\"><span data-contrast=\"none\">Clica na op\u00e7\u00e3o &#8220;Seguran\u00e7a&#8221;.<\/span><span data-ccp-props=\"{\"> <\/span><\/li>\n<li data-leveltext=\"%1.\" data-font=\"vinci_sans_regular,Times New Roman\" data-listid=\"16\" aria-setsize=\"-1\" data-aria-posinset=\"1\" data-aria-level=\"1\"><span data-contrast=\"none\">Clica em &#8220;Mostrar cookies&#8221;.<\/span><span data-ccp-props=\"{\"> <\/span><\/li>\n<\/ol>\n<p><span data-contrast=\"none\">\u202f<\/span><span data-ccp-props=\"{\"> <\/span><\/p>\n<ul>\n<li data-leveltext=\"\uf0b7\" data-font=\"Symbol\" data-listid=\"17\" aria-setsize=\"-1\" data-aria-posinset=\"1\" data-aria-level=\"1\"><span data-contrast=\"none\">Se utilizares o<\/span><a href=\"https:\/\/support.google.com\/chrome\/answer\/95647?hl=fr\"><span data-contrast=\"none\">Google Chrome<\/span><\/a><span data-ccp-props=\"{\"> <\/span><\/li>\n<\/ul>\n<ol>\n<li data-leveltext=\"%1.\" data-font=\"vinci_sans_regular,Times New Roman\" data-listid=\"18\" aria-setsize=\"-1\" data-aria-posinset=\"1\" data-aria-level=\"1\"><span data-contrast=\"none\">No teu computador, abre o Chrome.<\/span><span data-ccp-props=\"{\"> <\/span><\/li>\n<li data-leveltext=\"%1.\" data-font=\"vinci_sans_regular,Times New Roman\" data-listid=\"18\" aria-setsize=\"-1\" data-aria-posinset=\"1\" data-aria-level=\"1\"><span data-contrast=\"none\">No canto superior direito, clica em &#8220;Mais defini\u00e7\u00f5es&#8221;.<\/span><span data-ccp-props=\"{\"> <\/span><\/li>\n<li data-leveltext=\"%1.\" data-font=\"vinci_sans_regular,Times New Roman\" data-listid=\"18\" aria-setsize=\"-1\" data-aria-posinset=\"1\" data-aria-level=\"1\"><span data-contrast=\"none\">Em &#8220;Confidencialidade e seguran\u00e7a&#8221;, clica em &#8220;Cookies e outros dados do s\u00edtio&#8221;.<\/span><span data-ccp-props=\"{\"> <\/span><\/li>\n<li data-leveltext=\"%1.\" data-font=\"vinci_sans_regular,Times New Roman\" data-listid=\"18\" aria-setsize=\"-1\" data-aria-posinset=\"1\" data-aria-level=\"1\"><span data-contrast=\"none\">Clica em &#8220;Mostrar todos os cookies e dados do site&#8221; para apagar tudo.<\/span><span data-ccp-props=\"{\"> <\/span><\/li>\n<li data-leveltext=\"%1.\" data-font=\"vinci_sans_regular,Times New Roman\" data-listid=\"18\" aria-setsize=\"-1\" data-aria-posinset=\"1\" data-aria-level=\"1\"><span data-contrast=\"none\">Confirma a elimina\u00e7\u00e3o clicando em &#8220;Eliminar tudo&#8221;.<\/span><span data-ccp-props=\"{\"> <\/span><\/li>\n<\/ol>\n<h3 class=\"fusion-responsive-typography-calculated\" data-fontsize=\"16\" data-lineheight=\"24px\"><\/h3>\n<h3 class=\"fusion-responsive-typography-calculated\" data-fontsize=\"16\" data-lineheight=\"24px\">EVOLU\u00c7\u00c3O<\/h3>\n<p><span data-contrast=\"auto\">Esta pol\u00edtica foi actualizada em 30\/12\/2021.  <\/span><span data-ccp-props=\"{\"> <\/span><\/p>\n<p><span data-contrast=\"auto\">Pode ser modificado a qualquer momento em caso de altera\u00e7\u00e3o da legisla\u00e7\u00e3o, da jurisprud\u00eancia ou de recomenda\u00e7\u00f5es da CNIL.  <\/span><span data-ccp-props=\"{\"> <\/span><\/p>\n<\/div>\n<\/div><\/div><\/div><\/div><\/div>\n","protected":false},"excerpt":{"rendered":"","protected":false},"author":1,"featured_media":0,"parent":0,"menu_order":0,"comment_status":"closed","ping_status":"closed","template":"100-width.php","meta":{"_ayudawp_aiss_exclude":false,"footnotes":""},"class_list":["post-4341","page","type-page","status-publish","hentry"],"yoast_head":"<!-- This site is optimized with the Yoast SEO plugin v27.4 - https:\/\/yoast.com\/product\/yoast-seo-wordpress\/ -->\n<title>Pol\u00edtica de cookies - Alumni.space<\/title>\n<meta name=\"robots\" content=\"index, follow, max-snippet:-1, max-image-preview:large, max-video-preview:-1\" \/>\n<link rel=\"canonical\" href=\"https:\/\/www.alumni.space\/pt-pt\/politica-de-cookies\/\" \/>\n<meta property=\"og:locale\" content=\"pt_PT\" \/>\n<meta property=\"og:type\" content=\"article\" \/>\n<meta property=\"og:title\" content=\"Pol\u00edtica de cookies - Alumni.space\" \/>\n<meta property=\"og:url\" content=\"https:\/\/www.alumni.space\/pt-pt\/politica-de-cookies\/\" \/>\n<meta property=\"og:site_name\" content=\"Alumni.space\" \/>\n<meta property=\"article:modified_time\" content=\"2026-03-26T12:01:42+00:00\" \/>\n<meta name=\"twitter:card\" content=\"summary_large_image\" \/>\n<meta name=\"twitter:label1\" content=\"Tempo estimado de leitura\" \/>\n\t<meta name=\"twitter:data1\" content=\"12 minutos\" \/>\n<script type=\"application\/ld+json\" class=\"yoast-schema-graph\">{\"@context\":\"https:\\\/\\\/schema.org\",\"@graph\":[{\"@type\":\"WebPage\",\"@id\":\"https:\\\/\\\/www.alumni.space\\\/pt-pt\\\/politica-de-cookies\\\/\",\"url\":\"https:\\\/\\\/www.alumni.space\\\/pt-pt\\\/politica-de-cookies\\\/\",\"name\":\"Pol\u00edtica de cookies - Alumni.space\",\"isPartOf\":{\"@id\":\"https:\\\/\\\/www.alumni.space\\\/pt-pt\\\/#website\"},\"datePublished\":\"2025-12-17T07:56:54+00:00\",\"dateModified\":\"2026-03-26T12:01:42+00:00\",\"breadcrumb\":{\"@id\":\"https:\\\/\\\/www.alumni.space\\\/pt-pt\\\/politica-de-cookies\\\/#breadcrumb\"},\"inLanguage\":\"pt-PT\",\"potentialAction\":[{\"@type\":\"ReadAction\",\"target\":[\"https:\\\/\\\/www.alumni.space\\\/pt-pt\\\/politica-de-cookies\\\/\"]}]},{\"@type\":\"BreadcrumbList\",\"@id\":\"https:\\\/\\\/www.alumni.space\\\/pt-pt\\\/politica-de-cookies\\\/#breadcrumb\",\"itemListElement\":[{\"@type\":\"ListItem\",\"position\":1,\"name\":\"Home\",\"item\":\"https:\\\/\\\/www.alumni.space\\\/pt-pt\\\/plataforma-de-gestao-de-mentores-e-antigos-alunos\\\/\"},{\"@type\":\"ListItem\",\"position\":2,\"name\":\"Pol\u00edtica de cookies\"}]},{\"@type\":\"WebSite\",\"@id\":\"https:\\\/\\\/www.alumni.space\\\/pt-pt\\\/#website\",\"url\":\"https:\\\/\\\/www.alumni.space\\\/pt-pt\\\/\",\"name\":\"Alumni.space\",\"description\":\"My WordPress Blog\",\"potentialAction\":[{\"@type\":\"SearchAction\",\"target\":{\"@type\":\"EntryPoint\",\"urlTemplate\":\"https:\\\/\\\/www.alumni.space\\\/pt-pt\\\/?s={search_term_string}\"},\"query-input\":{\"@type\":\"PropertyValueSpecification\",\"valueRequired\":true,\"valueName\":\"search_term_string\"}}],\"inLanguage\":\"pt-PT\"}]}<\/script>\n<!-- \/ Yoast SEO plugin. -->","yoast_head_json":{"title":"Pol\u00edtica de cookies - Alumni.space","robots":{"index":"index","follow":"follow","max-snippet":"max-snippet:-1","max-image-preview":"max-image-preview:large","max-video-preview":"max-video-preview:-1"},"canonical":"https:\/\/www.alumni.space\/pt-pt\/politica-de-cookies\/","og_locale":"pt_PT","og_type":"article","og_title":"Pol\u00edtica de cookies - Alumni.space","og_url":"https:\/\/www.alumni.space\/pt-pt\/politica-de-cookies\/","og_site_name":"Alumni.space","article_modified_time":"2026-03-26T12:01:42+00:00","twitter_card":"summary_large_image","twitter_misc":{"Tempo estimado de leitura":"12 minutos"},"schema":{"@context":"https:\/\/schema.org","@graph":[{"@type":"WebPage","@id":"https:\/\/www.alumni.space\/pt-pt\/politica-de-cookies\/","url":"https:\/\/www.alumni.space\/pt-pt\/politica-de-cookies\/","name":"Pol\u00edtica de cookies - Alumni.space","isPartOf":{"@id":"https:\/\/www.alumni.space\/pt-pt\/#website"},"datePublished":"2025-12-17T07:56:54+00:00","dateModified":"2026-03-26T12:01:42+00:00","breadcrumb":{"@id":"https:\/\/www.alumni.space\/pt-pt\/politica-de-cookies\/#breadcrumb"},"inLanguage":"pt-PT","potentialAction":[{"@type":"ReadAction","target":["https:\/\/www.alumni.space\/pt-pt\/politica-de-cookies\/"]}]},{"@type":"BreadcrumbList","@id":"https:\/\/www.alumni.space\/pt-pt\/politica-de-cookies\/#breadcrumb","itemListElement":[{"@type":"ListItem","position":1,"name":"Home","item":"https:\/\/www.alumni.space\/pt-pt\/plataforma-de-gestao-de-mentores-e-antigos-alunos\/"},{"@type":"ListItem","position":2,"name":"Pol\u00edtica de cookies"}]},{"@type":"WebSite","@id":"https:\/\/www.alumni.space\/pt-pt\/#website","url":"https:\/\/www.alumni.space\/pt-pt\/","name":"Alumni.space","description":"My WordPress Blog","potentialAction":[{"@type":"SearchAction","target":{"@type":"EntryPoint","urlTemplate":"https:\/\/www.alumni.space\/pt-pt\/?s={search_term_string}"},"query-input":{"@type":"PropertyValueSpecification","valueRequired":true,"valueName":"search_term_string"}}],"inLanguage":"pt-PT"}]}},"_links":{"self":[{"href":"https:\/\/www.alumni.space\/pt-pt\/wp-json\/wp\/v2\/pages\/4341","targetHints":{"allow":["GET"]}}],"collection":[{"href":"https:\/\/www.alumni.space\/pt-pt\/wp-json\/wp\/v2\/pages"}],"about":[{"href":"https:\/\/www.alumni.space\/pt-pt\/wp-json\/wp\/v2\/types\/page"}],"author":[{"embeddable":true,"href":"https:\/\/www.alumni.space\/pt-pt\/wp-json\/wp\/v2\/users\/1"}],"replies":[{"embeddable":true,"href":"https:\/\/www.alumni.space\/pt-pt\/wp-json\/wp\/v2\/comments?post=4341"}],"version-history":[{"count":8,"href":"https:\/\/www.alumni.space\/pt-pt\/wp-json\/wp\/v2\/pages\/4341\/revisions"}],"predecessor-version":[{"id":4373,"href":"https:\/\/www.alumni.space\/pt-pt\/wp-json\/wp\/v2\/pages\/4341\/revisions\/4373"}],"wp:attachment":[{"href":"https:\/\/www.alumni.space\/pt-pt\/wp-json\/wp\/v2\/media?parent=4341"}],"curies":[{"name":"wp","href":"https:\/\/api.w.org\/{rel}","templated":true}]}}