{"id":4180,"date":"2025-05-16T15:04:58","date_gmt":"2025-05-16T15:04:58","guid":{"rendered":"https:\/\/www.alumni.space\/quem-es-tu\/conselho-de-empresa\/"},"modified":"2026-03-26T12:00:38","modified_gmt":"2026-03-26T12:00:38","slug":"conselho-de-empresa","status":"publish","type":"page","link":"https:\/\/www.alumni.space\/pt-pt\/quem-es-tu\/conselho-de-empresa\/","title":{"rendered":"Conselho de empresa"},"content":{"rendered":"<div class=\"fusion-fullwidth fullwidth-box fusion-builder-row-1 fusion-flex-container has-pattern-background has-mask-background nonhundred-percent-fullwidth non-hundred-percent-height-scrolling\" style=\"--awb-background-position:left top;--awb-border-sizes-top:0px;--awb-border-sizes-bottom:0px;--awb-border-sizes-left:0px;--awb-border-sizes-right:0px;--awb-border-radius-top-left:0px;--awb-border-radius-top-right:0px;--awb-border-radius-bottom-right:0px;--awb-border-radius-bottom-left:0px;--awb-padding-top:130px;--awb-padding-bottom:130px;--awb-padding-top-medium:90px;--awb-padding-bottom-medium:90px;--awb-margin-bottom-medium:0px;--awb-background-color:var(--awb-color1);--awb-flex-wrap:wrap;\" ><div class=\"fusion-builder-row fusion-row fusion-flex-align-items-flex-start fusion-flex-justify-content-flex-end fusion-flex-content-wrap\" style=\"max-width:calc( 1200px + 80px );margin-left: calc(-80px \/ 2 );margin-right: calc(-80px \/ 2 );\"><div class=\"fusion-layout-column fusion_builder_column fusion-builder-column-0 fusion_builder_column_3_5 3_5 fusion-flex-column fusion-column-no-min-height fusion-animated\" style=\"--awb-padding-right-medium:0px;--awb-padding-left-medium:0px;--awb-bg-blend:overlay;--awb-bg-size:cover;--awb-width-large:60%;--awb-margin-top-large:0px;--awb-spacing-right-large:calc( 0.13333333333333 * calc( 100% - 80px ) );--awb-margin-bottom-large:90px;--awb-spacing-left-large:40px;--awb-width-medium:50%;--awb-spacing-right-medium:calc( 0.16 * calc( 100% - 80px ) );--awb-margin-bottom-medium:49px;--awb-spacing-left-medium:40px;--awb-width-small:100%;--awb-spacing-right-small:40px;--awb-margin-bottom-small:0px;--awb-spacing-left-small:40px;\" data-animationType=\"fadeIn\" data-animationDuration=\"0.8\" data-animationOffset=\"top-into-view\"><div class=\"fusion-column-wrapper fusion-flex-justify-content-flex-start fusion-content-layout-column\"><div class=\"fusion-title title fusion-title-1 fusion-sep-none fusion-title-text fusion-title-size-three\" style=\"--awb-margin-bottom:0px;--awb-margin-top-small:10px;--awb-margin-right-small:0px;--awb-margin-bottom-small:10px;--awb-margin-left-small:0px;\"><h3 class=\"fusion-title-heading title-heading-left\" style=\"margin:0;\">Para um comit\u00e9 socioecon\u00f3mico (CSE), o desafio j\u00e1 n\u00e3o se limita \u00e0 distribui\u00e7\u00e3o de cheques-prenda e \u00e0 gest\u00e3o da bilh\u00e9tica.<\/h3><\/div><\/div><\/div><div class=\"fusion-layout-column fusion_builder_column fusion-builder-column-1 fusion_builder_column_2_5 2_5 fusion-flex-column fusion-column-no-min-height fusion-animated\" style=\"--awb-padding-right-medium:0px;--awb-padding-left-medium:0px;--awb-bg-blend:overlay;--awb-bg-size:cover;--awb-width-large:40%;--awb-margin-top-large:0px;--awb-spacing-right-large:40px;--awb-margin-bottom-large:90px;--awb-spacing-left-large:calc( 0.04 * calc( 100% - 80px ) );--awb-width-medium:50%;--awb-spacing-right-medium:40px;--awb-margin-bottom-medium:49px;--awb-spacing-left-medium:calc( 0.032 * calc( 100% - 80px ) );--awb-width-small:100%;--awb-spacing-right-small:40px;--awb-margin-bottom-small:30px;--awb-spacing-left-small:40px;\" data-animationType=\"fadeIn\" data-animationDuration=\"0.8\" data-animationOffset=\"top-into-view\"><div class=\"fusion-column-wrapper fusion-flex-justify-content-flex-start fusion-content-layout-column\"><div class=\"fusion-separator fusion-full-width-sep\" style=\"align-self: center;margin-left: auto;margin-right: auto;margin-top:15px;width:100%;\"><\/div><div class=\"fusion-text fusion-text-1 fusion-text-no-margin\" style=\"--awb-text-color:hsla(var(--awb-color8-h),var(--awb-color8-s),var(--awb-color8-l),calc(var(--awb-color8-a) - 20%));--awb-margin-bottom:10px;\"><p>Tens de defender os interesses dos empregados, manter os la\u00e7os sociais, utilizar da melhor forma os teus or\u00e7amentos de funcionamento e de actividades sociais e culturais (SCA) e demonstrar \u00e0 dire\u00e7\u00e3o que cada euro investido vale a pena.<br \/>\nA plataforma alumni.space oferece-te um espa\u00e7o \u00fanico para reunir empregados e antigos alunos, promover as tuas iniciativas culturais e de solidariedade e criar uma verdadeira comunidade em torno do CSE: eventos, bilheteira, apoio m\u00fatuo, an\u00fancios classificados, quadro de empregos, voluntariado.<\/p>\n<\/div><\/div><\/div><div class=\"fusion-layout-column fusion_builder_column fusion-builder-column-2 fusion_builder_column_1_1 1_1 fusion-flex-column fusion-animated\" style=\"--awb-bg-position:center center;--awb-bg-size:cover;--awb-width-large:100%;--awb-margin-top-large:0px;--awb-spacing-right-large:40px;--awb-margin-bottom-large:20px;--awb-spacing-left-large:40px;--awb-width-medium:100%;--awb-order-medium:0;--awb-spacing-right-medium:40px;--awb-spacing-left-medium:40px;--awb-width-small:100%;--awb-order-small:0;--awb-spacing-right-small:40px;--awb-margin-bottom-small:60px;--awb-spacing-left-small:40px;\" data-animationType=\"fadeInUp\" data-animationDuration=\"0.8\" data-animationOffset=\"top-into-view\" data-scroll-devices=\"small-visibility,medium-visibility,large-visibility\"><div class=\"fusion-column-wrapper fusion-column-has-shadow fusion-flex-justify-content-flex-start fusion-content-layout-column\"><div class=\"fusion-image-element \" style=\"--awb-caption-title-font-family:var(--h2_typography-font-family);--awb-caption-title-font-weight:var(--h2_typography-font-weight);--awb-caption-title-font-style:var(--h2_typography-font-style);--awb-caption-title-size:var(--h2_typography-font-size);--awb-caption-title-transform:var(--h2_typography-text-transform);--awb-caption-title-line-height:var(--h2_typography-line-height);--awb-caption-title-letter-spacing:var(--h2_typography-letter-spacing);\"><span class=\" fusion-imageframe imageframe-none imageframe-1 hover-type-none\"><img decoding=\"async\" width=\"1200\" height=\"705\" title=\"conselho de empresa\" src=\"https:\/\/www.alumni.space\/wp-content\/uploads\/2025\/12\/comite-dentreprise.jpg\" data-orig-src=\"https:\/\/www.alumni.space\/wp-content\/uploads\/2025\/12\/comite-dentreprise.jpg\" alt class=\"lazyload img-responsive wp-image-4181\" srcset=\"data:image\/svg+xml,%3Csvg%20xmlns%3D%27http%3A%2F%2Fwww.w3.org%2F2000%2Fsvg%27%20width%3D%271200%27%20height%3D%27705%27%20viewBox%3D%270%200%201200%20705%27%3E%3Crect%20width%3D%271200%27%20height%3D%27705%27%20fill-opacity%3D%220%22%2F%3E%3C%2Fsvg%3E\" data-srcset=\"https:\/\/www.alumni.space\/wp-content\/uploads\/2025\/12\/comite-dentreprise-200x118.jpg 200w, https:\/\/www.alumni.space\/wp-content\/uploads\/2025\/12\/comite-dentreprise-400x235.jpg 400w, https:\/\/www.alumni.space\/wp-content\/uploads\/2025\/12\/comite-dentreprise-600x353.jpg 600w, https:\/\/www.alumni.space\/wp-content\/uploads\/2025\/12\/comite-dentreprise-800x470.jpg 800w, https:\/\/www.alumni.space\/wp-content\/uploads\/2025\/12\/comite-dentreprise.jpg 1200w\" data-sizes=\"auto\" data-orig-sizes=\"(max-width: 700px) 100vw, 1200px\" \/><\/span><\/div><\/div><\/div><div class=\"fusion-layout-column fusion_builder_column fusion-builder-column-3 fusion_builder_column_1_1 1_1 fusion-flex-column\" style=\"--awb-bg-size:cover;--awb-width-large:100%;--awb-margin-top-large:0px;--awb-spacing-right-large:40px;--awb-margin-bottom-large:0px;--awb-spacing-left-large:40px;--awb-width-medium:100%;--awb-order-medium:0;--awb-spacing-right-medium:40px;--awb-spacing-left-medium:40px;--awb-width-small:100%;--awb-order-small:0;--awb-spacing-right-small:40px;--awb-spacing-left-small:40px;\"><div class=\"fusion-column-wrapper fusion-column-has-shadow fusion-flex-justify-content-flex-start fusion-content-layout-column\"><div class=\"fusion-text fusion-text-2\"><h2>Um contexto de CSE sob press\u00e3o: poder de compra, la\u00e7os sociais e cumprimento<\/h2>\n<p>O CSE disp\u00f5e de dois or\u00e7amentos distintos: um or\u00e7amento de funcionamento (0,20% do sal\u00e1rio bruto entre 50 e 1 999 assalariados, 0,22% a partir de 2 000 assalariados) e um or\u00e7amento para as actividades sociais e culturais, cujo montante \u00e9 fixado por conven\u00e7\u00e3o ou costume.<\/p>\n<p>Simultaneamente, as regras de acesso aos CSA tornaram-se mais rigorosas: em 2024, o Tribunal de Cassa\u00e7\u00e3o reiterou que as presta\u00e7\u00f5es dos CSE devem ser acess\u00edveis a todos os trabalhadores e estagi\u00e1rios sem discrimina\u00e7\u00e3o, nomeadamente em termos de antiguidade, sob pena de perda das isen\u00e7\u00f5es sociais associadas.<\/p>\n<p>O resultado \u00e9 que os representantes eleitos t\u00eam de fazer mais, para mais pessoas, com um or\u00e7amento muitas vezes apertado. \u00c9 por isso que \u00e9 t\u00e3o importante ter uma plataforma que estruture as tuas ac\u00e7\u00f5es, evite o desperd\u00edcio de informa\u00e7\u00e3o e promova cada iniciativa social ou cultural junto dos empregados e dos antigos alunos. <\/p>\n<h2>O que o alumni.space te traz do lado do CSE<\/h2>\n<p>O Alumni.space \u00e9 uma solu\u00e7\u00e3o chave-na-m\u00e3o de gest\u00e3o de comunidades e de tutoria, explicitamente concebida para conselhos de empresa e CES.<\/p>\n<p>Permite-te transformar o teu CSE num verdadeiro centro comunit\u00e1rio, combinando benef\u00edcios, conv\u00edvio e apoio m\u00fatuo. Em termos pr\u00e1ticos, a plataforma ajuda-te a : <\/p>\n<ul>\n<li>anima uma rede de funcion\u00e1rios e antigos alunos em torno de eventos, not\u00edcias e projectos conjuntos;<\/li>\n<li>d\u00e1 visibilidade \u00e0s tuas presta\u00e7\u00f5es, \u00e0s tuas vendas de bilhetes e \u00e0s tuas iniciativas culturais ou de solidariedade;<\/li>\n<li>fornecer aos representantes eleitos as ferramentas necess\u00e1rias para acompanhar o empenho dos benefici\u00e1rios e promover o impacto das tuas ac\u00e7\u00f5es junto da administra\u00e7\u00e3o.<\/li>\n<\/ul>\n<h2>Orienta e promove melhor as tuas actividades sociais e culturais<\/h2>\n<p>O or\u00e7amento CSA tem por objetivo melhorar as condi\u00e7\u00f5es de vida e o poder de compra dos assalariados atrav\u00e9s de actividades sociais e culturais, tais como bilhetes, lazer, cultura, desporto e cheques-prenda.<\/p>\n<p>Com o alumni.space, disp\u00f5es de um espa\u00e7o \u00fanico onde podes apresentar claramente estes benef\u00edcios, explicar os teus crit\u00e9rios de atribui\u00e7\u00e3o e acompanhar a utiliza\u00e7\u00e3o efectiva dos regimes. As funcionalidades de eventos, emiss\u00e3o de bilhetes e comunica\u00e7\u00e3o tornam-no um suporte natural para justificar a utiliza\u00e7\u00e3o do teu or\u00e7amento CSB e preparar os teus relat\u00f3rios anuais para os empregados. <\/p>\n<h2>Faz com que os teus eventos de CSE sejam um sucesso e refor\u00e7a a coes\u00e3o social<\/h2>\n<p>Os eventos est\u00e3o no centro das actividades do CSE: sa\u00eddas ao teatro ou ao cinema, viagens, ser\u00f5es de empresa, ateliers familiares, reuni\u00f5es de QVT, etc.<\/p>\n<p>O Alumni.space inclui a gest\u00e3o de eventos com emiss\u00e3o integrada de bilhetes, a capacidade de oferecer tarifas preferenciais e de substituir certos benef\u00edcios perdidos dos EC, em particular nas sa\u00eddas culturais.<\/p>\n<p>Para os eleitos, \u00e9 uma forma de centralizar as inscri\u00e7\u00f5es, as listas de participantes e as comunica\u00e7\u00f5es, ao mesmo tempo que d\u00e1 aos empregados uma vis\u00e3o clara de toda a oferta do CSE, incluindo quando os antigos alunos s\u00e3o convidados para determinados encontros de conv\u00edvio.<\/p>\n<h2>Refor\u00e7ar a comunica\u00e7\u00e3o do CSE com os trabalhadores e antigos trabalhadores<\/h2>\n<p>Um conselho de empresa eficaz \u00e9 aquele que \u00e9 f\u00e1cil de compreender. No entanto, muitos organismos t\u00eam dificuldade em tornar as suas ac\u00e7\u00f5es vis\u00edveis para al\u00e9m de alguns e-mails ou cartazes. <\/p>\n<p>Com o alumni.space, beneficia de ferramentas concebidas para manter esta liga\u00e7\u00e3o ao longo do tempo:<\/p>\n<ul>\n<li>um espa\u00e7o de informa\u00e7\u00e3o para o Grupo e o CSE, para transmitir as tuas decis\u00f5es, os teus projectos e as tuas grandes ac\u00e7\u00f5es;<\/li>\n<li>uma biblioteca de documentos para centralizar os teus relat\u00f3rios, guias pr\u00e1ticos, explica\u00e7\u00f5es sobre as CSA ou a medicina do trabalho;<\/li>\n<li>feeds de informa\u00e7\u00e3o (por exemplo, via RSS) para destacar informa\u00e7\u00f5es da empresa que sejam \u00fateis para os empregados;<\/li>\n<li>uma rede social interna, onde os membros podem comentar, partilhar e dar feedback sobre as suas necessidades e ideias.<\/li>\n<\/ul>\n<p>Desta forma, os teus empregados ter\u00e3o uma melhor compreens\u00e3o do que o CSE faz, de como podem beneficiar dele e de como podem contribuir para ele, mesmo quando se tornarem antigos empregados.<\/p>\n<h2>Apoiar o poder de compra e a coopta\u00e7\u00e3o no mesmo espa\u00e7o<\/h2>\n<p>O CSE \u00e9 um ator-chave no poder de compra atrav\u00e9s do ASC, mas tamb\u00e9m um facilitador de percursos profissionais. O s\u00edtio Web alumni.space oferece um quadro de empregos e ferramentas de coopta\u00e7\u00e3o para fazer circular as ofertas de emprego entre os membros da comunidade. <\/p>\n<p>Para um CSE, isto abre duas perspectivas: apoiar a empregabilidade dos empregados e antigos empregados e encorajar o recrutamento por recomenda\u00e7\u00e3o dentro de uma rede de confian\u00e7a. Para al\u00e9m dos teus benef\u00edcios financeiros tradicionais, ofereces uma forma muito pr\u00e1tica de garantir percursos profissionais. <\/p>\n<h2>Apoiar iniciativas de solidariedade e intergeracionais<\/h2>\n<p>O CSE tem tamb\u00e9m um papel social a desempenhar: apoio em momentos dif\u00edceis, iniciativas de solidariedade, aten\u00e7\u00e3o \u00e0s fam\u00edlias. Alumni.space inclui v\u00e1rios elementos que refor\u00e7am este aspeto humano: <\/p>\n<ul>\n<li>um di\u00e1rio de nascimentos e mortes, para assinalar momentos importantes da vida dos empregados e das suas fam\u00edlias;<\/li>\n<li>um espa\u00e7o de voluntariado, para organizar iniciativas de solidariedade e envolver os trabalhadores e antigos trabalhadores em causas comuns;<\/li>\n<li>eventos que re\u00fanem diferentes gera\u00e7\u00f5es (activos, reformados, jovens recrutas, veteranos), para dar vida \u00e0 cultura da empresa para al\u00e9m do contrato de trabalho.<\/li>\n<\/ul>\n<p>Desta forma, podes tornar vis\u00edveis e documentar as tuas iniciativas de solidariedade, o que facilita a tua comunica\u00e7\u00e3o sobre a RSE e as tuas trocas com a dire\u00e7\u00e3o.<\/p>\n<h2>Carater\u00edsticas concebidas para satisfazer as necessidades dos membros do conselho de empresa<\/h2>\n<p>Al\u00e9m de ser de f\u00e1cil utiliza\u00e7\u00e3o, o alumni.space funciona como um verdadeiro instrumento de gest\u00e3o para os eleitos e os comit\u00e9s. Em particular, a plataforma oferece-te : <\/p>\n<ul>\n<li><strong>Perfis melhorados e rede social interna<\/strong><br \/>\nCada membro tem um perfil com interesses, sectores e compet\u00eancias. Isto permite identificar os pontos de contacto para as tuas ac\u00e7\u00f5es (cultura, desporto, solidariedade, seguran\u00e7a, etc.) e incluir antigos membros em determinados projectos. <\/li>\n<li><strong>Alertas de eventos e subscri\u00e7\u00f5es por zona<\/strong><br \/>\nOs empregados podem subscrever eventos por localiza\u00e7\u00e3o ou tema, ajudando-te a direcionar os teus convites e ofertas com maior precis\u00e3o.<\/li>\n<li><strong>\u00c1reas tem\u00e1ticas para o teu CSA<\/strong><br \/>\nClassificados internos, bilheteira, quadro de empregos, taxas de ades\u00e3o: cada componente pode ser organizado numa sec\u00e7\u00e3o clara, de acordo com a separa\u00e7\u00e3o dos teus or\u00e7amentos (operacional \/ CSA).<\/li>\n<li><strong>Estat\u00edsticas de utiliza\u00e7\u00e3o com Matomo<\/strong><br \/>\nA plataforma utiliza Matomo, uma ferramenta de medi\u00e7\u00e3o de audi\u00eancias recomendada pela CNIL, para acompanhar a utiliza\u00e7\u00e3o do s\u00edtio e objetivar o compromisso com as tuas ac\u00e7\u00f5es.<\/li>\n<li><strong>Indexa\u00e7\u00e3o controlada do Google<\/strong><br \/>\nMant\u00e9m o controlo sobre o n\u00edvel de visibilidade externa do seu s\u00edtio (por exemplo, indexar apenas a p\u00e1gina inicial), o que permite conciliar transpar\u00eancia, confidencialidade e pol\u00edtica de comunica\u00e7\u00e3o interna.<\/li>\n<\/ul>\n<h2>Uma solu\u00e7\u00e3o simples para o financiamento e a implanta\u00e7\u00e3o de um CES<\/h2>\n<p>O or\u00e7amento de funcionamento do CEE pode ser utilizado para financiar as ferramentas necess\u00e1rias ao desempenho das suas fun\u00e7\u00f5es, nomeadamente a comunica\u00e7\u00e3o e os meios digitais. V\u00e1rios guias e ac\u00f3rd\u00e3os indicaram que um s\u00edtio Web do CEE pode ser abrangido por este quadro, desde que sirva a sua miss\u00e3o econ\u00f3mica e social. <\/p>\n<p>Alumni.space prop\u00f5e um modelo de neg\u00f3cio transparente: uma taxa de instala\u00e7\u00e3o, depois uma assinatura mensal sem publicidade, com um lan\u00e7amento anunciado em 15 dias e uma navega\u00e7\u00e3o destinada a todas as gera\u00e7\u00f5es, incluindo os reformados.<\/p>\n<p>Para um CES, \u00e9 a oportunidade de apoiar a sua comunica\u00e7\u00e3o e parte da sua CSA com uma ferramenta profissional, sem lan\u00e7ar um projeto inform\u00e1tico complexo.<\/p>\n<h2>O que ganhas com o CSE<\/h2>\n<p>Ao estruturares a tua comunidade de funcion\u00e1rios e antigos alunos atrav\u00e9s do alumni.space, podes transformar as tuas ac\u00e7\u00f5es numa pol\u00edtica social real, clara e sustent\u00e1vel. Em termos concretos, podes : <\/p>\n<ul>\n<li>promover melhor a utiliza\u00e7\u00e3o dos teus or\u00e7amentos operacionais e de GCS junto dos empregados e da dire\u00e7\u00e3o;<\/li>\n<li>aumentar o poder de compra e o acesso \u00e0 cultura atrav\u00e9s de uma melhor gest\u00e3o da gama de eventos e da venda de bilhetes;<\/li>\n<li>desenvolve um sentimento de perten\u00e7a duradouro, mesmo depois de deixar a empresa;<\/li>\n<li>Apoia a empregabilidade atrav\u00e9s de um quadro de empregos, da coopta\u00e7\u00e3o e do trabalho em rede;<\/li>\n<li>dar uma coer\u00eancia global \u00e0s tuas ac\u00e7\u00f5es sociais, culturais, de solidariedade e intergeracionais.<\/li>\n<\/ul>\n<h2>Pr\u00f3xima etapa: adaptar a plataforma ao teu mandato de CES<\/h2>\n<p>Cada CSE tem a sua pr\u00f3pria hist\u00f3ria, pr\u00e1ticas e prioridades: dimens\u00e3o da empresa, distribui\u00e7\u00e3o geogr\u00e1fica, n\u00edvel or\u00e7amental, cultura social, expectativas dos trabalhadores. O objetivo n\u00e3o \u00e9 acrescentar mais uma ferramenta, mas estruturar o que j\u00e1 fazes e torn\u00e1-lo vis\u00edvel. <\/p>\n<p>Partindo desta base, podemos avan\u00e7ar juntos em tr\u00eas dom\u00ednios:<\/p>\n<ol>\n<li>Clarifica a tua estrat\u00e9gia digital CSE: que p\u00fablicos, que sec\u00e7\u00f5es, que prioridades (poder de compra, cultura, solidariedade, tutoria, antigos alunos, etc.)?<\/li>\n<li>Formaliza um discurso de vendas simples para apresentar a plataforma \u00e0 administra\u00e7\u00e3o e justificar o seu financiamento a partir dos or\u00e7amentos certos.<\/li>\n<li>Elabora um plano de actividades de 12 meses (eventos, publica\u00e7\u00f5es, voluntariado, coopta\u00e7\u00e3o) para que a tua comunidade se aproprie da ferramenta e para que cada a\u00e7\u00e3o do CSE deixe um rasto \u00fatil.<\/li>\n<\/ol>\n<\/div><div ><a class=\"fusion-button button-flat fusion-button-default-size button-custom fusion-button-default button-1 fusion-button-default-span fusion-button-default-type\" style=\"--awb-margin-top:30px;--awb-margin-bottom:30px;--button_accent_color:var(--awb-color1);--button_accent_hover_color:var(--awb-color1);--button_border_hover_color:var(--awb-color1);--button_gradient_top_color:var(--awb-custom_color_2);--button_gradient_bottom_color:var(--awb-custom_color_2);--button_gradient_top_color_hover:var(--awb-custom_color_1);--button_gradient_bottom_color_hover:var(--awb-custom_color_1);--button_text_transform:uppercase;--button_font_size:20px;--button_line_height:var(--awb-typography4-line-height);--button_typography-letter-spacing:var(--awb-typography4-letter-spacing);--button_typography-font-family:&quot;Plus Jakarta Sans&quot;;--button_typography-font-style:normal;--button_typography-font-weight:700;\" target=\"_self\" href=\"https:\/\/www.alumni.space\/pt-pt\/contacto\/\"><span class=\"fusion-button-text awb-button__text awb-button__text--default\">Solicita uma marca\u00e7\u00e3o ou uma demonstra\u00e7\u00e3o<\/span><i class=\"fa-arrow-right fas awb-button__icon awb-button__icon--default button-icon-right\" aria-hidden=\"true\"><\/i><\/a><\/div><\/div><\/div><\/div><\/div>\n","protected":false},"excerpt":{"rendered":"","protected":false},"author":1,"featured_media":0,"parent":3874,"menu_order":0,"comment_status":"closed","ping_status":"closed","template":"100-width.php","meta":{"_ayudawp_aiss_exclude":false,"footnotes":""},"class_list":["post-4180","page","type-page","status-publish","hentry"],"yoast_head":"<!-- This site is optimized with the Yoast SEO plugin v27.4 - https:\/\/yoast.com\/product\/yoast-seo-wordpress\/ -->\n<title>Conselho de empresa - Alumni.space<\/title>\n<meta name=\"robots\" content=\"index, follow, max-snippet:-1, max-image-preview:large, max-video-preview:-1\" \/>\n<link rel=\"canonical\" href=\"https:\/\/www.alumni.space\/pt-pt\/quem-es-tu\/conselho-de-empresa\/\" \/>\n<meta property=\"og:locale\" content=\"pt_PT\" \/>\n<meta property=\"og:type\" content=\"article\" \/>\n<meta property=\"og:title\" content=\"Conselho de empresa - Alumni.space\" \/>\n<meta property=\"og:url\" content=\"https:\/\/www.alumni.space\/pt-pt\/quem-es-tu\/conselho-de-empresa\/\" \/>\n<meta property=\"og:site_name\" content=\"Alumni.space\" \/>\n<meta property=\"article:modified_time\" content=\"2026-03-26T12:00:38+00:00\" \/>\n<meta name=\"twitter:card\" content=\"summary_large_image\" \/>\n<meta name=\"twitter:label1\" content=\"Tempo estimado de leitura\" \/>\n\t<meta name=\"twitter:data1\" content=\"20 minutos\" \/>\n<script type=\"application\/ld+json\" class=\"yoast-schema-graph\">{\"@context\":\"https:\\\/\\\/schema.org\",\"@graph\":[{\"@type\":\"WebPage\",\"@id\":\"https:\\\/\\\/www.alumni.space\\\/pt-pt\\\/quem-es-tu\\\/conselho-de-empresa\\\/\",\"url\":\"https:\\\/\\\/www.alumni.space\\\/pt-pt\\\/quem-es-tu\\\/conselho-de-empresa\\\/\",\"name\":\"Conselho de empresa - Alumni.space\",\"isPartOf\":{\"@id\":\"https:\\\/\\\/www.alumni.space\\\/pt-pt\\\/#website\"},\"datePublished\":\"2025-05-16T15:04:58+00:00\",\"dateModified\":\"2026-03-26T12:00:38+00:00\",\"breadcrumb\":{\"@id\":\"https:\\\/\\\/www.alumni.space\\\/pt-pt\\\/quem-es-tu\\\/conselho-de-empresa\\\/#breadcrumb\"},\"inLanguage\":\"pt-PT\",\"potentialAction\":[{\"@type\":\"ReadAction\",\"target\":[\"https:\\\/\\\/www.alumni.space\\\/pt-pt\\\/quem-es-tu\\\/conselho-de-empresa\\\/\"]}]},{\"@type\":\"BreadcrumbList\",\"@id\":\"https:\\\/\\\/www.alumni.space\\\/pt-pt\\\/quem-es-tu\\\/conselho-de-empresa\\\/#breadcrumb\",\"itemListElement\":[{\"@type\":\"ListItem\",\"position\":1,\"name\":\"Home\",\"item\":\"https:\\\/\\\/www.alumni.space\\\/pt-pt\\\/plataforma-de-gestao-de-mentores-e-antigos-alunos\\\/\"},{\"@type\":\"ListItem\",\"position\":2,\"name\":\"Quem \u00e9s tu?\",\"item\":\"https:\\\/\\\/www.alumni.space\\\/pt-pt\\\/quem-es-tu\\\/\"},{\"@type\":\"ListItem\",\"position\":3,\"name\":\"Conselho de empresa\"}]},{\"@type\":\"WebSite\",\"@id\":\"https:\\\/\\\/www.alumni.space\\\/pt-pt\\\/#website\",\"url\":\"https:\\\/\\\/www.alumni.space\\\/pt-pt\\\/\",\"name\":\"Alumni.space\",\"description\":\"My WordPress Blog\",\"potentialAction\":[{\"@type\":\"SearchAction\",\"target\":{\"@type\":\"EntryPoint\",\"urlTemplate\":\"https:\\\/\\\/www.alumni.space\\\/pt-pt\\\/?s={search_term_string}\"},\"query-input\":{\"@type\":\"PropertyValueSpecification\",\"valueRequired\":true,\"valueName\":\"search_term_string\"}}],\"inLanguage\":\"pt-PT\"}]}<\/script>\n<!-- \/ Yoast SEO plugin. -->","yoast_head_json":{"title":"Conselho de empresa - Alumni.space","robots":{"index":"index","follow":"follow","max-snippet":"max-snippet:-1","max-image-preview":"max-image-preview:large","max-video-preview":"max-video-preview:-1"},"canonical":"https:\/\/www.alumni.space\/pt-pt\/quem-es-tu\/conselho-de-empresa\/","og_locale":"pt_PT","og_type":"article","og_title":"Conselho de empresa - Alumni.space","og_url":"https:\/\/www.alumni.space\/pt-pt\/quem-es-tu\/conselho-de-empresa\/","og_site_name":"Alumni.space","article_modified_time":"2026-03-26T12:00:38+00:00","twitter_card":"summary_large_image","twitter_misc":{"Tempo estimado de leitura":"20 minutos"},"schema":{"@context":"https:\/\/schema.org","@graph":[{"@type":"WebPage","@id":"https:\/\/www.alumni.space\/pt-pt\/quem-es-tu\/conselho-de-empresa\/","url":"https:\/\/www.alumni.space\/pt-pt\/quem-es-tu\/conselho-de-empresa\/","name":"Conselho de empresa - Alumni.space","isPartOf":{"@id":"https:\/\/www.alumni.space\/pt-pt\/#website"},"datePublished":"2025-05-16T15:04:58+00:00","dateModified":"2026-03-26T12:00:38+00:00","breadcrumb":{"@id":"https:\/\/www.alumni.space\/pt-pt\/quem-es-tu\/conselho-de-empresa\/#breadcrumb"},"inLanguage":"pt-PT","potentialAction":[{"@type":"ReadAction","target":["https:\/\/www.alumni.space\/pt-pt\/quem-es-tu\/conselho-de-empresa\/"]}]},{"@type":"BreadcrumbList","@id":"https:\/\/www.alumni.space\/pt-pt\/quem-es-tu\/conselho-de-empresa\/#breadcrumb","itemListElement":[{"@type":"ListItem","position":1,"name":"Home","item":"https:\/\/www.alumni.space\/pt-pt\/plataforma-de-gestao-de-mentores-e-antigos-alunos\/"},{"@type":"ListItem","position":2,"name":"Quem \u00e9s tu?","item":"https:\/\/www.alumni.space\/pt-pt\/quem-es-tu\/"},{"@type":"ListItem","position":3,"name":"Conselho de empresa"}]},{"@type":"WebSite","@id":"https:\/\/www.alumni.space\/pt-pt\/#website","url":"https:\/\/www.alumni.space\/pt-pt\/","name":"Alumni.space","description":"My WordPress Blog","potentialAction":[{"@type":"SearchAction","target":{"@type":"EntryPoint","urlTemplate":"https:\/\/www.alumni.space\/pt-pt\/?s={search_term_string}"},"query-input":{"@type":"PropertyValueSpecification","valueRequired":true,"valueName":"search_term_string"}}],"inLanguage":"pt-PT"}]}},"_links":{"self":[{"href":"https:\/\/www.alumni.space\/pt-pt\/wp-json\/wp\/v2\/pages\/4180","targetHints":{"allow":["GET"]}}],"collection":[{"href":"https:\/\/www.alumni.space\/pt-pt\/wp-json\/wp\/v2\/pages"}],"about":[{"href":"https:\/\/www.alumni.space\/pt-pt\/wp-json\/wp\/v2\/types\/page"}],"author":[{"embeddable":true,"href":"https:\/\/www.alumni.space\/pt-pt\/wp-json\/wp\/v2\/users\/1"}],"replies":[{"embeddable":true,"href":"https:\/\/www.alumni.space\/pt-pt\/wp-json\/wp\/v2\/comments?post=4180"}],"version-history":[{"count":2,"href":"https:\/\/www.alumni.space\/pt-pt\/wp-json\/wp\/v2\/pages\/4180\/revisions"}],"predecessor-version":[{"id":4214,"href":"https:\/\/www.alumni.space\/pt-pt\/wp-json\/wp\/v2\/pages\/4180\/revisions\/4214"}],"up":[{"embeddable":true,"href":"https:\/\/www.alumni.space\/pt-pt\/wp-json\/wp\/v2\/pages\/3874"}],"wp:attachment":[{"href":"https:\/\/www.alumni.space\/pt-pt\/wp-json\/wp\/v2\/media?parent=4180"}],"curies":[{"name":"wp","href":"https:\/\/api.w.org\/{rel}","templated":true}]}}