{"id":3932,"date":"2025-12-17T07:59:40","date_gmt":"2025-12-17T07:59:40","guid":{"rendered":"https:\/\/www.alumni.space\/termos-e-condicoes-gerais-de-acesso-e-utilizacao\/"},"modified":"2026-03-26T11:59:05","modified_gmt":"2026-03-26T11:59:05","slug":"termos-e-condicoes-gerais-de-acesso-e-utilizacao","status":"publish","type":"page","link":"https:\/\/www.alumni.space\/pt-pt\/termos-e-condicoes-gerais-de-acesso-e-utilizacao\/","title":{"rendered":"Termos e condi\u00e7\u00f5es gerais de acesso e utiliza\u00e7\u00e3o"},"content":{"rendered":"<div class=\"fusion-fullwidth fullwidth-box fusion-builder-row-1 fusion-flex-container has-pattern-background has-mask-background nonhundred-percent-fullwidth non-hundred-percent-height-scrolling\" style=\"--awb-border-radius-top-left:0px;--awb-border-radius-top-right:0px;--awb-border-radius-bottom-right:0px;--awb-border-radius-bottom-left:0px;--awb-flex-wrap:wrap;\" ><div class=\"fusion-builder-row fusion-row fusion-flex-align-items-flex-start fusion-flex-content-wrap\" style=\"max-width:1248px;margin-left: calc(-4% \/ 2 );margin-right: calc(-4% \/ 2 );\"><div class=\"fusion-layout-column fusion_builder_column fusion-builder-column-0 fusion_builder_column_1_1 1_1 fusion-flex-column\" style=\"--awb-bg-size:cover;--awb-width-large:100%;--awb-margin-top-large:0px;--awb-spacing-right-large:1.92%;--awb-margin-bottom-large:20px;--awb-spacing-left-large:1.92%;--awb-width-medium:100%;--awb-order-medium:0;--awb-spacing-right-medium:1.92%;--awb-spacing-left-medium:1.92%;--awb-width-small:100%;--awb-order-small:0;--awb-spacing-right-small:1.92%;--awb-spacing-left-small:1.92%;\"><div class=\"fusion-column-wrapper fusion-column-has-shadow fusion-flex-justify-content-flex-start fusion-content-layout-column\"><div class=\"fusion-text fusion-text-1\"><div class=\"post-content\">\n<div class=\"fusion-fullwidth fullwidth-box fusion-builder-row-1 fusion-flex-container nonhundred-percent-fullwidth non-hundred-percent-height-scrolling\">\n<div class=\"fusion-builder-row fusion-row fusion-flex-align-items-flex-start fusion-flex-content-wrap\">\n<div class=\"fusion-layout-column fusion_builder_column fusion-builder-column-0 fusion_builder_column_1_1 1_1 fusion-flex-column\">\n<div class=\"fusion-column-wrapper fusion-flex-justify-content-flex-start fusion-content-layout-column\">\n<div class=\"fusion-text fusion-text-1\">\n<h2 class=\"fusion-responsive-typography-calculated\" data-fontsize=\"18\" data-lineheight=\"27px\">TERMOS E CONDI\u00c7\u00d5ES GERAIS DE ACESSO E UTILIZA\u00c7\u00c3O<\/h2>\n<h3 class=\"fusion-responsive-typography-calculated\" data-fontsize=\"16\" data-lineheight=\"24px\">ASSUNTO<\/h3>\n<p>O objetivo do s\u00edtio Web www.alumni.space (o &#8220;S\u00edtio Web&#8221;) \u00e9 fornecer informa\u00e7\u00f5es sobre a alumni.space e as empresas\/subsidi\u00e1rias\/marcas que a comp\u00f5em, tanto aos empregados da alumni.space como a qualquer p\u00fablico profissional ou privado que deseje conhecer o Grupo e as suas realiza\u00e7\u00f5es (os &#8220;Utilizadores&#8221;).<br \/>\nA informa\u00e7\u00e3o \u00e9 fornecida como parte de uma informa\u00e7\u00e3o geral, sem garantia de adequa\u00e7\u00e3o a um determinado fim de utiliza\u00e7\u00e3o. alumni.space pode modificar, atualizar, a qualquer momento, sem aviso pr\u00e9vio.<br \/>\nToda a informa\u00e7\u00e3o contida no s\u00edtio Web e, de um modo mais geral, todos os elementos, incluindo software, dados, textos, gr\u00e1ficos, imagens, sons, v\u00eddeos, log\u00f3tipos, s\u00edmbolos, c\u00f3digo html, doravante designados por &#8220;Conte\u00fado&#8221;, s\u00e3o disponibilizados aos utilizadores apenas para fins informativos. N\u00e3o podem, em caso algum, ser interpretados como uma oferta comercial, uma licen\u00e7a, um conselho ou uma rela\u00e7\u00e3o profissional entre o utilizador e alumni.space. O Conte\u00fado disponibilizado neste s\u00edtio n\u00e3o exonera o utilizador de proceder por si pr\u00f3prio ao controlo das informa\u00e7\u00f5es fornecidas.<br \/>\nA utiliza\u00e7\u00e3o do s\u00edtio est\u00e1 sujeita ao respeito das Condi\u00e7\u00f5es Gerais de Utiliza\u00e7\u00e3o do s\u00edtio, tal como detalhadas abaixo, e das leis aplic\u00e1veis em Fran\u00e7a. Qualquer pessoa que aceda ao s\u00edtio aceita as Condi\u00e7\u00f5es de Utiliza\u00e7\u00e3o do s\u00edtio e compromete-se a respeit\u00e1-las.<br \/>\nOs termos &#8220;n\u00f3s&#8221;, &#8220;nos&#8221;, &#8220;nosso&#8221; referem-se a alumni.space ou a qualquer outra filial do grupo em geral.    <\/p>\n<h3 class=\"fusion-responsive-typography-calculated\" data-fontsize=\"16\" data-lineheight=\"24px\">LIGA\u00c7\u00d5ES DE HIPERTEXTO<\/h3>\n<p>O s\u00edtio pode conter liga\u00e7\u00f5es de hipertexto para outros s\u00edtios ou outras fontes da Internet que n\u00e3o s\u00e3o operados nem controlados por alumni.space.<\/p>\n<p><strong>Ativa\u00e7\u00e3o de liga\u00e7\u00f5es<\/strong><br \/>\nalumni.space n\u00e3o pode ser responsabilizada por estes s\u00edtios, pelo seu conte\u00fado, funcionamento, atualiza\u00e7\u00e3o, conformidade e exatid\u00e3o, nem pela utiliza\u00e7\u00e3o que deles possa ser feita pelos utilizadores, incluindo os danos causados por v\u00edrus ou malware propagados durante a liga\u00e7\u00e3o a fontes externas.<br \/>\n\u00c9 da responsabilidade dos utilizadores da Internet tomar todas as medidas adequadas para proteger o seu hardware, dados ou software, nomeadamente contra os v\u00edrus inform\u00e1ticos que circulam na rede.<\/p>\n<p><strong>Autoriza\u00e7\u00e3o de liga\u00e7\u00f5es<\/strong><br \/>\nSe pretenderes criar uma liga\u00e7\u00e3o de hipertexto para este s\u00edtio Web, tens de obter uma autoriza\u00e7\u00e3o pr\u00e9via por escrito da alumni.space, utilizando os dados de contacto abaixo indicados.<\/p>\n<h3 class=\"fusion-responsive-typography-calculated\" data-fontsize=\"16\" data-lineheight=\"24px\">DIREITOS DE PROPRIEDADE INTELECTUAL<\/h3>\n<p>Este s\u00edtio Web est\u00e1 protegido por direitos de propriedade intelectual, incluindo, mas n\u00e3o se limitando a, marcas registadas, direitos de autor, desenhos, o direito sui generis do produtor da base de dados, etc. e \u00e9 propriedade exclusiva de alumni.space.<br \/>\nO seu Conte\u00fado, incluindo, mas n\u00e3o limitado a, texto, dados, gr\u00e1ficos, imagens, som, v\u00eddeo, log\u00f3tipos, \u00edcones, c\u00f3digo html, est\u00e1 protegido pela lei de propriedade intelectual e continua a ser propriedade de alumni.space ou de terceiros autorizados.<br \/>\n\u00c9 estritamente proibida qualquer reprodu\u00e7\u00e3o, representa\u00e7\u00e3o, utiliza\u00e7\u00e3o ou modifica\u00e7\u00e3o, por qualquer meio e em qualquer suporte, no todo ou em parte, do s\u00edtio, de um ou mais dos seus componentes e\/ou das marcas nele reproduzidas, sem o consentimento escrito da alumni.space.<br \/>\nO facto de alumni.space n\u00e3o iniciar procedimentos logo que tenha conhecimento destas utiliza\u00e7\u00f5es n\u00e3o autorizadas n\u00e3o implica a aceita\u00e7\u00e3o das referidas utiliza\u00e7\u00f5es e a ren\u00fancia a um processo judicial. Nenhum direito impl\u00edcito ou licen\u00e7a pode ser atribu\u00eddo a qualquer um destes elementos sem a autoriza\u00e7\u00e3o por escrito de alumni.space ou do terceiro detentor dos direitos.<br \/>\nNo entanto, o utilizador est\u00e1 autorizado a representar e\/ou reproduzir elementos do s\u00edtio para uso exclusivamente privado, sujeito a indicar sistematicamente qualquer men\u00e7\u00e3o de direitos de autor ou outros direitos de propriedade intelectual que possam aparecer nas p\u00e1ginas do s\u00edtio que ser\u00e3o reproduzidas. <\/p>\n<p><strong>Base(s) de dados<\/strong><br \/>\nalumni.space pro\u00edbe expressamente qualquer reutiliza\u00e7\u00e3o, reprodu\u00e7\u00e3o ou extra\u00e7\u00e3o de elementos das bases de dados contidas no s\u00edtio Web. Qualquer reutiliza\u00e7\u00e3o, reprodu\u00e7\u00e3o ou extra\u00e7\u00e3o n\u00e3o autorizada implicar\u00e1 a responsabilidade do utilizador. <\/p>\n<p><strong>Direitos de imagem<\/strong><br \/>\nOs clientes, parceiros e, de uma forma mais geral, todas as pessoas representadas nas fotografias e filmes publicados neste site consentiram a utiliza\u00e7\u00e3o da sua imagem em campanhas produzidas para a alumni.space, para as suas marcas, para as suas empresas ou para os seus parceiros, clientes, gestores de projectos ou subcontratados.<br \/>\nOs colaboradores e dirigentes da alumni.space cujas imagens s\u00e3o utilizadas neste s\u00edtio deram o seu consentimento para a utiliza\u00e7\u00e3o destes documentos iconogr\u00e1ficos no \u00e2mbito da comunica\u00e7\u00e3o externa do Grupo.<br \/>\nOs utilizadores do s\u00edtio n\u00e3o podem fazer qualquer reprodu\u00e7\u00e3o, representa\u00e7\u00e3o ou utiliza\u00e7\u00e3o destas fotografias e filmes sem o consentimento pr\u00e9vio por escrito da alumni.space. Qualquer utiliza\u00e7\u00e3o, mesmo parcial, destes documentos, em viola\u00e7\u00e3o da obriga\u00e7\u00e3o acima referida, exp\u00f5e o seu autor a ac\u00e7\u00f5es judiciais. <\/p>\n<h3 class=\"fusion-responsive-typography-calculated\" data-fontsize=\"16\" data-lineheight=\"24px\">RESPONSABILIDADES E GARANTIAS<\/h3>\n<p>O Conte\u00fado \u00e9 fornecido &#8220;tal como est\u00e1&#8221;, sem qualquer garantia de qualquer tipo, expressa ou impl\u00edcita, e em particular sem qualquer garantia de que o Conte\u00fado satisfaz as necessidades do utilizador ou de que o Conte\u00fado est\u00e1 atualizado.<\/p>\n<p>A alumni.space esfor\u00e7a-se por fornecer conte\u00fados fi\u00e1veis no seu s\u00edtio Web, mas n\u00e3o garante que o seu s\u00edtio Web esteja isento de imprecis\u00f5es, erros tipogr\u00e1ficos, omiss\u00f5es e\/ou v\u00edrus.<\/p>\n<p>A alumni.space reserva-se o direito de efetuar melhorias e\/ou altera\u00e7\u00f5es ao Conte\u00fado em qualquer altura e sem aviso pr\u00e9vio.<\/p>\n<p>A alumni.space n\u00e3o garante os resultados da utiliza\u00e7\u00e3o de qualquer software dispon\u00edvel no seu s\u00edtio Web. O utilizador \u00e9 o \u00fanico respons\u00e1vel por qualquer utiliza\u00e7\u00e3o da informa\u00e7\u00e3o contida neste s\u00edtio Web. <\/p>\n<p>A alumni.space declina qualquer responsabilidade em caso de interrup\u00e7\u00e3o, suspens\u00e3o ou mau funcionamento do s\u00edtio Web, perda de dados ou ocorr\u00eancia de bugs.<\/p>\n<p>a alumni.space n\u00e3o ser\u00e1 respons\u00e1vel por quaisquer danos indirectos resultantes da utiliza\u00e7\u00e3o deste s\u00edtio web ou de outros s\u00edtios web a ele ligados, mesmo que a alumni.space tenha sido avisada da possibilidade de tais danos.<\/p>\n<h3 class=\"fusion-responsive-typography-calculated\" data-fontsize=\"16\" data-lineheight=\"24px\">COMPROMISSOS DO UTILIZADOR<\/h3>\n<p>As informa\u00e7\u00f5es fornecidas pelos utilizadores ao alumni.space ser\u00e3o consideradas n\u00e3o confidenciais. No entanto, se as informa\u00e7\u00f5es fornecidas constitu\u00edrem dados pessoais na ace\u00e7\u00e3o da legisla\u00e7\u00e3o aplic\u00e1vel, ser\u00e3o tratadas em conformidade com a Pol\u00edtica de Prote\u00e7\u00e3o de Dados Pessoais aplic\u00e1vel.<br \/>\nCada utilizador do s\u00edtio Web declara cumprir as presentes condi\u00e7\u00f5es gerais de utiliza\u00e7\u00e3o e, em particular, que: <\/p>\n<ul>\n<li>garante que qualquer informa\u00e7\u00e3o, ou elemento, projeto, ficheiro ou coment\u00e1rio que n\u00e3o sejam dados pessoais, que o utilizador possa transmitir a alumni.space atrav\u00e9s do s\u00edtio Web, n\u00e3o viola qualquer direito de propriedade intelectual de terceiros ou qualquer outra lei aplic\u00e1vel.<\/li>\n<li>verifica se a configura\u00e7\u00e3o do computador utilizado est\u00e1 livre de v\u00edrus e em perfeito estado de funcionamento;<\/li>\n<li>concede \u00e0 alumni.space, \u00e0s suas subsidi\u00e1rias e parceiros o direito de utilizar qualquer informa\u00e7\u00e3o fornecida (para al\u00e9m dos dados pessoais);<\/li>\n<li>A alumni.space reserva-se o direito de suspender o teu acesso ao s\u00edtio Web em caso de utiliza\u00e7\u00e3o fraudulenta ou de tentativa de utiliza\u00e7\u00e3o fraudulenta deste acesso. <\/li>\n<\/ul>\n<h3 class=\"fusion-responsive-typography-calculated\" data-fontsize=\"16\" data-lineheight=\"24px\">DADOS PESSOAIS E COOKIES<\/h3>\n<p>Consulta a nossa  <a href=\"https:\/\/www.alumni.space\/donnees-personnelles\/\">Pol\u00edtica de prote\u00e7\u00e3o de dados pessoais<\/a><\/p>\n<h3 class=\"fusion-responsive-typography-calculated\" data-fontsize=\"16\" data-lineheight=\"24px\">MUDAR<\/h3>\n<p>A alumni.space reserva-se o direito de modificar e\/ou atualizar, em qualquer momento, o acesso ao s\u00edtio e as condi\u00e7\u00f5es gerais de utiliza\u00e7\u00e3o. Estas modifica\u00e7\u00f5es e actualiza\u00e7\u00f5es s\u00e3o vinculativas para o utilizador, que deve, portanto, consultar regularmente esta sec\u00e7\u00e3o para verificar as Condi\u00e7\u00f5es Gerais em vigor. <\/p>\n<p>A alumni.space reserva-se o direito de modificar e\/ou eliminar a totalidade ou parte do s\u00edtio Web sem aviso pr\u00e9vio aos utilizadores.<\/p>\n<p>A alumni.space declina toda a responsabilidade por quaisquer dificuldades encontradas no acesso ao seu s\u00edtio Web ou por qualquer falha de comunica\u00e7\u00e3o.<\/p>\n<h3 class=\"fusion-responsive-typography-calculated\" data-fontsize=\"16\" data-lineheight=\"24px\">CONTACTO<\/h3>\n<p>Se tiveres alguma d\u00favida sobre as condi\u00e7\u00f5es de utiliza\u00e7\u00e3o do s\u00edtio Web, contacta-nos por correio eletr\u00f3nico atrav\u00e9s do formul\u00e1rio de contacto ou para o seguinte endere\u00e7o  <a href=\"mailto:contact@poleetic.com\">contact@poleetic.com<\/a><\/p>\n<h3 class=\"fusion-responsive-typography-calculated\" data-fontsize=\"16\" data-lineheight=\"24px\">LEGISLA\u00c7\u00c3O APLIC\u00c1VEL<\/h3>\n<p>O s\u00edtio Web est\u00e1 redigido em franc\u00eas, ingl\u00eas e espanhol. Em caso de lit\u00edgio, prevalece a l\u00edngua francesa. As presentes Condi\u00e7\u00f5es Gerais de Utiliza\u00e7\u00e3o s\u00e3o regidas pelo direito franc\u00eas. Qualquer lit\u00edgio relativo \u00e0 aplica\u00e7\u00e3o, execu\u00e7\u00e3o e\/ou interpreta\u00e7\u00e3o das presentes Condi\u00e7\u00f5es Gerais de Utiliza\u00e7\u00e3o ser\u00e1 submetido aos tribunais competentes da regi\u00e3o de Paris, sob reserva de uma atribui\u00e7\u00e3o espec\u00edfica de compet\u00eancia decorrente de um texto legal ou regulamentar particular.   <\/p>\n<p>A alumni.space reserva-se o direito de tomar medidas legais em caso de incumprimento de qualquer um destes Termos e Condi\u00e7\u00f5es de Utiliza\u00e7\u00e3o.<\/p>\n<\/div>\n<\/div>\n<\/div>\n<\/div>\n<\/div>\n<\/div>\n<\/div><\/div><\/div><\/div><\/div>\n","protected":false},"excerpt":{"rendered":"","protected":false},"author":1,"featured_media":0,"parent":0,"menu_order":0,"comment_status":"closed","ping_status":"closed","template":"100-width.php","meta":{"_ayudawp_aiss_exclude":false,"footnotes":""},"class_list":["post-3932","page","type-page","status-publish","hentry"],"yoast_head":"<!-- This site is optimized with the Yoast SEO plugin v27.4 - https:\/\/yoast.com\/product\/yoast-seo-wordpress\/ -->\n<title>Termos e condi\u00e7\u00f5es gerais de acesso e utiliza\u00e7\u00e3o - Alumni.space<\/title>\n<meta name=\"robots\" content=\"index, follow, max-snippet:-1, max-image-preview:large, max-video-preview:-1\" \/>\n<link rel=\"canonical\" href=\"https:\/\/www.alumni.space\/pt-pt\/termos-e-condicoes-gerais-de-acesso-e-utilizacao\/\" \/>\n<meta property=\"og:locale\" content=\"pt_PT\" \/>\n<meta property=\"og:type\" content=\"article\" \/>\n<meta property=\"og:title\" content=\"Termos e condi\u00e7\u00f5es gerais de acesso e utiliza\u00e7\u00e3o - Alumni.space\" \/>\n<meta property=\"og:url\" content=\"https:\/\/www.alumni.space\/pt-pt\/termos-e-condicoes-gerais-de-acesso-e-utilizacao\/\" \/>\n<meta property=\"og:site_name\" content=\"Alumni.space\" \/>\n<meta property=\"article:modified_time\" content=\"2026-03-26T11:59:05+00:00\" \/>\n<meta name=\"twitter:card\" content=\"summary_large_image\" \/>\n<meta name=\"twitter:label1\" content=\"Tempo estimado de leitura\" \/>\n\t<meta name=\"twitter:data1\" content=\"14 minutos\" \/>\n<script type=\"application\/ld+json\" class=\"yoast-schema-graph\">{\"@context\":\"https:\\\/\\\/schema.org\",\"@graph\":[{\"@type\":\"WebPage\",\"@id\":\"https:\\\/\\\/www.alumni.space\\\/pt-pt\\\/termos-e-condicoes-gerais-de-acesso-e-utilizacao\\\/\",\"url\":\"https:\\\/\\\/www.alumni.space\\\/pt-pt\\\/termos-e-condicoes-gerais-de-acesso-e-utilizacao\\\/\",\"name\":\"Termos e condi\u00e7\u00f5es gerais de acesso e utiliza\u00e7\u00e3o - Alumni.space\",\"isPartOf\":{\"@id\":\"https:\\\/\\\/www.alumni.space\\\/pt-pt\\\/#website\"},\"datePublished\":\"2025-12-17T07:59:40+00:00\",\"dateModified\":\"2026-03-26T11:59:05+00:00\",\"breadcrumb\":{\"@id\":\"https:\\\/\\\/www.alumni.space\\\/pt-pt\\\/termos-e-condicoes-gerais-de-acesso-e-utilizacao\\\/#breadcrumb\"},\"inLanguage\":\"pt-PT\",\"potentialAction\":[{\"@type\":\"ReadAction\",\"target\":[\"https:\\\/\\\/www.alumni.space\\\/pt-pt\\\/termos-e-condicoes-gerais-de-acesso-e-utilizacao\\\/\"]}]},{\"@type\":\"BreadcrumbList\",\"@id\":\"https:\\\/\\\/www.alumni.space\\\/pt-pt\\\/termos-e-condicoes-gerais-de-acesso-e-utilizacao\\\/#breadcrumb\",\"itemListElement\":[{\"@type\":\"ListItem\",\"position\":1,\"name\":\"Home\",\"item\":\"https:\\\/\\\/www.alumni.space\\\/pt-pt\\\/plataforma-de-gestao-de-mentores-e-antigos-alunos\\\/\"},{\"@type\":\"ListItem\",\"position\":2,\"name\":\"Termos e condi\u00e7\u00f5es gerais de acesso e utiliza\u00e7\u00e3o\"}]},{\"@type\":\"WebSite\",\"@id\":\"https:\\\/\\\/www.alumni.space\\\/pt-pt\\\/#website\",\"url\":\"https:\\\/\\\/www.alumni.space\\\/pt-pt\\\/\",\"name\":\"Alumni.space\",\"description\":\"My WordPress Blog\",\"potentialAction\":[{\"@type\":\"SearchAction\",\"target\":{\"@type\":\"EntryPoint\",\"urlTemplate\":\"https:\\\/\\\/www.alumni.space\\\/pt-pt\\\/?s={search_term_string}\"},\"query-input\":{\"@type\":\"PropertyValueSpecification\",\"valueRequired\":true,\"valueName\":\"search_term_string\"}}],\"inLanguage\":\"pt-PT\"}]}<\/script>\n<!-- \/ Yoast SEO plugin. -->","yoast_head_json":{"title":"Termos e condi\u00e7\u00f5es gerais de acesso e utiliza\u00e7\u00e3o - Alumni.space","robots":{"index":"index","follow":"follow","max-snippet":"max-snippet:-1","max-image-preview":"max-image-preview:large","max-video-preview":"max-video-preview:-1"},"canonical":"https:\/\/www.alumni.space\/pt-pt\/termos-e-condicoes-gerais-de-acesso-e-utilizacao\/","og_locale":"pt_PT","og_type":"article","og_title":"Termos e condi\u00e7\u00f5es gerais de acesso e utiliza\u00e7\u00e3o - Alumni.space","og_url":"https:\/\/www.alumni.space\/pt-pt\/termos-e-condicoes-gerais-de-acesso-e-utilizacao\/","og_site_name":"Alumni.space","article_modified_time":"2026-03-26T11:59:05+00:00","twitter_card":"summary_large_image","twitter_misc":{"Tempo estimado de leitura":"14 minutos"},"schema":{"@context":"https:\/\/schema.org","@graph":[{"@type":"WebPage","@id":"https:\/\/www.alumni.space\/pt-pt\/termos-e-condicoes-gerais-de-acesso-e-utilizacao\/","url":"https:\/\/www.alumni.space\/pt-pt\/termos-e-condicoes-gerais-de-acesso-e-utilizacao\/","name":"Termos e condi\u00e7\u00f5es gerais de acesso e utiliza\u00e7\u00e3o - Alumni.space","isPartOf":{"@id":"https:\/\/www.alumni.space\/pt-pt\/#website"},"datePublished":"2025-12-17T07:59:40+00:00","dateModified":"2026-03-26T11:59:05+00:00","breadcrumb":{"@id":"https:\/\/www.alumni.space\/pt-pt\/termos-e-condicoes-gerais-de-acesso-e-utilizacao\/#breadcrumb"},"inLanguage":"pt-PT","potentialAction":[{"@type":"ReadAction","target":["https:\/\/www.alumni.space\/pt-pt\/termos-e-condicoes-gerais-de-acesso-e-utilizacao\/"]}]},{"@type":"BreadcrumbList","@id":"https:\/\/www.alumni.space\/pt-pt\/termos-e-condicoes-gerais-de-acesso-e-utilizacao\/#breadcrumb","itemListElement":[{"@type":"ListItem","position":1,"name":"Home","item":"https:\/\/www.alumni.space\/pt-pt\/plataforma-de-gestao-de-mentores-e-antigos-alunos\/"},{"@type":"ListItem","position":2,"name":"Termos e condi\u00e7\u00f5es gerais de acesso e utiliza\u00e7\u00e3o"}]},{"@type":"WebSite","@id":"https:\/\/www.alumni.space\/pt-pt\/#website","url":"https:\/\/www.alumni.space\/pt-pt\/","name":"Alumni.space","description":"My WordPress Blog","potentialAction":[{"@type":"SearchAction","target":{"@type":"EntryPoint","urlTemplate":"https:\/\/www.alumni.space\/pt-pt\/?s={search_term_string}"},"query-input":{"@type":"PropertyValueSpecification","valueRequired":true,"valueName":"search_term_string"}}],"inLanguage":"pt-PT"}]}},"_links":{"self":[{"href":"https:\/\/www.alumni.space\/pt-pt\/wp-json\/wp\/v2\/pages\/3932","targetHints":{"allow":["GET"]}}],"collection":[{"href":"https:\/\/www.alumni.space\/pt-pt\/wp-json\/wp\/v2\/pages"}],"about":[{"href":"https:\/\/www.alumni.space\/pt-pt\/wp-json\/wp\/v2\/types\/page"}],"author":[{"embeddable":true,"href":"https:\/\/www.alumni.space\/pt-pt\/wp-json\/wp\/v2\/users\/1"}],"replies":[{"embeddable":true,"href":"https:\/\/www.alumni.space\/pt-pt\/wp-json\/wp\/v2\/comments?post=3932"}],"version-history":[{"count":1,"href":"https:\/\/www.alumni.space\/pt-pt\/wp-json\/wp\/v2\/pages\/3932\/revisions"}],"predecessor-version":[{"id":3943,"href":"https:\/\/www.alumni.space\/pt-pt\/wp-json\/wp\/v2\/pages\/3932\/revisions\/3943"}],"wp:attachment":[{"href":"https:\/\/www.alumni.space\/pt-pt\/wp-json\/wp\/v2\/media?parent=3932"}],"curies":[{"name":"wp","href":"https:\/\/api.w.org\/{rel}","templated":true}]}}