{"id":4498,"date":"2025-05-16T15:04:58","date_gmt":"2025-05-16T15:04:58","guid":{"rendered":"https:\/\/www.alumni.space\/chi-sei\/consiglio-di-fabbrica\/"},"modified":"2026-03-26T12:02:45","modified_gmt":"2026-03-26T12:02:45","slug":"consiglio-di-fabbrica","status":"publish","type":"page","link":"https:\/\/www.alumni.space\/it\/chi-sei\/consiglio-di-fabbrica\/","title":{"rendered":"Consiglio di fabbrica"},"content":{"rendered":"<div class=\"fusion-fullwidth fullwidth-box fusion-builder-row-1 fusion-flex-container has-pattern-background has-mask-background nonhundred-percent-fullwidth non-hundred-percent-height-scrolling\" style=\"--awb-background-position:left top;--awb-border-sizes-top:0px;--awb-border-sizes-bottom:0px;--awb-border-sizes-left:0px;--awb-border-sizes-right:0px;--awb-border-radius-top-left:0px;--awb-border-radius-top-right:0px;--awb-border-radius-bottom-right:0px;--awb-border-radius-bottom-left:0px;--awb-padding-top:130px;--awb-padding-bottom:130px;--awb-padding-top-medium:90px;--awb-padding-bottom-medium:90px;--awb-margin-bottom-medium:0px;--awb-background-color:var(--awb-color1);--awb-flex-wrap:wrap;\" ><div class=\"fusion-builder-row fusion-row fusion-flex-align-items-flex-start fusion-flex-justify-content-flex-end fusion-flex-content-wrap\" style=\"max-width:calc( 1200px + 80px );margin-left: calc(-80px \/ 2 );margin-right: calc(-80px \/ 2 );\"><div class=\"fusion-layout-column fusion_builder_column fusion-builder-column-0 fusion_builder_column_3_5 3_5 fusion-flex-column fusion-column-no-min-height fusion-animated\" style=\"--awb-padding-right-medium:0px;--awb-padding-left-medium:0px;--awb-bg-blend:overlay;--awb-bg-size:cover;--awb-width-large:60%;--awb-margin-top-large:0px;--awb-spacing-right-large:calc( 0.13333333333333 * calc( 100% - 80px ) );--awb-margin-bottom-large:90px;--awb-spacing-left-large:40px;--awb-width-medium:50%;--awb-spacing-right-medium:calc( 0.16 * calc( 100% - 80px ) );--awb-margin-bottom-medium:49px;--awb-spacing-left-medium:40px;--awb-width-small:100%;--awb-spacing-right-small:40px;--awb-margin-bottom-small:0px;--awb-spacing-left-small:40px;\" data-animationType=\"fadeIn\" data-animationDuration=\"0.8\" data-animationOffset=\"top-into-view\"><div class=\"fusion-column-wrapper fusion-flex-justify-content-flex-start fusion-content-layout-column\"><div class=\"fusion-title title fusion-title-1 fusion-sep-none fusion-title-text fusion-title-size-three\" style=\"--awb-margin-bottom:0px;--awb-margin-top-small:10px;--awb-margin-right-small:0px;--awb-margin-bottom-small:10px;--awb-margin-left-small:0px;\"><h3 class=\"fusion-title-heading title-heading-left\" style=\"margin:0;\">Per un comitato sociale ed economico (CSE), la sfida non si limita pi\u00f9 alla distribuzione di buoni regalo e alla gestione dei biglietti.<\/h3><\/div><\/div><\/div><div class=\"fusion-layout-column fusion_builder_column fusion-builder-column-1 fusion_builder_column_2_5 2_5 fusion-flex-column fusion-column-no-min-height fusion-animated\" style=\"--awb-padding-right-medium:0px;--awb-padding-left-medium:0px;--awb-bg-blend:overlay;--awb-bg-size:cover;--awb-width-large:40%;--awb-margin-top-large:0px;--awb-spacing-right-large:40px;--awb-margin-bottom-large:90px;--awb-spacing-left-large:calc( 0.04 * calc( 100% - 80px ) );--awb-width-medium:50%;--awb-spacing-right-medium:40px;--awb-margin-bottom-medium:49px;--awb-spacing-left-medium:calc( 0.032 * calc( 100% - 80px ) );--awb-width-small:100%;--awb-spacing-right-small:40px;--awb-margin-bottom-small:30px;--awb-spacing-left-small:40px;\" data-animationType=\"fadeIn\" data-animationDuration=\"0.8\" data-animationOffset=\"top-into-view\"><div class=\"fusion-column-wrapper fusion-flex-justify-content-flex-start fusion-content-layout-column\"><div class=\"fusion-separator fusion-full-width-sep\" style=\"align-self: center;margin-left: auto;margin-right: auto;margin-top:15px;width:100%;\"><\/div><div class=\"fusion-text fusion-text-1 fusion-text-no-margin\" style=\"--awb-text-color:hsla(var(--awb-color8-h),var(--awb-color8-s),var(--awb-color8-l),calc(var(--awb-color8-a) - 20%));--awb-margin-bottom:10px;\"><p>Devi difendere gli interessi dei dipendenti, mantenere i legami sociali, utilizzare al meglio i budget operativi e per le attivit\u00e0 sociali e culturali (SCA) e dimostrare alla dirigenza che ogni euro investito \u00e8 utile.<br \/>\nLa piattaforma alumni.space ti offre uno spazio unico per riunire dipendenti ed ex-alunni, promuovere le tue iniziative culturali e di solidariet\u00e0 e creare una vera e propria comunit\u00e0 intorno al CSE: eventi, biglietteria, supporto reciproco, annunci, job board, volontariato.<\/p>\n<\/div><\/div><\/div><div class=\"fusion-layout-column fusion_builder_column fusion-builder-column-2 fusion_builder_column_1_1 1_1 fusion-flex-column fusion-animated\" style=\"--awb-bg-position:center center;--awb-bg-size:cover;--awb-width-large:100%;--awb-margin-top-large:0px;--awb-spacing-right-large:40px;--awb-margin-bottom-large:20px;--awb-spacing-left-large:40px;--awb-width-medium:100%;--awb-order-medium:0;--awb-spacing-right-medium:40px;--awb-spacing-left-medium:40px;--awb-width-small:100%;--awb-order-small:0;--awb-spacing-right-small:40px;--awb-margin-bottom-small:60px;--awb-spacing-left-small:40px;\" data-animationType=\"fadeInUp\" data-animationDuration=\"0.8\" data-animationOffset=\"top-into-view\" data-scroll-devices=\"small-visibility,medium-visibility,large-visibility\"><div class=\"fusion-column-wrapper fusion-column-has-shadow fusion-flex-justify-content-flex-start fusion-content-layout-column\"><div class=\"fusion-image-element \" style=\"--awb-caption-title-font-family:var(--h2_typography-font-family);--awb-caption-title-font-weight:var(--h2_typography-font-weight);--awb-caption-title-font-style:var(--h2_typography-font-style);--awb-caption-title-size:var(--h2_typography-font-size);--awb-caption-title-transform:var(--h2_typography-text-transform);--awb-caption-title-line-height:var(--h2_typography-line-height);--awb-caption-title-letter-spacing:var(--h2_typography-letter-spacing);\"><span class=\" fusion-imageframe imageframe-none imageframe-1 hover-type-none\"><img decoding=\"async\" width=\"1200\" height=\"705\" title=\"consiglio di fabbrica\" src=\"https:\/\/www.alumni.space\/wp-content\/uploads\/2025\/12\/comite-dentreprise.jpg\" data-orig-src=\"https:\/\/www.alumni.space\/wp-content\/uploads\/2025\/12\/comite-dentreprise.jpg\" alt class=\"lazyload img-responsive wp-image-4500\" srcset=\"data:image\/svg+xml,%3Csvg%20xmlns%3D%27http%3A%2F%2Fwww.w3.org%2F2000%2Fsvg%27%20width%3D%271200%27%20height%3D%27705%27%20viewBox%3D%270%200%201200%20705%27%3E%3Crect%20width%3D%271200%27%20height%3D%27705%27%20fill-opacity%3D%220%22%2F%3E%3C%2Fsvg%3E\" data-srcset=\"https:\/\/www.alumni.space\/wp-content\/uploads\/2025\/12\/comite-dentreprise-200x118.jpg 200w, https:\/\/www.alumni.space\/wp-content\/uploads\/2025\/12\/comite-dentreprise-400x235.jpg 400w, https:\/\/www.alumni.space\/wp-content\/uploads\/2025\/12\/comite-dentreprise-600x353.jpg 600w, https:\/\/www.alumni.space\/wp-content\/uploads\/2025\/12\/comite-dentreprise-800x470.jpg 800w, https:\/\/www.alumni.space\/wp-content\/uploads\/2025\/12\/comite-dentreprise.jpg 1200w\" data-sizes=\"auto\" data-orig-sizes=\"(max-width: 700px) 100vw, 1200px\" \/><\/span><\/div><\/div><\/div><div class=\"fusion-layout-column fusion_builder_column fusion-builder-column-3 fusion_builder_column_1_1 1_1 fusion-flex-column\" style=\"--awb-bg-size:cover;--awb-width-large:100%;--awb-margin-top-large:0px;--awb-spacing-right-large:40px;--awb-margin-bottom-large:0px;--awb-spacing-left-large:40px;--awb-width-medium:100%;--awb-order-medium:0;--awb-spacing-right-medium:40px;--awb-spacing-left-medium:40px;--awb-width-small:100%;--awb-order-small:0;--awb-spacing-right-small:40px;--awb-spacing-left-small:40px;\"><div class=\"fusion-column-wrapper fusion-column-has-shadow fusion-flex-justify-content-flex-start fusion-content-layout-column\"><div class=\"fusion-text fusion-text-2\"><h2>Un contesto di CSE sotto pressione: potere d&#8217;acquisto, legami sociali e compliance<\/h2>\n<p>Il CSE ha due bilanci separati: un bilancio operativo (0,20% della busta paga lorda tra i 50 e i 1.999 dipendenti, 0,22% a partire da 2.000 dipendenti) e un bilancio per le attivit\u00e0 sociali e culturali, il cui importo \u00e8 stabilito da accordi o consuetudini.<\/p>\n<p>Allo stesso tempo, le norme che regolano l&#8217;accesso ai CSA sono diventate pi\u00f9 severe: nel 2024, la Corte di Cassazione ha ribadito che i benefici CSE devono essere accessibili a tutti i dipendenti e gli apprendisti senza discriminazioni, in particolare in termini di anzianit\u00e0 di servizio, pena la perdita delle relative esenzioni previdenziali.<\/p>\n<p>Il risultato \u00e8 che i rappresentanti eletti devono fare di pi\u00f9, per pi\u00f9 persone, con un budget spesso limitato. Ecco perch\u00e9 \u00e8 cos\u00ec importante avere una piattaforma che strutturi le tue azioni, eviti lo spreco di informazioni e promuova ogni iniziativa sociale o culturale ai dipendenti e agli ex alunni. <\/p>\n<h2>Cosa ti offre alumni.space sul lato CSE<\/h2>\n<p>Alumni.space \u00e8 una soluzione chiavi in mano per la gestione della comunit\u00e0 e il mentoring, progettata appositamente per i consigli di fabbrica e i CES.<\/p>\n<p>Ti permette di trasformare il tuo CSE in un vero e proprio centro di aggregazione, che combina benefici, convivialit\u00e0 e sostegno reciproco. In termini pratici, la piattaforma ti aiuta a : <\/p>\n<ul>\n<li>animare una rete di dipendenti e alumni intorno a eventi, notizie e progetti comuni;<\/li>\n<li>dare visibilit\u00e0 ai tuoi benefici, alle vendite dei biglietti e alle tue iniziative culturali o di solidariet\u00e0;<\/li>\n<li>fornire ai rappresentanti eletti gli strumenti necessari per monitorare l&#8217;impegno dei beneficiari e promuovere l&#8217;impatto delle tue azioni presso la direzione.<\/li>\n<\/ul>\n<h2>Migliora l&#8217;orientamento e la promozione delle tue attivit\u00e0 sociali e culturali<\/h2>\n<p>Lo scopo del budget CSA \u00e8 quello di migliorare le condizioni di vita e il potere d&#8217;acquisto dei dipendenti attraverso attivit\u00e0 sociali e culturali come biglietteria, tempo libero, cultura, sport e buoni regalo.<\/p>\n<p>Con alumni.space hai a disposizione uno spazio unico in cui puoi presentare chiaramente questi benefici, spiegare i criteri di assegnazione e monitorare l&#8217;effettivo utilizzo dei programmi. Le funzionalit\u00e0 di eventi, biglietteria e comunicazione lo rendono un supporto naturale per giustificare l&#8217;uso del budget CSB e per preparare le relazioni annuali ai dipendenti. <\/p>\n<h2>Il successo dei tuoi eventi CSE e il rafforzamento della coesione sociale<\/h2>\n<p>Gli eventi sono al centro delle attivit\u00e0 del CSE: uscite a teatro o al cinema, gite, serate in compagnia, laboratori per famiglie, incontri di QWL, ecc.<\/p>\n<p>Alumni.space include la gestione degli eventi con biglietteria integrata, la possibilit\u00e0 di offrire tariffe preferenziali e di sostituire alcuni benefici CE persi, in particolare per le uscite culturali.<\/p>\n<p>Per i rappresentanti eletti, si tratta di un modo per centralizzare le iscrizioni, gli elenchi dei partecipanti e le comunicazioni, dando al contempo ai dipendenti una chiara visione dell&#8217;intera offerta del CSE, compreso il momento in cui gli alumni sono invitati a determinati incontri conviviali.<\/p>\n<h2>Aumentare la comunicazione del CSE con i dipendenti e gli ex dipendenti.<\/h2>\n<p>Un comitato aziendale efficace \u00e8 facile da capire. Tuttavia, molti organismi faticano a rendere visibili le loro azioni al di l\u00e0 di qualche e-mail o manifesto. <\/p>\n<p>Con alumni.space puoi usufruire di strumenti pensati per mantenere questo legame nel tempo:<\/p>\n<ul>\n<li>un&#8217;area di notizie per il Gruppo e il CSE, per comunicare le tue decisioni, i tuoi progetti e le tue azioni pi\u00f9 importanti;<\/li>\n<li>una libreria di documenti per centralizzare i tuoi rapporti, le guide pratiche, le spiegazioni sui CSA o sulla salute sul lavoro;<\/li>\n<li>feed informativi (ad esempio via RSS) per evidenziare le informazioni aziendali utili ai dipendenti;<\/li>\n<li>un social network interno, in cui i membri possono commentare, condividere e dare voce alle loro esigenze e idee.<\/li>\n<\/ul>\n<p>In questo modo, i tuoi dipendenti capiranno meglio cosa fa il CSE, come possono beneficiarne e come possono contribuire, anche quando saranno ex dipendenti.<\/p>\n<h2>Sostenere il potere d&#8217;acquisto e la cooptazione nello stesso spazio<\/h2>\n<p>Il CSE \u00e8 un attore chiave nel potere d&#8217;acquisto attraverso l&#8217;ASC, ma anche un facilitatore di percorsi di carriera. Il sito web alumni.space offre una bacheca di annunci di lavoro e strumenti di cooptazione per far circolare le offerte di lavoro tra i membri della comunit\u00e0. <\/p>\n<p>Per un CSE si aprono due prospettive: sostenere l&#8217;occupabilit\u00e0 dei dipendenti e degli ex dipendenti e incoraggiare le assunzioni tramite raccomandazione all&#8217;interno di una rete di fiducia. Oltre ai tradizionali benefici finanziari, offri un modo molto pratico per garantire un percorso di carriera. <\/p>\n<h2>Sostenere iniziative di solidariet\u00e0 e intergenerazionali<\/h2>\n<p>Il CSE ha anche un ruolo sociale da svolgere: sostegno nei momenti di difficolt\u00e0, iniziative di solidariet\u00e0, attenzione alle famiglie. Alumni.space include diversi elementi che rafforzano questo aspetto umano: <\/p>\n<ul>\n<li>un diario delle nascite e dei decessi, per segnare i momenti importanti della vita dei dipendenti e delle loro famiglie;<\/li>\n<li>un&#8217;area di volontariato, per organizzare iniziative di solidariet\u00e0 e coinvolgere dipendenti ed ex dipendenti in cause comuni;<\/li>\n<li>eventi che riuniscono generazioni diverse (lavoratori, pensionati, giovani assunti, anziani), per far vivere la cultura aziendale al di l\u00e0 del contratto di lavoro.<\/li>\n<\/ul>\n<p>In questo modo puoi rendere visibili e documentare le tue iniziative di solidariet\u00e0, il che facilita la tua comunicazione sulla CSR e i tuoi scambi con il management.<\/p>\n<h2>Caratteristiche studiate per soddisfare le esigenze dei membri dei consigli di fabbrica<\/h2>\n<p>Oltre a essere di facile utilizzo, alumni.space funge da vero e proprio strumento di gestione per i rappresentanti eletti e i comitati. In particolare, la piattaforma offre : <\/p>\n<ul>\n<li><strong>Profili migliorati e rete sociale interna<\/strong><br \/>\nOgni membro ha un profilo con interessi, settore e competenze. In questo modo \u00e8 possibile individuare i centri di aggregazione per le tue azioni (cultura, sport, solidariet\u00e0, sicurezza, ecc.) e includere gli ex membri in determinati progetti. <\/li>\n<li><strong>Avvisi di eventi e iscrizioni per zona<\/strong><br \/>\nI dipendenti possono iscriversi agli eventi per localit\u00e0 o per tema, aiutandoti a indirizzare in modo pi\u00f9 preciso i tuoi inviti e le tue offerte.<\/li>\n<li><strong>Aree tematiche per il tuo CSA<\/strong><br \/>\nAnnunci interni, biglietteria, job board, quote associative: ogni componente pu\u00f2 essere organizzato in una sezione ben precisa, in linea con la separazione dei tuoi budget (operativo \/ CSA).<\/li>\n<li><strong>Statistiche di utilizzo con Matomo<\/strong><br \/>\nLa piattaforma utilizza Matomo, uno strumento di misurazione dell&#8217;audience raccomandato dalla CNIL, per tracciare l&#8217;utilizzo del sito e oggettivare l&#8217;impegno in base alle tue azioni.<\/li>\n<li><strong>Indicizzazione controllata da parte di Google<\/strong><br \/>\nPuoi mantenere il controllo sul livello di visibilit\u00e0 esterna del tuo sito (ad esempio indicizzando solo la home page), il che permette di conciliare trasparenza, riservatezza e politica di comunicazione interna.<\/li>\n<\/ul>\n<h2>Una soluzione semplice da finanziare e implementare per un comitato aziendale<\/h2>\n<p>Il bilancio operativo del CAE pu\u00f2 essere utilizzato per finanziare gli strumenti di cui ha bisogno per svolgere i suoi compiti, in particolare le comunicazioni e i media digitali. Diverse guide e sentenze hanno sottolineato che un sito web del CAE pu\u00f2 rientrare in questo quadro, a condizione che sia utile per il suo mandato economico e sociale. <\/p>\n<p>Alumni.space offre un modello di business trasparente: un costo di installazione, poi un abbonamento mensile senza pubblicit\u00e0, con un lancio annunciato in 15 giorni e una navigazione pensata per tutte le generazioni, compresi i pensionati.<\/p>\n<p>Per un CSE, \u00e8 la possibilit\u00e0 di supportare la propria comunicazione e parte del proprio CSA con uno strumento professionale, senza dover avviare un complesso progetto informatico.<\/p>\n<h2>Cosa ottieni dal lato CSE<\/h2>\n<p>Strutturando la tua comunit\u00e0 di dipendenti e alumni tramite alumni.space, puoi trasformare le tue azioni in una politica sociale reale, chiara e sostenibile. In termini concreti, puoi: <\/p>\n<ul>\n<li>aumentare la visibilit\u00e0 dei bilanci operativi e del CSG tra i dipendenti e la dirigenza;<\/li>\n<li>aumentare il potere d&#8217;acquisto e l&#8217;accesso alla cultura attraverso una migliore gestione degli eventi e dei biglietti;<\/li>\n<li>sviluppare un senso di appartenenza duraturo, anche dopo aver lasciato l&#8217;azienda;<\/li>\n<li>Sostenere l&#8217;occupabilit\u00e0 attraverso una bacheca delle offerte di lavoro, la cooptazione e il networking;<\/li>\n<li>dare una coerenza complessiva alle tue azioni sociali, culturali, di solidariet\u00e0 e intergenerazionali.<\/li>\n<\/ul>\n<h2>Il prossimo passo: adattare la piattaforma al mandato del tuo CES<\/h2>\n<p>Ogni CSE ha la sua storia, le sue pratiche e le sue priorit\u00e0: dimensioni dell&#8217;azienda, distribuzione geografica, livello di budget, cultura sociale, aspettative dei dipendenti. L&#8217;obiettivo non \u00e8 quello di aggiungere un altro strumento, ma di strutturare e rendere visibile ci\u00f2 che stai gi\u00e0 facendo. <\/p>\n<p>Partendo da queste basi, possiamo spingerci oltre insieme in tre aree:<\/p>\n<ol>\n<li>Chiarisci la tua strategia digitale CSE: quale pubblico, quali sezioni, quali priorit\u00e0 (potere d&#8217;acquisto, cultura, solidariet\u00e0, tutoraggio, ex alunni, ecc.)<\/li>\n<li>Formalizza una semplice presentazione di vendita per presentare la piattaforma al management e giustificare il suo finanziamento con i budget giusti.<\/li>\n<li>Prepara un piano di attivit\u00e0 di 12 mesi (eventi, pubblicazioni, volontariato, cooptazione) per garantire che la tua comunit\u00e0 faccia proprio lo strumento e che ogni azione intrapresa dal CSE lasci una traccia utile.<\/li>\n<\/ol>\n<\/div><div ><a class=\"fusion-button button-flat fusion-button-default-size button-custom fusion-button-default button-1 fusion-button-default-span fusion-button-default-type\" style=\"--awb-margin-top:30px;--awb-margin-bottom:30px;--button_accent_color:var(--awb-color1);--button_accent_hover_color:var(--awb-color1);--button_border_hover_color:var(--awb-color1);--button_gradient_top_color:var(--awb-custom_color_2);--button_gradient_bottom_color:var(--awb-custom_color_2);--button_gradient_top_color_hover:var(--awb-custom_color_1);--button_gradient_bottom_color_hover:var(--awb-custom_color_1);--button_text_transform:uppercase;--button_font_size:20px;--button_line_height:var(--awb-typography4-line-height);--button_typography-letter-spacing:var(--awb-typography4-letter-spacing);--button_typography-font-family:&quot;Plus Jakarta Sans&quot;;--button_typography-font-style:normal;--button_typography-font-weight:700;\" target=\"_self\" href=\"https:\/\/www.alumni.space\/it\/contatto\/\"><span class=\"fusion-button-text awb-button__text awb-button__text--default\">Richiedi un appuntamento o una demo<\/span><i class=\"fa-arrow-right fas awb-button__icon awb-button__icon--default button-icon-right\" aria-hidden=\"true\"><\/i><\/a><\/div><\/div><\/div><\/div><\/div>\n","protected":false},"excerpt":{"rendered":"","protected":false},"author":1,"featured_media":0,"parent":3889,"menu_order":0,"comment_status":"closed","ping_status":"closed","template":"100-width.php","meta":{"_ayudawp_aiss_exclude":false,"footnotes":""},"class_list":["post-4498","page","type-page","status-publish","hentry"],"yoast_head":"<!-- This site is optimized with the Yoast SEO plugin v27.4 - https:\/\/yoast.com\/product\/yoast-seo-wordpress\/ -->\n<title>Consiglio di fabbrica - Alumni.space<\/title>\n<meta name=\"robots\" content=\"index, follow, max-snippet:-1, max-image-preview:large, max-video-preview:-1\" \/>\n<link rel=\"canonical\" href=\"https:\/\/www.alumni.space\/it\/chi-sei\/consiglio-di-fabbrica\/\" \/>\n<meta property=\"og:locale\" content=\"it_IT\" \/>\n<meta property=\"og:type\" content=\"article\" \/>\n<meta property=\"og:title\" content=\"Consiglio di fabbrica - Alumni.space\" \/>\n<meta property=\"og:url\" content=\"https:\/\/www.alumni.space\/it\/chi-sei\/consiglio-di-fabbrica\/\" \/>\n<meta property=\"og:site_name\" content=\"Alumni.space\" \/>\n<meta property=\"article:modified_time\" content=\"2026-03-26T12:02:45+00:00\" \/>\n<meta name=\"twitter:card\" content=\"summary_large_image\" \/>\n<meta name=\"twitter:label1\" content=\"Tempo di lettura stimato\" \/>\n\t<meta name=\"twitter:data1\" content=\"19 minuti\" \/>\n<script type=\"application\/ld+json\" class=\"yoast-schema-graph\">{\"@context\":\"https:\\\/\\\/schema.org\",\"@graph\":[{\"@type\":\"WebPage\",\"@id\":\"https:\\\/\\\/www.alumni.space\\\/it\\\/chi-sei\\\/consiglio-di-fabbrica\\\/\",\"url\":\"https:\\\/\\\/www.alumni.space\\\/it\\\/chi-sei\\\/consiglio-di-fabbrica\\\/\",\"name\":\"Consiglio di fabbrica - Alumni.space\",\"isPartOf\":{\"@id\":\"https:\\\/\\\/www.alumni.space\\\/it\\\/#website\"},\"datePublished\":\"2025-05-16T15:04:58+00:00\",\"dateModified\":\"2026-03-26T12:02:45+00:00\",\"breadcrumb\":{\"@id\":\"https:\\\/\\\/www.alumni.space\\\/it\\\/chi-sei\\\/consiglio-di-fabbrica\\\/#breadcrumb\"},\"inLanguage\":\"it-IT\",\"potentialAction\":[{\"@type\":\"ReadAction\",\"target\":[\"https:\\\/\\\/www.alumni.space\\\/it\\\/chi-sei\\\/consiglio-di-fabbrica\\\/\"]}]},{\"@type\":\"BreadcrumbList\",\"@id\":\"https:\\\/\\\/www.alumni.space\\\/it\\\/chi-sei\\\/consiglio-di-fabbrica\\\/#breadcrumb\",\"itemListElement\":[{\"@type\":\"ListItem\",\"position\":1,\"name\":\"Home\",\"item\":\"https:\\\/\\\/www.alumni.space\\\/it\\\/piattaforma-di-mentoring-e-di-gestione-degli-alumni\\\/\"},{\"@type\":\"ListItem\",\"position\":2,\"name\":\"Chi sei?\",\"item\":\"https:\\\/\\\/www.alumni.space\\\/it\\\/chi-sei\\\/\"},{\"@type\":\"ListItem\",\"position\":3,\"name\":\"Consiglio di fabbrica\"}]},{\"@type\":\"WebSite\",\"@id\":\"https:\\\/\\\/www.alumni.space\\\/it\\\/#website\",\"url\":\"https:\\\/\\\/www.alumni.space\\\/it\\\/\",\"name\":\"Alumni.space\",\"description\":\"My WordPress Blog\",\"potentialAction\":[{\"@type\":\"SearchAction\",\"target\":{\"@type\":\"EntryPoint\",\"urlTemplate\":\"https:\\\/\\\/www.alumni.space\\\/it\\\/?s={search_term_string}\"},\"query-input\":{\"@type\":\"PropertyValueSpecification\",\"valueRequired\":true,\"valueName\":\"search_term_string\"}}],\"inLanguage\":\"it-IT\"}]}<\/script>\n<!-- \/ Yoast SEO plugin. -->","yoast_head_json":{"title":"Consiglio di fabbrica - Alumni.space","robots":{"index":"index","follow":"follow","max-snippet":"max-snippet:-1","max-image-preview":"max-image-preview:large","max-video-preview":"max-video-preview:-1"},"canonical":"https:\/\/www.alumni.space\/it\/chi-sei\/consiglio-di-fabbrica\/","og_locale":"it_IT","og_type":"article","og_title":"Consiglio di fabbrica - Alumni.space","og_url":"https:\/\/www.alumni.space\/it\/chi-sei\/consiglio-di-fabbrica\/","og_site_name":"Alumni.space","article_modified_time":"2026-03-26T12:02:45+00:00","twitter_card":"summary_large_image","twitter_misc":{"Tempo di lettura stimato":"19 minuti"},"schema":{"@context":"https:\/\/schema.org","@graph":[{"@type":"WebPage","@id":"https:\/\/www.alumni.space\/it\/chi-sei\/consiglio-di-fabbrica\/","url":"https:\/\/www.alumni.space\/it\/chi-sei\/consiglio-di-fabbrica\/","name":"Consiglio di fabbrica - Alumni.space","isPartOf":{"@id":"https:\/\/www.alumni.space\/it\/#website"},"datePublished":"2025-05-16T15:04:58+00:00","dateModified":"2026-03-26T12:02:45+00:00","breadcrumb":{"@id":"https:\/\/www.alumni.space\/it\/chi-sei\/consiglio-di-fabbrica\/#breadcrumb"},"inLanguage":"it-IT","potentialAction":[{"@type":"ReadAction","target":["https:\/\/www.alumni.space\/it\/chi-sei\/consiglio-di-fabbrica\/"]}]},{"@type":"BreadcrumbList","@id":"https:\/\/www.alumni.space\/it\/chi-sei\/consiglio-di-fabbrica\/#breadcrumb","itemListElement":[{"@type":"ListItem","position":1,"name":"Home","item":"https:\/\/www.alumni.space\/it\/piattaforma-di-mentoring-e-di-gestione-degli-alumni\/"},{"@type":"ListItem","position":2,"name":"Chi sei?","item":"https:\/\/www.alumni.space\/it\/chi-sei\/"},{"@type":"ListItem","position":3,"name":"Consiglio di fabbrica"}]},{"@type":"WebSite","@id":"https:\/\/www.alumni.space\/it\/#website","url":"https:\/\/www.alumni.space\/it\/","name":"Alumni.space","description":"My WordPress Blog","potentialAction":[{"@type":"SearchAction","target":{"@type":"EntryPoint","urlTemplate":"https:\/\/www.alumni.space\/it\/?s={search_term_string}"},"query-input":{"@type":"PropertyValueSpecification","valueRequired":true,"valueName":"search_term_string"}}],"inLanguage":"it-IT"}]}},"_links":{"self":[{"href":"https:\/\/www.alumni.space\/it\/wp-json\/wp\/v2\/pages\/4498","targetHints":{"allow":["GET"]}}],"collection":[{"href":"https:\/\/www.alumni.space\/it\/wp-json\/wp\/v2\/pages"}],"about":[{"href":"https:\/\/www.alumni.space\/it\/wp-json\/wp\/v2\/types\/page"}],"author":[{"embeddable":true,"href":"https:\/\/www.alumni.space\/it\/wp-json\/wp\/v2\/users\/1"}],"replies":[{"embeddable":true,"href":"https:\/\/www.alumni.space\/it\/wp-json\/wp\/v2\/comments?post=4498"}],"version-history":[{"count":9,"href":"https:\/\/www.alumni.space\/it\/wp-json\/wp\/v2\/pages\/4498\/revisions"}],"predecessor-version":[{"id":4532,"href":"https:\/\/www.alumni.space\/it\/wp-json\/wp\/v2\/pages\/4498\/revisions\/4532"}],"up":[{"embeddable":true,"href":"https:\/\/www.alumni.space\/it\/wp-json\/wp\/v2\/pages\/3889"}],"wp:attachment":[{"href":"https:\/\/www.alumni.space\/it\/wp-json\/wp\/v2\/media?parent=4498"}],"curies":[{"name":"wp","href":"https:\/\/api.w.org\/{rel}","templated":true}]}}