{"id":4350,"date":"2025-12-17T07:56:54","date_gmt":"2025-12-17T07:56:54","guid":{"rendered":"https:\/\/www.alumni.space\/informativa-sui-cookie\/"},"modified":"2026-03-26T12:01:42","modified_gmt":"2026-03-26T12:01:42","slug":"informativa-sui-cookie","status":"publish","type":"page","link":"https:\/\/www.alumni.space\/it\/informativa-sui-cookie\/","title":{"rendered":"Informativa sui cookie"},"content":{"rendered":"<div class=\"fusion-fullwidth fullwidth-box fusion-builder-row-1 fusion-flex-container has-pattern-background has-mask-background nonhundred-percent-fullwidth non-hundred-percent-height-scrolling\" style=\"--awb-border-radius-top-left:0px;--awb-border-radius-top-right:0px;--awb-border-radius-bottom-right:0px;--awb-border-radius-bottom-left:0px;--awb-flex-wrap:wrap;\" ><div class=\"fusion-builder-row fusion-row fusion-flex-align-items-flex-start fusion-flex-content-wrap\" style=\"max-width:1248px;margin-left: calc(-4% \/ 2 );margin-right: calc(-4% \/ 2 );\"><div class=\"fusion-layout-column fusion_builder_column fusion-builder-column-0 fusion_builder_column_1_1 1_1 fusion-flex-column\" style=\"--awb-bg-size:cover;--awb-width-large:100%;--awb-margin-top-large:0px;--awb-spacing-right-large:1.92%;--awb-margin-bottom-large:20px;--awb-spacing-left-large:1.92%;--awb-width-medium:100%;--awb-order-medium:0;--awb-spacing-right-medium:1.92%;--awb-spacing-left-medium:1.92%;--awb-width-small:100%;--awb-order-small:0;--awb-spacing-right-small:1.92%;--awb-spacing-left-small:1.92%;\"><div class=\"fusion-column-wrapper fusion-column-has-shadow fusion-flex-justify-content-flex-start fusion-content-layout-column\"><div class=\"fusion-text fusion-text-1\"><div class=\"fusion-text fusion-text-1\">\n<h2 class=\"fusion-responsive-typography-calculated\" data-fontsize=\"18\" data-lineheight=\"27px\">INFORMATIVA SUI COOKIE<\/h2>\n<p>Alumni.space pu\u00f2 installare dei cookie sul tuo dispositivo quando visiti il sito web e pu\u00f2 utilizzare i cookie nelle e-mail che ti vengono inviate.<\/p>\n<p>Lo scopo della presente Informativa sui cookie \u00e8 quello di fornire all&#8217;utente informazioni sui vari cookie utilizzati, sulle loro finalit\u00e0 e sui suoi diritti, in particolare per quanto riguarda l&#8217;impostazione dei parametri.<\/p>\n<p>I cookie vengono utilizzati sul sito web e memorizzati temporaneamente sul terminale informatico dell&#8217;utente, come computer, tablet e\/o smartphone, per facilitare la navigazione e ottimizzare la qualit\u00e0 del sito web. Questi cookie possono essere rifiutati dall&#8217;utente nel rispetto delle scelte e delle opzioni che l&#8217;utente pu\u00f2 esprimere in qualsiasi momento. <\/p>\n<p>I cookie utilizzati su questo sito web possono essere impostati dal nostro sito web o da un sito web di terze parti. Questi cookie possono essere di sessione o persistenti: un cookie di sessione \u00e8 un cookie che viene automaticamente cancellato quando l&#8217;utente chiude il browser, mentre un cookie persistente rimane memorizzato sul computer dell&#8217;utente fino alla data di scadenza. <\/p>\n<p>I cookie utilizzati sul sito web hanno una durata massima di 12 mesi.<\/p>\n<\/div>\n<div class=\"fusion-text fusion-text-2\">\n<h3 class=\"fusion-responsive-typography-calculated\" data-fontsize=\"16\" data-lineheight=\"24px\">CATEGORIE<\/h3>\n<p>Su questo sito web utilizziamo alcuni tipi di cookie:<\/p>\n<ul>\n<li><strong>Cookie tecnici e di sessione obbligatori :<\/strong><\/li>\n<\/ul>\n<p>Questi cookie sono essenziali per consentirti di navigare sul nostro sito web e di sfruttarne appieno le funzionalit\u00e0, come ad esempio l&#8217;accesso ad alcune pagine web sicure. Senza questi cookie, alcuni dei servizi da te richiesti non possono essere forniti. <\/p>\n<p>I cookie obbligatori utilizzati sul sito web sono i seguenti:<\/p>\n<ul>\n<li>\n<ul>\n<li>PHPSESSID<\/li>\n<li>lang<\/li>\n<li>JSESSIONID<\/li>\n<li>wp-wpml_current_language<\/li>\n<\/ul>\n<\/li>\n<\/ul>\n<ul>\n<li><strong>Cookie funzionali e di performance:<\/strong><\/li>\n<\/ul>\n<p>Questi cookie consentono al sito web di registrare le impostazioni scelte dall&#8217;utente al fine di fornirgli funzionalit\u00e0 migliori e pi\u00f9 personali. Questi cookie possono essere utilizzati anche per ricordare le modifiche apportate alle dimensioni del testo, ai caratteri e ad altre parti delle pagine web che hai personalizzato. Possono anche essere utilizzati per fornirti alcuni servizi che hai richiesto, come ad esempio la visione di un video.  <\/p>\n<p>Questi cookie non possono tracciare la tua attivit\u00e0 di navigazione su altri siti web e non raccolgono informazioni su di te che potrebbero essere utilizzate a fini pubblicitari.<\/p>\n<ul>\n<li>\n<ul>\n<li>Fonts.googleapis.com<\/li>\n<li>Ggpht.com<\/li>\n<li>Linkedin<\/li>\n<li>Aggiungi a qualsiasi<\/li>\n<li>Instagram<\/li>\n<li>Ytimg.com<\/li>\n<li>lidc<\/li>\n<li>lissc<\/li>\n<\/ul>\n<\/li>\n<\/ul>\n<p>Sul sito web vengono utilizzati i seguenti cookie di performance:<\/p>\n<ul>\n<li>\n<ul>\n<li>Cdninstagram<\/li>\n<li>Licdn.com<\/li>\n<\/ul>\n<\/li>\n<\/ul>\n<ul>\n<li><strong>Cookie per la misurazione dell&#8217;audience :<\/strong><\/li>\n<\/ul>\n<p>Questi cookie vengono utilizzati per raccogliere informazioni sulle modalit\u00e0 di utilizzo del nostro sito web da parte dei visitatori, come ad esempio le pagine visitate pi\u00f9 di frequente o la comparsa di messaggi di errore su determinate pagine. Tutte le informazioni raccolte attraverso questi cookie sono anonime e vengono raccolte al solo scopo di sviluppare e tracciare i modelli di traffico del nostro sito web per migliorarne il funzionamento. <\/p>\n<p>Queste informazioni vengono utilizzate esclusivamente da Alumni.space e non vengono condivise con terzi.<\/p>\n<p>I seguenti cookie sono utilizzati per misurare il pubblico a fini analitici sul sito web:<\/p>\n<ul>\n<li>\n<ul>\n<li>_ga<\/li>\n<li>_gat<\/li>\n<li>_gid<\/li>\n<\/ul>\n<\/li>\n<\/ul>\n<ul>\n<li><strong>Cookie pubblicitari mirati:<\/strong><\/li>\n<\/ul>\n<p>I cookie di targeting sono utilizzati per misurare l&#8217;efficacia di una campagna pubblicitaria, consentendo l&#8217;invio di annunci pubblicitari mirati che ascoltano gli utenti e la cui ricorrenza \u00e8 limitata.<\/p>\n<ul>\n<li>\n<ul>\n<li>gads<\/li>\n<li>DSID<\/li>\n<li>IDE<\/li>\n<li>test_cookies<\/li>\n<li>APISID<\/li>\n<li>CONSENSO<\/li>\n<li>GPS<\/li>\n<li>HSID<\/li>\n<li>LOGIN_INFO<\/li>\n<li>PREF<\/li>\n<li>SAPISID<\/li>\n<li>SID<\/li>\n<li>SSID<\/li>\n<li>VISITATORE_INFO1_LIVE<\/li>\n<li>YSC<\/li>\n<\/ul>\n<\/li>\n<\/ul>\n<h3 class=\"fusion-responsive-typography-calculated\" data-fontsize=\"16\" data-lineheight=\"24px\">UTILIZZO<\/h3>\n<p>I cookie inseriti o utilizzati possono comportare la raccolta di dati personali, in particolare dati di identificazione (indirizzo IP), dati di connessione, dati di accettazione, dati di identit\u00e0 e dati di contatto.<\/p>\n<p><span data-contrast=\"none\">I siti di social media di terze parti possono raccogliere alcune informazioni (come l&#8217;indirizzo IP, il tipo di browser, la lingua utilizzata o l&#8217;ora di accesso) se l&#8217;utente si collega a questi siti mentre naviga sul nostro sito web. Questi siti possono anche collegare queste informazioni raccolte con le informazioni del tuo profilo disponibili sul loro sito web. Non controlliamo queste tecnologie di tracciamento di terze parti, pertanto ti consigliamo di leggere le condizioni d&#8217;uso e l&#8217;Informativa sulla privacy di questi siti di terze parti prima di utilizzarli.  <\/span><span data-ccp-props=\"{\"> <\/span><\/p>\n<p><span data-contrast=\"none\">Altri cookie possono raccogliere Dati personali (comprese le informazioni provenienti dai cookie inseriti dai nostri link pubblicitari su siti di terzi):<\/span><span data-ccp-props=\"{\"> <\/span><\/p>\n<ul>\n<li data-leveltext=\"\uf0b7\" data-font=\"Symbol\" data-listid=\"10\" aria-setsize=\"-1\" data-aria-posinset=\"1\" data-aria-level=\"1\"><span data-contrast=\"none\">Se un utente \u00e8 un utente registrato ;<\/span><span data-ccp-props=\"{\"> <\/span><\/li>\n<li data-leveltext=\"\uf0b7\" data-font=\"Symbol\" data-listid=\"10\" aria-setsize=\"-1\" data-aria-posinset=\"2\" data-aria-level=\"1\"><span data-contrast=\"none\">Se ti inviamo un&#8217;e-mail mirata contenente web beacon, cookie o tecnologie simili, sapremo se aprirai, leggerai o cancellerai questo messaggio.<\/span><\/li>\n<\/ul>\n<h3 class=\"fusion-responsive-typography-calculated\" data-fontsize=\"16\" data-lineheight=\"24px\">ALTRO FOLLOW-UP<\/h3>\n<p><span class=\"TextRun SCXW12873010 BCX9\" lang=\"FR-FR\" xml:lang=\"FR-FR\" data-contrast=\"none\"><span class=\"NormalTextRun SCXW12873010 BCX9\">Alumni.space utilizza anche tecnologie sostanzialmente simili ai cookie, come i web beacon o qualsiasi altra tecnologia che possa apparire nelle e-mail pubblicitarie o nelle newsletter, al fine di determinare se questi messaggi sono stati consultati o se hai cliccato sui link in essi contenuti. I tag Internet non depositano alcun dato sul tuo computer, ma possono essere utilizzati insieme ai cookie per analizzare l&#8217;attivit\u00e0 di navigazione del sito. <\/span><\/span><span class=\"EOP SCXW12873010 BCX9\" data-ccp-props=\"{\"> <\/span><\/p>\n<h3 class=\"fusion-responsive-typography-calculated\" data-fontsize=\"16\" data-lineheight=\"24px\">ACCETTARE O RIFIUTARE I COOKIE<\/h3>\n<p><span data-contrast=\"none\">Alumni.space ti permette di gestire e impostare i tuoi cookie e di accettare o rifiutare alcuni dei cookie memorizzati.<\/span><span data-contrast=\"none\">Puoi anche accettare o rifiutare alcuni o tutti i cookie installati sul tuo computer. <\/span> <span data-ccp-props=\"{\"> <\/span><\/p>\n<p><span data-contrast=\"none\">Vorremmo <\/span><span data-contrast=\"none\">promemoria<\/span><span data-contrast=\"none\"> <\/span><span data-contrast=\"none\">tuttavia <\/span><span data-contrast=\"none\">che la disattivazione dei cookie pu\u00f2 condannare<\/span><span data-contrast=\"none\">Ci\u00f2 pu\u00f2 comportare l&#8217;alterazione o la perdita di alcune impostazioni o informazioni. L&#8217;eliminazione dei cookie pu\u00f2 alterare o addirittura rendere difficile la navigazione del sito web. <\/span><span data-ccp-props=\"{\"> <\/span><\/p>\n<\/div>\n<div class=\"fusion-text fusion-text-3\">\n<p><span data-contrast=\"none\">Se non desideri ricevere i cookie dal nostro sito web, puoi <\/span><span data-contrast=\"none\">anche <\/span><span data-contrast=\"none\">configurare<\/span><span data-contrast=\"none\"> il tuo browser. <\/span><span data-contrast=\"none\">A tal fine, segui le istruzioni riportate di seguito per il tuo browser:<\/span><span data-ccp-props=\"{\"> <\/span><\/p>\n<ul>\n<li data-leveltext=\"\uf0b7\" data-font=\"Symbol\" data-listid=\"11\" aria-setsize=\"-1\" data-aria-posinset=\"1\" data-aria-level=\"1\"><span data-contrast=\"none\">Se stai utilizzando<\/span><a href=\"https:\/\/support.microsoft.com\/fr-fr\/help\/17442\/windows-internet-explorer-delete-manage-cookies\"><span data-contrast=\"none\">Internet Explorer<\/span><\/a><span data-ccp-props=\"{\"> <\/span><\/li>\n<\/ul>\n<ol>\n<li data-leveltext=\"%1.\" data-font=\"vinci_sans_regular,Times New Roman\" data-listid=\"12\" aria-setsize=\"-1\" data-aria-posinset=\"1\" data-aria-level=\"1\"><span data-contrast=\"none\">Seleziona il menu &#8220;Strumenti&#8221;, quindi &#8220;Opzioni Internet&#8221;.<\/span><span data-ccp-props=\"{\"> <\/span><\/li>\n<li data-leveltext=\"%1.\" data-font=\"vinci_sans_regular,Times New Roman\" data-listid=\"12\" aria-setsize=\"-1\" data-aria-posinset=\"1\" data-aria-level=\"1\"><span data-contrast=\"none\">Clicca sulla scheda &#8220;Riservatezza&#8221; ( <\/span><span data-contrast=\"none\">Riservatezza<\/span><span data-contrast=\"none\"> &#8220;).<\/span><span data-ccp-props=\"{\"><br \/>\n<\/span><span data-contrast=\"none\">Seleziona il livello desiderato utilizzando il cursore.<\/span><span data-ccp-props=\"{\"> <\/span><\/li>\n<\/ol>\n<ul>\n<li><span data-contrast=\"none\"> <span data-contrast=\"none\">Se stai utilizzando<\/span><a href=\"https:\/\/support.mozilla.org\/fr\/kb\/effacer-les-cookies-pour-supprimer-les-information#:~:text=S%C3%A9lectionnez%20le%20panneau%20Vie%20priv%C3%A9e,des%20donn%C3%A9es%20de%20sites%20appara%C3%AEt.\" target=\"_blank\" rel=\"noopener noreferrer\"><span data-contrast=\"none\">Firefox<\/span><\/a><\/span><span data-ccp-props=\"{\"> <\/span><\/li>\n<\/ul>\n<ol>\n<li data-leveltext=\"%1.\" data-font=\"vinci_sans_regular,Times New Roman\" data-listid=\"14\" aria-setsize=\"-1\" data-aria-posinset=\"1\" data-aria-level=\"1\"><span data-contrast=\"none\">Seleziona il menu &#8220;Strumenti&#8221; &gt; &#8220;Opzioni&#8221;.<\/span><span data-ccp-props=\"{\"> <\/span><\/li>\n<li data-leveltext=\"%1.\" data-font=\"vinci_sans_regular,Times New Roman\" data-listid=\"14\" aria-setsize=\"-1\" data-aria-posinset=\"1\" data-aria-level=\"1\"><span data-contrast=\"none\">Clicca sull&#8217;opzione &#8220;Privacy&#8221;.<\/span><span data-ccp-props=\"{\"> <\/span><\/li>\n<\/ol>\n<p><span data-contrast=\"none\">\u202f<\/span><span data-ccp-props=\"{\"> <\/span><\/p>\n<ul>\n<li data-leveltext=\"\uf0b7\" data-font=\"Symbol\" data-listid=\"15\" aria-setsize=\"-1\" data-aria-posinset=\"1\" data-aria-level=\"1\"><span data-contrast=\"none\">Se stai utilizzando<\/span><a href=\"https:\/\/support.apple.com\/kb\/ph5042?locale=en_US\"><span data-contrast=\"none\">Safari<\/span><\/a><span data-ccp-props=\"{\"> <\/span><\/li>\n<\/ul>\n<ol>\n<li data-leveltext=\"%1.\" data-font=\"vinci_sans_regular,Times New Roman\" data-listid=\"16\" aria-setsize=\"-1\" data-aria-posinset=\"1\" data-aria-level=\"1\"><span data-contrast=\"none\">Seleziona il menu &#8220;Modifica&#8221;.<\/span><span data-ccp-props=\"{\"> <\/span><\/li>\n<li data-leveltext=\"%1.\" data-font=\"vinci_sans_regular,Times New Roman\" data-listid=\"16\" aria-setsize=\"-1\" data-aria-posinset=\"1\" data-aria-level=\"1\"><span data-contrast=\"none\">Clicca sull&#8217;opzione &#8220;Preferenze&#8221;.<\/span><span data-ccp-props=\"{\"> <\/span><\/li>\n<li data-leveltext=\"%1.\" data-font=\"vinci_sans_regular,Times New Roman\" data-listid=\"16\" aria-setsize=\"-1\" data-aria-posinset=\"1\" data-aria-level=\"1\"><span data-contrast=\"none\">Clicca sull&#8217;opzione &#8220;Sicurezza&#8221;.<\/span><span data-ccp-props=\"{\"> <\/span><\/li>\n<li data-leveltext=\"%1.\" data-font=\"vinci_sans_regular,Times New Roman\" data-listid=\"16\" aria-setsize=\"-1\" data-aria-posinset=\"1\" data-aria-level=\"1\"><span data-contrast=\"none\">Clicca su &#8220;Mostra i cookie&#8221;.<\/span><span data-ccp-props=\"{\"> <\/span><\/li>\n<\/ol>\n<p><span data-contrast=\"none\">\u202f<\/span><span data-ccp-props=\"{\"> <\/span><\/p>\n<ul>\n<li data-leveltext=\"\uf0b7\" data-font=\"Symbol\" data-listid=\"17\" aria-setsize=\"-1\" data-aria-posinset=\"1\" data-aria-level=\"1\"><span data-contrast=\"none\">Se utilizzi<\/span><a href=\"https:\/\/support.google.com\/chrome\/answer\/95647?hl=fr\"><span data-contrast=\"none\">Google Chrome<\/span><\/a><span data-ccp-props=\"{\"> <\/span><\/li>\n<\/ul>\n<ol>\n<li data-leveltext=\"%1.\" data-font=\"vinci_sans_regular,Times New Roman\" data-listid=\"18\" aria-setsize=\"-1\" data-aria-posinset=\"1\" data-aria-level=\"1\"><span data-contrast=\"none\">Sul tuo computer, apri Chrome.<\/span><span data-ccp-props=\"{\"> <\/span><\/li>\n<li data-leveltext=\"%1.\" data-font=\"vinci_sans_regular,Times New Roman\" data-listid=\"18\" aria-setsize=\"-1\" data-aria-posinset=\"1\" data-aria-level=\"1\"><span data-contrast=\"none\">Nell&#8217;angolo in alto a destra, clicca su &#8220;Altre impostazioni&#8221;.<\/span><span data-ccp-props=\"{\"> <\/span><\/li>\n<li data-leveltext=\"%1.\" data-font=\"vinci_sans_regular,Times New Roman\" data-listid=\"18\" aria-setsize=\"-1\" data-aria-posinset=\"1\" data-aria-level=\"1\"><span data-contrast=\"none\">Alla voce &#8220;Riservatezza e sicurezza&#8221;, clicca su &#8220;Cookie e altri dati del sito&#8221;.<\/span><span data-ccp-props=\"{\"> <\/span><\/li>\n<li data-leveltext=\"%1.\" data-font=\"vinci_sans_regular,Times New Roman\" data-listid=\"18\" aria-setsize=\"-1\" data-aria-posinset=\"1\" data-aria-level=\"1\"><span data-contrast=\"none\">Clicca su &#8220;Mostra tutti i cookie e i dati del sito&#8221; per eliminare tutto.<\/span><span data-ccp-props=\"{\"> <\/span><\/li>\n<li data-leveltext=\"%1.\" data-font=\"vinci_sans_regular,Times New Roman\" data-listid=\"18\" aria-setsize=\"-1\" data-aria-posinset=\"1\" data-aria-level=\"1\"><span data-contrast=\"none\">Conferma l&#8217;eliminazione cliccando su &#8220;Elimina tutto&#8221;.<\/span><span data-ccp-props=\"{\"> <\/span><\/li>\n<\/ol>\n<h3 class=\"fusion-responsive-typography-calculated\" data-fontsize=\"16\" data-lineheight=\"24px\"><\/h3>\n<h3 class=\"fusion-responsive-typography-calculated\" data-fontsize=\"16\" data-lineheight=\"24px\">EVOLUZIONE<\/h3>\n<p><span data-contrast=\"auto\">Questa politica \u00e8 stata aggiornata il 30\/12\/2021.  <\/span><span data-ccp-props=\"{\"> <\/span><\/p>\n<p><span data-contrast=\"auto\">Potr\u00e0 essere modificato in qualsiasi momento in caso di modifiche alla legislazione, alla giurisprudenza o alle raccomandazioni della CNIL.  <\/span><span data-ccp-props=\"{\"> <\/span><\/p>\n<\/div>\n<\/div><\/div><\/div><\/div><\/div>\n","protected":false},"excerpt":{"rendered":"","protected":false},"author":1,"featured_media":0,"parent":0,"menu_order":0,"comment_status":"closed","ping_status":"closed","template":"100-width.php","meta":{"_ayudawp_aiss_exclude":false,"footnotes":""},"class_list":["post-4350","page","type-page","status-publish","hentry"],"yoast_head":"<!-- This site is optimized with the Yoast SEO plugin v27.4 - https:\/\/yoast.com\/product\/yoast-seo-wordpress\/ -->\n<title>Informativa sui cookie - Alumni.space<\/title>\n<meta name=\"robots\" content=\"index, follow, max-snippet:-1, max-image-preview:large, max-video-preview:-1\" \/>\n<link rel=\"canonical\" href=\"https:\/\/www.alumni.space\/it\/informativa-sui-cookie\/\" \/>\n<meta property=\"og:locale\" content=\"it_IT\" \/>\n<meta property=\"og:type\" content=\"article\" \/>\n<meta property=\"og:title\" content=\"Informativa sui cookie - Alumni.space\" \/>\n<meta property=\"og:url\" content=\"https:\/\/www.alumni.space\/it\/informativa-sui-cookie\/\" \/>\n<meta property=\"og:site_name\" content=\"Alumni.space\" \/>\n<meta property=\"article:modified_time\" content=\"2026-03-26T12:01:42+00:00\" \/>\n<meta name=\"twitter:card\" content=\"summary_large_image\" \/>\n<meta name=\"twitter:label1\" content=\"Tempo di lettura stimato\" \/>\n\t<meta name=\"twitter:data1\" content=\"11 minuti\" \/>\n<script type=\"application\/ld+json\" class=\"yoast-schema-graph\">{\"@context\":\"https:\\\/\\\/schema.org\",\"@graph\":[{\"@type\":\"WebPage\",\"@id\":\"https:\\\/\\\/www.alumni.space\\\/it\\\/informativa-sui-cookie\\\/\",\"url\":\"https:\\\/\\\/www.alumni.space\\\/it\\\/informativa-sui-cookie\\\/\",\"name\":\"Informativa sui cookie - Alumni.space\",\"isPartOf\":{\"@id\":\"https:\\\/\\\/www.alumni.space\\\/it\\\/#website\"},\"datePublished\":\"2025-12-17T07:56:54+00:00\",\"dateModified\":\"2026-03-26T12:01:42+00:00\",\"breadcrumb\":{\"@id\":\"https:\\\/\\\/www.alumni.space\\\/it\\\/informativa-sui-cookie\\\/#breadcrumb\"},\"inLanguage\":\"it-IT\",\"potentialAction\":[{\"@type\":\"ReadAction\",\"target\":[\"https:\\\/\\\/www.alumni.space\\\/it\\\/informativa-sui-cookie\\\/\"]}]},{\"@type\":\"BreadcrumbList\",\"@id\":\"https:\\\/\\\/www.alumni.space\\\/it\\\/informativa-sui-cookie\\\/#breadcrumb\",\"itemListElement\":[{\"@type\":\"ListItem\",\"position\":1,\"name\":\"Home\",\"item\":\"https:\\\/\\\/www.alumni.space\\\/it\\\/piattaforma-di-mentoring-e-di-gestione-degli-alumni\\\/\"},{\"@type\":\"ListItem\",\"position\":2,\"name\":\"Informativa sui cookie\"}]},{\"@type\":\"WebSite\",\"@id\":\"https:\\\/\\\/www.alumni.space\\\/it\\\/#website\",\"url\":\"https:\\\/\\\/www.alumni.space\\\/it\\\/\",\"name\":\"Alumni.space\",\"description\":\"My WordPress Blog\",\"potentialAction\":[{\"@type\":\"SearchAction\",\"target\":{\"@type\":\"EntryPoint\",\"urlTemplate\":\"https:\\\/\\\/www.alumni.space\\\/it\\\/?s={search_term_string}\"},\"query-input\":{\"@type\":\"PropertyValueSpecification\",\"valueRequired\":true,\"valueName\":\"search_term_string\"}}],\"inLanguage\":\"it-IT\"}]}<\/script>\n<!-- \/ Yoast SEO plugin. -->","yoast_head_json":{"title":"Informativa sui cookie - Alumni.space","robots":{"index":"index","follow":"follow","max-snippet":"max-snippet:-1","max-image-preview":"max-image-preview:large","max-video-preview":"max-video-preview:-1"},"canonical":"https:\/\/www.alumni.space\/it\/informativa-sui-cookie\/","og_locale":"it_IT","og_type":"article","og_title":"Informativa sui cookie - Alumni.space","og_url":"https:\/\/www.alumni.space\/it\/informativa-sui-cookie\/","og_site_name":"Alumni.space","article_modified_time":"2026-03-26T12:01:42+00:00","twitter_card":"summary_large_image","twitter_misc":{"Tempo di lettura stimato":"11 minuti"},"schema":{"@context":"https:\/\/schema.org","@graph":[{"@type":"WebPage","@id":"https:\/\/www.alumni.space\/it\/informativa-sui-cookie\/","url":"https:\/\/www.alumni.space\/it\/informativa-sui-cookie\/","name":"Informativa sui cookie - Alumni.space","isPartOf":{"@id":"https:\/\/www.alumni.space\/it\/#website"},"datePublished":"2025-12-17T07:56:54+00:00","dateModified":"2026-03-26T12:01:42+00:00","breadcrumb":{"@id":"https:\/\/www.alumni.space\/it\/informativa-sui-cookie\/#breadcrumb"},"inLanguage":"it-IT","potentialAction":[{"@type":"ReadAction","target":["https:\/\/www.alumni.space\/it\/informativa-sui-cookie\/"]}]},{"@type":"BreadcrumbList","@id":"https:\/\/www.alumni.space\/it\/informativa-sui-cookie\/#breadcrumb","itemListElement":[{"@type":"ListItem","position":1,"name":"Home","item":"https:\/\/www.alumni.space\/it\/piattaforma-di-mentoring-e-di-gestione-degli-alumni\/"},{"@type":"ListItem","position":2,"name":"Informativa sui cookie"}]},{"@type":"WebSite","@id":"https:\/\/www.alumni.space\/it\/#website","url":"https:\/\/www.alumni.space\/it\/","name":"Alumni.space","description":"My WordPress Blog","potentialAction":[{"@type":"SearchAction","target":{"@type":"EntryPoint","urlTemplate":"https:\/\/www.alumni.space\/it\/?s={search_term_string}"},"query-input":{"@type":"PropertyValueSpecification","valueRequired":true,"valueName":"search_term_string"}}],"inLanguage":"it-IT"}]}},"_links":{"self":[{"href":"https:\/\/www.alumni.space\/it\/wp-json\/wp\/v2\/pages\/4350","targetHints":{"allow":["GET"]}}],"collection":[{"href":"https:\/\/www.alumni.space\/it\/wp-json\/wp\/v2\/pages"}],"about":[{"href":"https:\/\/www.alumni.space\/it\/wp-json\/wp\/v2\/types\/page"}],"author":[{"embeddable":true,"href":"https:\/\/www.alumni.space\/it\/wp-json\/wp\/v2\/users\/1"}],"replies":[{"embeddable":true,"href":"https:\/\/www.alumni.space\/it\/wp-json\/wp\/v2\/comments?post=4350"}],"version-history":[{"count":6,"href":"https:\/\/www.alumni.space\/it\/wp-json\/wp\/v2\/pages\/4350\/revisions"}],"predecessor-version":[{"id":4374,"href":"https:\/\/www.alumni.space\/it\/wp-json\/wp\/v2\/pages\/4350\/revisions\/4374"}],"wp:attachment":[{"href":"https:\/\/www.alumni.space\/it\/wp-json\/wp\/v2\/media?parent=4350"}],"curies":[{"name":"wp","href":"https:\/\/api.w.org\/{rel}","templated":true}]}}