{"id":4335,"date":"2025-12-17T07:59:40","date_gmt":"2025-12-17T07:59:40","guid":{"rendered":"https:\/\/www.alumni.space\/termini-e-condizioni-generali-di-accesso-e-utilizzo\/"},"modified":"2026-03-26T12:01:31","modified_gmt":"2026-03-26T12:01:31","slug":"termini-e-condizioni-generali-di-accesso-e-utilizzo","status":"publish","type":"page","link":"https:\/\/www.alumni.space\/it\/termini-e-condizioni-generali-di-accesso-e-utilizzo\/","title":{"rendered":"Termini e condizioni generali di accesso e utilizzo"},"content":{"rendered":"<div class=\"fusion-fullwidth fullwidth-box fusion-builder-row-1 fusion-flex-container has-pattern-background has-mask-background nonhundred-percent-fullwidth non-hundred-percent-height-scrolling\" style=\"--awb-border-radius-top-left:0px;--awb-border-radius-top-right:0px;--awb-border-radius-bottom-right:0px;--awb-border-radius-bottom-left:0px;--awb-flex-wrap:wrap;\" ><div class=\"fusion-builder-row fusion-row fusion-flex-align-items-flex-start fusion-flex-content-wrap\" style=\"max-width:1248px;margin-left: calc(-4% \/ 2 );margin-right: calc(-4% \/ 2 );\"><div class=\"fusion-layout-column fusion_builder_column fusion-builder-column-0 fusion_builder_column_1_1 1_1 fusion-flex-column\" style=\"--awb-bg-size:cover;--awb-width-large:100%;--awb-margin-top-large:0px;--awb-spacing-right-large:1.92%;--awb-margin-bottom-large:20px;--awb-spacing-left-large:1.92%;--awb-width-medium:100%;--awb-order-medium:0;--awb-spacing-right-medium:1.92%;--awb-spacing-left-medium:1.92%;--awb-width-small:100%;--awb-order-small:0;--awb-spacing-right-small:1.92%;--awb-spacing-left-small:1.92%;\"><div class=\"fusion-column-wrapper fusion-column-has-shadow fusion-flex-justify-content-flex-start fusion-content-layout-column\"><div class=\"fusion-text fusion-text-1\"><div class=\"post-content\">\n<div class=\"fusion-fullwidth fullwidth-box fusion-builder-row-1 fusion-flex-container nonhundred-percent-fullwidth non-hundred-percent-height-scrolling\">\n<div class=\"fusion-builder-row fusion-row fusion-flex-align-items-flex-start fusion-flex-content-wrap\">\n<div class=\"fusion-layout-column fusion_builder_column fusion-builder-column-0 fusion_builder_column_1_1 1_1 fusion-flex-column\">\n<div class=\"fusion-column-wrapper fusion-flex-justify-content-flex-start fusion-content-layout-column\">\n<div class=\"fusion-text fusion-text-1\">\n<h2 class=\"fusion-responsive-typography-calculated\" data-fontsize=\"18\" data-lineheight=\"27px\">CONDIZIONI GENERALI DI ACCESSO E UTILIZZO<\/h2>\n<h3 class=\"fusion-responsive-typography-calculated\" data-fontsize=\"16\" data-lineheight=\"24px\">OGGETTO<\/h3>\n<p>Lo scopo del sito www.alumni.space (il &#8220;Sito&#8221;) \u00e8 quello di fornire informazioni su alumni.space e sulle aziende\/societ\u00e0\/marchi che lo compongono, sia ai dipendenti di alumni.space che a qualsiasi pubblico professionale o privato che desideri conoscere il Gruppo e i suoi risultati (gli &#8220;Utenti&#8221;).<br \/>\nLe informazioni sono fornite come parte di un&#8217;informativa generale, senza garanzia di idoneit\u00e0 per un particolare scopo d&#8217;uso. alumni.space pu\u00f2 modificarle, aggiornarle, in qualsiasi momento senza preavviso.<br \/>\nTutte le informazioni contenute nel sito web, e pi\u00f9 in generale tutti gli elementi, compresi software, dati, testi, grafici, immagini, suoni, video, loghi, simboli, codici html di seguito denominati &#8220;Contenuti&#8221;, sono messi a disposizione degli utenti a scopo puramente informativo. In nessun caso possono essere interpretati come un&#8217;offerta commerciale, una licenza, una consulenza o un rapporto professionale tra l&#8217;utente e alumni.space. Il Contenuto fornito su questo sito non esonera l&#8217;utente dal procedere autonomamente al controllo delle informazioni fornite.<br \/>\nL&#8217;utilizzo del sito \u00e8 soggetto al rispetto delle Condizioni Generali d&#8217;Uso del sito web come di seguito dettagliate e delle leggi applicabili in Francia. Chiunque acceda al sito accetta le Condizioni d&#8217;uso del sito e si impegna a rispettarle.<br \/>\nI termini &#8220;noi&#8221;, &#8220;ci&#8221;, &#8220;nostro&#8221; si riferiscono ad alumni.space o a qualsiasi altra filiale del gruppo in generale.    <\/p>\n<h3 class=\"fusion-responsive-typography-calculated\" data-fontsize=\"16\" data-lineheight=\"24px\">COLLEGAMENTI IPERTESTUALI<\/h3>\n<p>Il sito pu\u00f2 contenere collegamenti ipertestuali ad altri siti o altre fonti Internet che non sono gestiti n\u00e9 controllati da alumni.space.<\/p>\n<p><strong>Attivazione di link<\/strong><br \/>\nalumni.space non pu\u00f2 essere ritenuta responsabile di questi siti, del loro contenuto, funzionamento, aggiornamento, conformit\u00e0 e accuratezza, n\u00e9 dell&#8217;uso che ne possono fare gli utenti, compresi i danni causati da virus o malware propagati durante il collegamento a fonti esterne.<br \/>\n\u00c8 responsabilit\u00e0 degli utenti di Internet adottare tutte le misure appropriate per proteggere il proprio hardware, i propri dati o il proprio software, in particolare contro i virus informatici che circolano in rete.<\/p>\n<p><strong>Autorizzazione dei link<\/strong><br \/>\nSe desideri creare un link ipertestuale a questo sito web, devi ottenere l&#8217;autorizzazione scritta da parte di alumni.space utilizzando i dettagli di contatto riportati di seguito.<\/p>\n<h3 class=\"fusion-responsive-typography-calculated\" data-fontsize=\"16\" data-lineheight=\"24px\">DIRITTI DI PROPRIET\u00c0 INTELLETTUALE<\/h3>\n<p>Questo sito web \u00e8 protetto da diritti di propriet\u00e0 intellettuale, tra cui, a titolo esemplificativo ma non esaustivo, marchi, copyright, design, diritti sui generis del produttore del database, ecc. ed \u00e8 di propriet\u00e0 esclusiva di alumni.space.<br \/>\nI suoi Contenuti, inclusi, a titolo esemplificativo ma non esaustivo, testi, dati, grafici, immagini, suoni, video, loghi, icone, codice html, sono protetti dalle leggi sulla propriet\u00e0 intellettuale e rimangono di propriet\u00e0 di alumni.space o di terzi autorizzati.<br \/>\n\u00c8 severamente vietata la riproduzione, la rappresentazione, l&#8217;uso o la modifica con qualsiasi mezzo e su qualsiasi supporto, in tutto o in parte, del sito, di uno o pi\u00f9 dei suoi componenti e\/o dei marchi in esso riprodotti, senza aver ottenuto il consenso scritto di alumni.space.<br \/>\nIl fatto che alumni.space non avvii un procedimento non appena viene a conoscenza di questi usi non autorizzati non implica l&#8217;accettazione di tali usi e la rinuncia a perseguirli. Non \u00e8 possibile attribuire alcun diritto implicito o licenza su nessuno di questi elementi senza l&#8217;autorizzazione scritta di alumni.space o del terzo titolare dei diritti.<br \/>\nTuttavia, l&#8217;utente \u00e8 autorizzato a rappresentare e\/o riprodurre elementi del sito per uso esclusivamente privato, a condizione di indicare sistematicamente qualsiasi menzione di copyright o di altri diritti di propriet\u00e0 intellettuale che possa apparire sulle pagine del sito che verranno riprodotte. <\/p>\n<p><strong>Database(i)<\/strong><br \/>\nalumni.space vieta espressamente il riutilizzo, la riproduzione o l&#8217;estrazione di elementi dai database contenuti nel sito. Qualsiasi riutilizzo, riproduzione o estrazione non autorizzata comporta la responsabilit\u00e0 dell&#8217;utente. <\/p>\n<p><strong>Diritti d&#8217;immagine<\/strong><br \/>\nI clienti, i partner e, pi\u00f9 in generale, tutte le persone rappresentate nelle foto e nei filmati pubblicati su questo sito web hanno acconsentito all&#8217;utilizzo della loro immagine nelle campagne prodotte per alumni.space, per i suoi marchi, per le sue aziende o per i suoi partner, clienti, project manager o subappaltatori.<br \/>\nI dipendenti e i manager di alumni.space le cui immagini sono utilizzate in questo sito hanno dato il loro consenso all&#8217;utilizzo di questi documenti iconografici nell&#8217;ambito della comunicazione esterna del Gruppo.<br \/>\nGli utenti del sito non possono riprodurre, rappresentare o utilizzare in alcun modo queste foto e questi filmati senza il preventivo consenso scritto di alumni.space. Qualsiasi utilizzo, anche parziale, di questi documenti, in violazione del suddetto obbligo, espone il suo autore a procedimenti legali. <\/p>\n<h3 class=\"fusion-responsive-typography-calculated\" data-fontsize=\"16\" data-lineheight=\"24px\">RESPONSABILIT\u00c0 E GARANZIE<\/h3>\n<p>Il Contenuto \u00e8 fornito &#8220;cos\u00ec com&#8217;\u00e8&#8221;, senza alcuna garanzia di alcun tipo, espressa o implicita, e in particolare senza alcuna garanzia che il Contenuto soddisfi le esigenze dell&#8217;utente o che il Contenuto sia aggiornato.<\/p>\n<p>alumni.space si impegna a fornire contenuti affidabili sul proprio sito web, ma non garantisce che il sito sia privo di imprecisioni, errori tipografici, omissioni e\/o virus.<\/p>\n<p>alumni.space si riserva il diritto di apportare miglioramenti e\/o modifiche al Contenuto in qualsiasi momento e senza preavviso.<\/p>\n<p>alumni.space non garantisce i risultati dell&#8217;uso di qualsiasi software disponibile sul suo sito web. L&#8217;utente \u00e8 l&#8217;unico responsabile dell&#8217;uso delle informazioni contenute in questo sito web. <\/p>\n<p>alumni.space declina ogni responsabilit\u00e0 in caso di interruzione, sospensione o malfunzionamento del sito web, perdita di dati o presenza di bug.<\/p>\n<p>alumni.space non sar\u00e0 responsabile per eventuali danni indiretti derivanti dall&#8217;uso di questo sito web o di altri siti web ad esso collegati, anche se alumni.space \u00e8 stato avvisato della possibilit\u00e0 di tali danni.<\/p>\n<h3 class=\"fusion-responsive-typography-calculated\" data-fontsize=\"16\" data-lineheight=\"24px\">IMPEGNI DELL&#8217;UTENTE<\/h3>\n<p>Le informazioni fornite dagli utenti ad alumni.space saranno considerate non confidenziali. Tuttavia, nel caso in cui le informazioni fornite siano dati personali ai sensi della legge applicabile, saranno trattate in conformit\u00e0 con la Politica di Protezione dei Dati Personali applicabile.<br \/>\nOgni utente del sito web dichiara di rispettare le presenti condizioni generali di utilizzo e in particolare di: <\/p>\n<ul>\n<li>garantire che qualsiasi informazione, o elemento, progetto, file o commento diverso dai dati personali, che l&#8217;utente pu\u00f2 trasmettere ad alumni.space tramite il sito web, non violi alcun diritto di propriet\u00e0 intellettuale di terzi o qualsiasi altra legge applicabile.<\/li>\n<li>verificare che la configurazione del computer utilizzato sia priva di virus e perfettamente funzionante;<\/li>\n<li>concedere ad alumni.space, alle sue filiali e ai suoi partner il diritto di utilizzare qualsiasi informazione fornita (ad eccezione dei dati personali);<\/li>\n<li>alumni.space si riserva il diritto di sospendere l&#8217;accesso dell&#8217;utente al sito web in caso di uso fraudolento o di tentativo di uso fraudolento di tale accesso. <\/li>\n<\/ul>\n<h3 class=\"fusion-responsive-typography-calculated\" data-fontsize=\"16\" data-lineheight=\"24px\">DATI PERSONALI E COOKIE<\/h3>\n<p>Consulta il nostro sito  <a href=\"https:\/\/www.alumni.space\/it\/dati-personali\/\">Politica di protezione dei dati personali<\/a><\/p>\n<h3 class=\"fusion-responsive-typography-calculated\" data-fontsize=\"16\" data-lineheight=\"24px\">CAMBIAMENTO<\/h3>\n<p>alumni.space si riserva il diritto di modificare e\/o aggiornare l&#8217;accesso al sito web e le Condizioni Generali d&#8217;Uso in qualsiasi momento. Tali modifiche e aggiornamenti sono vincolanti per l&#8217;utente, che deve pertanto consultare regolarmente questa sezione per verificare le Condizioni Generali in vigore. <\/p>\n<p>alumni.space si riserva il diritto di modificare e\/o eliminare tutto o parte del sito web senza preavviso agli utenti.<\/p>\n<p>alumni.space declina ogni responsabilit\u00e0 per qualsiasi difficolt\u00e0 incontrata nell&#8217;accesso al sito web o per qualsiasi errore di comunicazione.<\/p>\n<h3 class=\"fusion-responsive-typography-calculated\" data-fontsize=\"16\" data-lineheight=\"24px\">CONTATTO<\/h3>\n<p>In caso di domande sulle condizioni di utilizzo del sito web, ti invitiamo a contattarci via e-mail utilizzando il modulo di contatto o al seguente indirizzo  <a href=\"mailto:contact@poleetic.com\">contact@poleetic.com<\/a><\/p>\n<h3 class=\"fusion-responsive-typography-calculated\" data-fontsize=\"16\" data-lineheight=\"24px\">LEGGE APPLICABILE<\/h3>\n<p>Il sito web \u00e8 scritto in francese, inglese e spagnolo. In caso di controversie, prevarr\u00e0 la lingua francese. Le presenti Condizioni Generali d&#8217;Uso sono regolate dalla legge francese. Qualsiasi controversia relativa all&#8217;applicazione, all&#8217;esecuzione e\/o all&#8217;interpretazione dei presenti Termini e Condizioni Generali d&#8217;Uso sar\u00e0 sottoposta ai tribunali competenti per l&#8217;area di Parigi, fatta salva una specifica attribuzione di giurisdizione derivante da un particolare testo legale o normativo.   <\/p>\n<p>alumni.space si riserva il diritto di intraprendere azioni legali in caso di mancato rispetto dei presenti Termini e Condizioni d&#8217;uso.<\/p>\n<\/div>\n<\/div>\n<\/div>\n<\/div>\n<\/div>\n<\/div>\n<\/div><\/div><\/div><\/div><\/div>\n","protected":false},"excerpt":{"rendered":"","protected":false},"author":1,"featured_media":0,"parent":0,"menu_order":0,"comment_status":"closed","ping_status":"closed","template":"100-width.php","meta":{"_ayudawp_aiss_exclude":false,"footnotes":""},"class_list":["post-4335","page","type-page","status-publish","hentry"],"yoast_head":"<!-- This site is optimized with the Yoast SEO plugin v27.4 - https:\/\/yoast.com\/product\/yoast-seo-wordpress\/ -->\n<title>Termini e condizioni generali di accesso e utilizzo - Alumni.space<\/title>\n<meta name=\"robots\" content=\"index, follow, max-snippet:-1, max-image-preview:large, max-video-preview:-1\" \/>\n<link rel=\"canonical\" href=\"https:\/\/www.alumni.space\/it\/termini-e-condizioni-generali-di-accesso-e-utilizzo\/\" \/>\n<meta property=\"og:locale\" content=\"it_IT\" \/>\n<meta property=\"og:type\" content=\"article\" \/>\n<meta property=\"og:title\" content=\"Termini e condizioni generali di accesso e utilizzo - Alumni.space\" \/>\n<meta property=\"og:url\" content=\"https:\/\/www.alumni.space\/it\/termini-e-condizioni-generali-di-accesso-e-utilizzo\/\" \/>\n<meta property=\"og:site_name\" content=\"Alumni.space\" \/>\n<meta property=\"article:modified_time\" content=\"2026-03-26T12:01:31+00:00\" \/>\n<meta name=\"twitter:card\" content=\"summary_large_image\" \/>\n<meta name=\"twitter:label1\" content=\"Tempo di lettura stimato\" \/>\n\t<meta name=\"twitter:data1\" content=\"12 minuti\" \/>\n<script type=\"application\/ld+json\" class=\"yoast-schema-graph\">{\"@context\":\"https:\\\/\\\/schema.org\",\"@graph\":[{\"@type\":\"WebPage\",\"@id\":\"https:\\\/\\\/www.alumni.space\\\/it\\\/termini-e-condizioni-generali-di-accesso-e-utilizzo\\\/\",\"url\":\"https:\\\/\\\/www.alumni.space\\\/it\\\/termini-e-condizioni-generali-di-accesso-e-utilizzo\\\/\",\"name\":\"Termini e condizioni generali di accesso e utilizzo - Alumni.space\",\"isPartOf\":{\"@id\":\"https:\\\/\\\/www.alumni.space\\\/it\\\/#website\"},\"datePublished\":\"2025-12-17T07:59:40+00:00\",\"dateModified\":\"2026-03-26T12:01:31+00:00\",\"breadcrumb\":{\"@id\":\"https:\\\/\\\/www.alumni.space\\\/it\\\/termini-e-condizioni-generali-di-accesso-e-utilizzo\\\/#breadcrumb\"},\"inLanguage\":\"it-IT\",\"potentialAction\":[{\"@type\":\"ReadAction\",\"target\":[\"https:\\\/\\\/www.alumni.space\\\/it\\\/termini-e-condizioni-generali-di-accesso-e-utilizzo\\\/\"]}]},{\"@type\":\"BreadcrumbList\",\"@id\":\"https:\\\/\\\/www.alumni.space\\\/it\\\/termini-e-condizioni-generali-di-accesso-e-utilizzo\\\/#breadcrumb\",\"itemListElement\":[{\"@type\":\"ListItem\",\"position\":1,\"name\":\"Home\",\"item\":\"https:\\\/\\\/www.alumni.space\\\/it\\\/piattaforma-di-mentoring-e-di-gestione-degli-alumni\\\/\"},{\"@type\":\"ListItem\",\"position\":2,\"name\":\"Termini e condizioni generali di accesso e utilizzo\"}]},{\"@type\":\"WebSite\",\"@id\":\"https:\\\/\\\/www.alumni.space\\\/it\\\/#website\",\"url\":\"https:\\\/\\\/www.alumni.space\\\/it\\\/\",\"name\":\"Alumni.space\",\"description\":\"My WordPress Blog\",\"potentialAction\":[{\"@type\":\"SearchAction\",\"target\":{\"@type\":\"EntryPoint\",\"urlTemplate\":\"https:\\\/\\\/www.alumni.space\\\/it\\\/?s={search_term_string}\"},\"query-input\":{\"@type\":\"PropertyValueSpecification\",\"valueRequired\":true,\"valueName\":\"search_term_string\"}}],\"inLanguage\":\"it-IT\"}]}<\/script>\n<!-- \/ Yoast SEO plugin. -->","yoast_head_json":{"title":"Termini e condizioni generali di accesso e utilizzo - Alumni.space","robots":{"index":"index","follow":"follow","max-snippet":"max-snippet:-1","max-image-preview":"max-image-preview:large","max-video-preview":"max-video-preview:-1"},"canonical":"https:\/\/www.alumni.space\/it\/termini-e-condizioni-generali-di-accesso-e-utilizzo\/","og_locale":"it_IT","og_type":"article","og_title":"Termini e condizioni generali di accesso e utilizzo - Alumni.space","og_url":"https:\/\/www.alumni.space\/it\/termini-e-condizioni-generali-di-accesso-e-utilizzo\/","og_site_name":"Alumni.space","article_modified_time":"2026-03-26T12:01:31+00:00","twitter_card":"summary_large_image","twitter_misc":{"Tempo di lettura stimato":"12 minuti"},"schema":{"@context":"https:\/\/schema.org","@graph":[{"@type":"WebPage","@id":"https:\/\/www.alumni.space\/it\/termini-e-condizioni-generali-di-accesso-e-utilizzo\/","url":"https:\/\/www.alumni.space\/it\/termini-e-condizioni-generali-di-accesso-e-utilizzo\/","name":"Termini e condizioni generali di accesso e utilizzo - Alumni.space","isPartOf":{"@id":"https:\/\/www.alumni.space\/it\/#website"},"datePublished":"2025-12-17T07:59:40+00:00","dateModified":"2026-03-26T12:01:31+00:00","breadcrumb":{"@id":"https:\/\/www.alumni.space\/it\/termini-e-condizioni-generali-di-accesso-e-utilizzo\/#breadcrumb"},"inLanguage":"it-IT","potentialAction":[{"@type":"ReadAction","target":["https:\/\/www.alumni.space\/it\/termini-e-condizioni-generali-di-accesso-e-utilizzo\/"]}]},{"@type":"BreadcrumbList","@id":"https:\/\/www.alumni.space\/it\/termini-e-condizioni-generali-di-accesso-e-utilizzo\/#breadcrumb","itemListElement":[{"@type":"ListItem","position":1,"name":"Home","item":"https:\/\/www.alumni.space\/it\/piattaforma-di-mentoring-e-di-gestione-degli-alumni\/"},{"@type":"ListItem","position":2,"name":"Termini e condizioni generali di accesso e utilizzo"}]},{"@type":"WebSite","@id":"https:\/\/www.alumni.space\/it\/#website","url":"https:\/\/www.alumni.space\/it\/","name":"Alumni.space","description":"My WordPress Blog","potentialAction":[{"@type":"SearchAction","target":{"@type":"EntryPoint","urlTemplate":"https:\/\/www.alumni.space\/it\/?s={search_term_string}"},"query-input":{"@type":"PropertyValueSpecification","valueRequired":true,"valueName":"search_term_string"}}],"inLanguage":"it-IT"}]}},"_links":{"self":[{"href":"https:\/\/www.alumni.space\/it\/wp-json\/wp\/v2\/pages\/4335","targetHints":{"allow":["GET"]}}],"collection":[{"href":"https:\/\/www.alumni.space\/it\/wp-json\/wp\/v2\/pages"}],"about":[{"href":"https:\/\/www.alumni.space\/it\/wp-json\/wp\/v2\/types\/page"}],"author":[{"embeddable":true,"href":"https:\/\/www.alumni.space\/it\/wp-json\/wp\/v2\/users\/1"}],"replies":[{"embeddable":true,"href":"https:\/\/www.alumni.space\/it\/wp-json\/wp\/v2\/comments?post=4335"}],"version-history":[{"count":4,"href":"https:\/\/www.alumni.space\/it\/wp-json\/wp\/v2\/pages\/4335\/revisions"}],"predecessor-version":[{"id":4347,"href":"https:\/\/www.alumni.space\/it\/wp-json\/wp\/v2\/pages\/4335\/revisions\/4347"}],"wp:attachment":[{"href":"https:\/\/www.alumni.space\/it\/wp-json\/wp\/v2\/media?parent=4335"}],"curies":[{"name":"wp","href":"https:\/\/api.w.org\/{rel}","templated":true}]}}