{"id":3905,"date":"2025-12-17T07:54:49","date_gmt":"2025-12-17T07:54:49","guid":{"rendered":"https:\/\/www.alumni.space\/dati-personali\/"},"modified":"2026-03-26T11:59:05","modified_gmt":"2026-03-26T11:59:05","slug":"dati-personali","status":"publish","type":"page","link":"https:\/\/www.alumni.space\/it\/dati-personali\/","title":{"rendered":"Dati personali"},"content":{"rendered":"<div class=\"fusion-fullwidth fullwidth-box fusion-builder-row-1 fusion-flex-container has-pattern-background has-mask-background nonhundred-percent-fullwidth non-hundred-percent-height-scrolling\" style=\"--awb-border-radius-top-left:0px;--awb-border-radius-top-right:0px;--awb-border-radius-bottom-right:0px;--awb-border-radius-bottom-left:0px;--awb-flex-wrap:wrap;\" ><div class=\"fusion-builder-row fusion-row fusion-flex-align-items-flex-start fusion-flex-content-wrap\" style=\"max-width:1248px;margin-left: calc(-4% \/ 2 );margin-right: calc(-4% \/ 2 );\"><div class=\"fusion-layout-column fusion_builder_column fusion-builder-column-0 fusion_builder_column_1_1 1_1 fusion-flex-column\" style=\"--awb-bg-size:cover;--awb-width-large:100%;--awb-margin-top-large:0px;--awb-spacing-right-large:1.92%;--awb-margin-bottom-large:20px;--awb-spacing-left-large:1.92%;--awb-width-medium:100%;--awb-order-medium:0;--awb-spacing-right-medium:1.92%;--awb-spacing-left-medium:1.92%;--awb-width-small:100%;--awb-order-small:0;--awb-spacing-right-small:1.92%;--awb-spacing-left-small:1.92%;\"><div class=\"fusion-column-wrapper fusion-column-has-shadow fusion-flex-justify-content-flex-start fusion-content-layout-column\"><div class=\"fusion-text fusion-text-1\"><div class=\"post-content\">\n<div class=\"fusion-fullwidth fullwidth-box fusion-builder-row-1 fusion-flex-container nonhundred-percent-fullwidth non-hundred-percent-height-scrolling\">\n<div class=\"fusion-builder-row fusion-row fusion-flex-align-items-flex-start fusion-flex-content-wrap\">\n<div class=\"fusion-layout-column fusion_builder_column fusion-builder-column-0 fusion_builder_column_1_1 1_1 fusion-flex-column\">\n<div class=\"fusion-column-wrapper fusion-flex-justify-content-flex-start fusion-content-layout-column\">\n<div class=\"fusion-text fusion-text-1\">\n<h2 class=\"fusion-responsive-typography-calculated\" data-fontsize=\"18\" data-lineheight=\"27px\">POLITICA DI PROTEZIONE DEI DATI PERSONALI<\/h2>\n<p>La protezione dei Dati Personali \u00e8 una delle principali preoccupazioni di Alumni.space, che ha fatto di questo tema una priorit\u00e0. La presente informativa ha lo scopo di fornire all&#8217;utente tutte le informazioni rilevanti in merito al trattamento dei Dati Personali che possono essere raccolti su questo sito web www.Alumni.space (di seguito, il &#8220;Sito&#8221;). <\/p>\n<p>Alumni.space (di seguito, &#8220;noi&#8221;, &#8220;ci&#8221; o &#8220;Alumni.space&#8221;) pu\u00f2 raccogliere ed elaborare i Dati personali dell&#8217;utente quando visita questo sito. Poleetic, in qualit\u00e0 di titolare del trattamento dei dati, \u00e8 responsabile dei Dati personali che ci fornisci. Al fine di proteggere la tua privacy e i tuoi dati personali nel modo pi\u00f9 efficace possibile, abbiamo nominato un Responsabile della Protezione dei Dati. Questa persona, che rappresenta il principale punto di contatto con l&#8217;autorit\u00e0 di controllo, ha il compito di garantire che il trattamento dei tuoi dati avvenga nel rispetto della legislazione vigente.   <\/p>\n<p>Puoi contattare il nostro responsabile della protezione dei dati al seguente indirizzo <a href=\"mailto:contact@poleetic.com\"><u>contact@poleetic.com<\/u><\/a>.<\/p>\n<p>Alumni.space pu\u00f2 essere contattato all&#8217;indirizzo 12, le clos guillaume 78870 Bailly France, telefonicamente al numero <a href=\"tel:+33617012677\">+33617012677,<\/a> oppure utilizzando il modulo di contatto presente su questo sito web.<\/p>\n<h3 class=\"fusion-responsive-typography-calculated\" data-fontsize=\"16\" data-lineheight=\"24px\">IMPEGNI<\/h3>\n<p>Ci impegniamo a garantire il massimo livello di protezione possibile a coloro di cui trattiamo i dati personali (&#8220;soggetti interessati&#8221;). La protezione dei dati personali, in particolare di quelli dei nostri clienti, \u00e8 ancora pi\u00f9 importante per noi in considerazione dei nostri obblighi in materia di segreto professionale. <\/p>\n<p>Ci impegniamo a rispettare le normative vigenti per tutti i trattamenti di dati personali che effettuiamo. Ci impegniamo pertanto a rispettare i seguenti principi: <\/p>\n<ul>\n<li>Trattiamo i tuoi dati personali in modo lecito, equo e trasparente;<\/li>\n<li>Raccogliamo i tuoi dati personali per finalit\u00e0 specifiche, esplicite e legittime e non li tratteremo in modo incompatibile con tali finalit\u00e0;<\/li>\n<li>Garantiamo che i dati personali trattati siano adeguati, pertinenti e limitati a quanto necessario per le finalit\u00e0 per cui sono trattati;<\/li>\n<li>Ci impegneremo al massimo per garantire che i dati personali siano accurati e, ove necessario, aggiornati. Adotteremo tutte le misure ragionevoli per garantire che i dati personali inesatti, in considerazione delle finalit\u00e0 per cui vengono elaborati, vengano cancellati o rettificati senza indugio; <\/li>\n<li>Conserviamo i tuoi dati personali in una forma che consenta di identificarti solo per il tempo necessario ai fini del trattamento;<\/li>\n<li>Trattiamo i tuoi dati personali in modo da garantire un adeguato livello di sicurezza.<\/li>\n<\/ul>\n<p>Questi impegni sono espressi come segue:<\/p>\n<ul>\n<li>Rispettiamo la tua privacy e i tuoi diritti;<\/li>\n<li>Ci impegniamo a garantire che la protezione e la sicurezza dei tuoi dati personali siano al centro delle nostre preoccupazioni;<\/li>\n<li>Consideriamo ogni operazione di trattamento alla luce dei principi di protezione dei dati, al fine di rispettare il principio della protezione dei dati da parte della progettazione;<\/li>\n<li>Non utilizzeremo i tuoi dati personali per scopi che non sono stati portati alla tua attenzione;<\/li>\n<li>Non condivideremo n\u00e9 venderemo i tuoi dati personali a terzi;<\/li>\n<li>Ci impegniamo a garantire e proteggere i tuoi dati personali. A tal fine, collaboriamo solo con partner fidati; <\/li>\n<li>Rispettiamo i tuoi diritti e faremo il possibile per soddisfare le tue richieste, purch\u00e9 siano fondate.<\/li>\n<\/ul>\n<h3 class=\"fusion-responsive-typography-calculated\" data-fontsize=\"16\" data-lineheight=\"24px\">TRATTAMENTO<\/h3>\n<p>Puoi visitare il nostro sito web senza fornire alcun tuo dato personale. Tuttavia, per accedere ad alcune parti del nostro sito e\/o per utilizzare informazioni o servizi specifici, potremmo aver bisogno di raccogliere i tuoi Dati personali, che tratteremo per gli scopi indicati di seguito. <\/p>\n<p>Ti ricordiamo che per dati personali si intendono tutte le informazioni relative a una persona fisica identificata o identificabile, come ad esempio l&#8217;indirizzo e-mail, il nome e il cognome, l&#8217;indirizzo IP, ecc.<\/p>\n<p>Raccogliamo i tuoi dati personali tramite il modulo di contatto su questo sito web e con altri mezzi. In alcuni casi, raccogliamo i tuoi dati personali direttamente da te. In altri casi, i tuoi dati personali ci vengono comunicati da terzi.  <\/p>\n<p>I dati personali che possiamo trattare sono, ad esempio :<\/p>\n<ul>\n<li><strong>dati identificativi<\/strong>, come il tuo nome e cognome e il tuo indirizzo e-mail;<\/li>\n<li><strong>dati di candidatura<\/strong>, come il tuo CV, le tue qualifiche e la tua esperienza professionale, se desideri candidarti a Alumni.space.<\/li>\n<\/ul>\n<p>Alcune informazioni relative all&#8217;attivit\u00e0 degli utenti su questo sito possono essere raccolte automaticamente. Queste informazioni sono destinate a Alumni.space e possono essere utilizzate come base per studi, statistiche, misurazioni del pubblico e altre analisi per il miglioramento e lo sviluppo del sito. Inoltre, possiamo trattare i tuoi dati personali al fine di:  <\/p>\n<ul>\n<li>per aggiornare e migliorare il nostro sito web e per garantirne la sicurezza;<\/li>\n<li>condurre indagini sulla soddisfazione dei clienti;<\/li>\n<li>gestire i forum di discussione a cui puoi partecipare;<\/li>\n<li>gestione delle assunzioni, quando ti candidi online per le offerte di lavoro, in particolare sul sito jobs.vinci.com, o quando invii spontaneamente la tua candidatura;<\/li>\n<li>statistiche e ottimizzazione del sito web;<\/li>\n<li>l&#8217;invio di documenti in risposta alle richieste effettuate sul nostro sito web;<br \/>\nla trasmissione di informazioni relative alla nostra azienda e alle sue attivit\u00e0,<br \/>\nle risposte alle richieste ricevute e la trasmissione di informazioni sui servizi offerti.<\/li>\n<\/ul>\n<p>Trattiamo sempre i tuoi dati personali sulla base di una delle seguenti basi giuridiche:<\/p>\n<ul>\n<li>Se hai stipulato un contratto con Alumni.space e l&#8217;esecuzione di tale contratto richiede il trattamento dei tuoi dati personali, la base giuridica del trattamento \u00e8 l&#8217;esecuzione del contratto.<\/li>\n<li>Quando il trattamento \u00e8 necessario per l&#8217;esecuzione di misure precontrattuali adottate su tua richiesta, la nostra base giuridica \u00e8 costituita da tali misure precontrattuali. Ad esempio, questo \u00e8 il caso in cui ci sottoponi una domanda di lavoro, che ci obbliga a studiare il tuo CV per prendere una decisione in merito alla tua candidatura. <\/li>\n<li>Quando il trattamento \u00e8 necessario ai fini dei nostri legittimi interessi, la nostra base giuridica \u00e8 costituita da tali legittimi interessi. Ad esempio, il trattamento dei tuoi dati personali a fini di canvassing pu\u00f2 essere effettuato ai fini dei legittimi interessi perseguiti da Alumni.space. <\/li>\n<li>Potremmo inoltre trattare i tuoi dati personali sulla base di una delle altre basi giuridiche elencate nella legislazione o nei regolamenti applicabili.<\/li>\n<\/ul>\n<h3 class=\"fusion-responsive-typography-calculated\" data-fontsize=\"16\" data-lineheight=\"24px\">VITA DA SCAFFALE<\/h3>\n<p>Alumni.space conserver\u00e0 i tuoi dati personali solo per il tempo necessario alle finalit\u00e0 per cui vengono trattati e in conformit\u00e0 con la legislazione vigente. Pertanto, la durata di conservazione dei tuoi dati personali dipende dallo scopo per cui vengono trattati, secondo la corrispondenza riportata di seguito: <\/p>\n<ul>\n<li>Gestione della relazione con il cliente: 5 anni dalla fine della relazione con il cliente;<\/li>\n<li>Fatturazione: 10 anni dalla fine del periodo contabile interessato;<\/li>\n<li>Contabilit\u00e0: 10 anni dalla fine dell&#8217;esercizio finanziario in questione;<\/li>\n<li>Gestione delle candidature: 2 anni dall&#8217;ultimo contatto con il candidato;<\/li>\n<li>Gestione dei rapporti con fornitori e prestatori di servizi: 5 anni dalla fine del rapporto;<\/li>\n<li>Risposta alle richieste inviateci tramite il modulo di contatto del sito: il periodo necessario per rispondere alla richiesta in questione, o uno dei periodi sopra elencati se la tua richiesta si riferisce a uno di questi scopi.<\/li>\n<\/ul>\n<h3 class=\"fusion-responsive-typography-calculated\" data-fontsize=\"16\" data-lineheight=\"24px\">TRASFERIMENTI<\/h3>\n<p>I tuoi dati sono conservati nell&#8217;Unione Europea (UE) e nello Spazio Economico Europeo (SEE) da Alumni.space e dai suoi fornitori di servizi di fiducia. Tuttavia, a seconda del trattamento, i tuoi dati potrebbero essere trasferiti anche in un paese al di fuori dell&#8217;UE e dello SEE. <\/p>\n<p>Nel caso in cui i dati vengano trasferiti al di fuori dell&#8217;UE e del SEE, ci assicuriamo che vengano trasferiti in modo sicuro e in conformit\u00e0 alla legislazione vigente. Nel caso in cui il paese in cui i dati vengono trasferiti non disponga di una protezione paragonabile a quella dell&#8217;UE, utilizziamo &#8220;garanzie appropriate o adeguate&#8221;. <\/p>\n<p>Queste garanzie adeguate o adattate sono un mezzo per assicurare che i tuoi dati personali siano protetti anche quando lasciano il territorio europeo. Tali garanzie adeguate possono consistere, ad esempio, nell&#8217;utilizzo di clausole contrattuali standard adottate dalla Commissione Europea. <\/p>\n<p>Di volta in volta, ti informeremo della nostra intenzione di trasferire i dati personali in un paese terzo, dell&#8217;esistenza o meno di un&#8217;adeguata decisione della Commissione e, in caso affermativo, del riferimento alle garanzie appropriate e dei mezzi per ottenerne una copia o se sono state rese disponibili.<\/p>\n<h3 class=\"fusion-responsive-typography-calculated\" data-fontsize=\"16\" data-lineheight=\"24px\">DESTINATARI DEI TUOI DATI PERSONALI<\/h3>\n<p>Potremmo trasferire i tuoi dati personali ai nostri fornitori di servizi incaricati delle operazioni:<\/p>\n<ul>\n<li>hosting (O2switch) ;<\/li>\n<li>manutenzione.<\/li>\n<\/ul>\n<p>Potremmo inoltre essere obbligati a divulgare i tuoi Dati personali in virt\u00f9 di leggi, ordini del tribunale e\/o richieste di autorit\u00e0 pubbliche e governative all&#8217;interno o all&#8217;esterno del tuo paese di residenza. Potremmo inoltre divulgare i tuoi Dati Personali se riteniamo che, per motivi di sicurezza nazionale, applicazione della legge o importanza pubblica o in applicazione della legge, la divulgazione sia necessaria o appropriata. <\/p>\n<p>Possiamo anche divulgare i Dati personali se riteniamo in buona fede che la divulgazione sia ragionevolmente necessaria per proteggere i nostri diritti utilizzando i rimedi disponibili, far rispettare i nostri termini e condizioni, indagare su frodi o proteggere le nostre operazioni o i nostri utenti.<\/p>\n<p>Infine, Alumni.space pu\u00f2 ristrutturare le proprie attivit\u00e0 in qualsiasi parte del mondo e in qualsiasi momento. Queste azioni possono comportare la divulgazione di Informazioni personali a clienti potenziali o esistenti o la ricezione di Informazioni personali da potenziali fornitori. Richiediamo sempre un&#8217;adeguata protezione della privacy per le Informazioni personali divulgate in relazione a tali transazioni.  <\/p>\n<h3 class=\"fusion-responsive-typography-calculated\" data-fontsize=\"16\" data-lineheight=\"24px\">I TUOI DIRITTI<\/h3>\n<p>Hai il diritto di ottenere da noi la conferma che sia o meno in corso un trattamento dei tuoi dati personali (diritto di accesso). In tal caso, puoi accedere ai tuoi dati personali e ottenere informazioni quali lo scopo del trattamento, le categorie di dati personali interessate, ecc. <\/p>\n<p>Puoi anche richiedere la rettifica o la cancellazione dei tuoi Dati personali.<\/p>\n<p>Hai inoltre il diritto di opporti al trattamento dei tuoi Dati Personali o di richiedere la limitazione del trattamento. Hai inoltre il diritto di chiedere di ricevere i tuoi Dati Personali in un formato strutturato e standardizzato, qualora siano soddisfatte le condizioni per l&#8217;esercizio di tale diritto. <\/p>\n<p>Per esercitare questi diritti, invia un&#8217;e-mail al nostro DPO, che pu\u00f2 essere contattato all&#8217;indirizzo <a href=\"mailto:contact@poleetic.com\">contact@poleetic.com.<\/a><\/p>\n<p>Affinch\u00e9 la tua richiesta possa essere elaborata in modo soddisfacente, devi fornire una prova della tua identit\u00e0, con qualsiasi mezzo. In caso di dubbi, potremo chiederti ulteriori informazioni, tra cui una copia della tua carta d&#8217;identit\u00e0 firmata da te. <\/p>\n<p>Faremo del nostro meglio per rispondere in modo soddisfacente alle tue richieste. Qualunque sia la nostra risposta, te la invieremo entro un mese, ma il nostro tempo di risposta pu\u00f2 essere esteso di altri due mesi a seconda della complessit\u00e0 e del numero di richieste. <\/p>\n<p>Se, per qualsiasi motivo, ritieni che la nostra risposta non sia soddisfacente, ti informiamo che puoi presentare un reclamo alla CNIL.<\/p>\n<h3 class=\"fusion-responsive-typography-calculated\" data-fontsize=\"16\" data-lineheight=\"24px\">MISURE DI SICUREZZA<\/h3>\n<p>Alumni.space utilizza diverse misure di sicurezza tecniche e organizzative per proteggere i Dati Personali che raccogliamo, utilizziamo o trasferiamo da perdita, abuso, falsificazione o distruzione.<\/p>\n<p>Tuttavia, Alumni.space non pu\u00f2 essere ritenuta responsabile della sicurezza delle trasmissioni di Dati personali su Internet.<\/p>\n<h3 class=\"fusion-responsive-typography-calculated\" data-fontsize=\"16\" data-lineheight=\"24px\">SITI WEB ESTERNI<\/h3>\n<p>I siti web possono contenere link a siti esterni.<\/p>\n<p>Alumni.space non fornisce alcuna garanzia o dichiarazione in merito a questi siti web esterni.<\/p>\n<h3 class=\"fusion-responsive-typography-calculated\" data-fontsize=\"16\" data-lineheight=\"24px\">MODIFICA DELLA POLITICA<\/h3>\n<p>Questa politica \u00e8 stata aggiornata il 30\/12\/2021.<\/p>\n<p>Potremmo modificare periodicamente la presente Informativa per tenere il passo con gli sviluppi tecnologici, le pratiche del settore e i requisiti normativi, o per altri motivi.<\/p>\n<p>Qualora dovessimo apportare modifiche significative alla nostra Informativa, pubblicheremo un avviso sulla home page del sito web prima che la modifica diventi effettiva.<\/p>\n<\/div>\n<\/div>\n<\/div>\n<\/div>\n<\/div>\n<\/div>\n<\/div><\/div><\/div><\/div><\/div>\n","protected":false},"excerpt":{"rendered":"","protected":false},"author":1,"featured_media":0,"parent":0,"menu_order":0,"comment_status":"closed","ping_status":"closed","template":"100-width.php","meta":{"_ayudawp_aiss_exclude":false,"footnotes":""},"class_list":["post-3905","page","type-page","status-publish","hentry"],"yoast_head":"<!-- This site is optimized with the Yoast SEO plugin v27.4 - https:\/\/yoast.com\/product\/yoast-seo-wordpress\/ -->\n<title>Dati personali - Alumni.space<\/title>\n<meta name=\"robots\" content=\"index, follow, max-snippet:-1, max-image-preview:large, max-video-preview:-1\" \/>\n<link rel=\"canonical\" href=\"https:\/\/www.alumni.space\/it\/dati-personali\/\" \/>\n<meta property=\"og:locale\" content=\"it_IT\" \/>\n<meta property=\"og:type\" content=\"article\" \/>\n<meta property=\"og:title\" content=\"Dati personali - Alumni.space\" \/>\n<meta property=\"og:url\" content=\"https:\/\/www.alumni.space\/it\/dati-personali\/\" \/>\n<meta property=\"og:site_name\" content=\"Alumni.space\" \/>\n<meta property=\"article:modified_time\" content=\"2026-03-26T11:59:05+00:00\" \/>\n<meta name=\"twitter:card\" content=\"summary_large_image\" \/>\n<meta name=\"twitter:label1\" content=\"Tempo di lettura stimato\" \/>\n\t<meta name=\"twitter:data1\" content=\"15 minuti\" \/>\n<script type=\"application\/ld+json\" class=\"yoast-schema-graph\">{\"@context\":\"https:\\\/\\\/schema.org\",\"@graph\":[{\"@type\":\"WebPage\",\"@id\":\"https:\\\/\\\/www.alumni.space\\\/it\\\/dati-personali\\\/\",\"url\":\"https:\\\/\\\/www.alumni.space\\\/it\\\/dati-personali\\\/\",\"name\":\"Dati personali - Alumni.space\",\"isPartOf\":{\"@id\":\"https:\\\/\\\/www.alumni.space\\\/it\\\/#website\"},\"datePublished\":\"2025-12-17T07:54:49+00:00\",\"dateModified\":\"2026-03-26T11:59:05+00:00\",\"breadcrumb\":{\"@id\":\"https:\\\/\\\/www.alumni.space\\\/it\\\/dati-personali\\\/#breadcrumb\"},\"inLanguage\":\"it-IT\",\"potentialAction\":[{\"@type\":\"ReadAction\",\"target\":[\"https:\\\/\\\/www.alumni.space\\\/it\\\/dati-personali\\\/\"]}]},{\"@type\":\"BreadcrumbList\",\"@id\":\"https:\\\/\\\/www.alumni.space\\\/it\\\/dati-personali\\\/#breadcrumb\",\"itemListElement\":[{\"@type\":\"ListItem\",\"position\":1,\"name\":\"Home\",\"item\":\"https:\\\/\\\/www.alumni.space\\\/it\\\/piattaforma-di-mentoring-e-di-gestione-degli-alumni\\\/\"},{\"@type\":\"ListItem\",\"position\":2,\"name\":\"Dati personali\"}]},{\"@type\":\"WebSite\",\"@id\":\"https:\\\/\\\/www.alumni.space\\\/it\\\/#website\",\"url\":\"https:\\\/\\\/www.alumni.space\\\/it\\\/\",\"name\":\"Alumni.space\",\"description\":\"My WordPress Blog\",\"potentialAction\":[{\"@type\":\"SearchAction\",\"target\":{\"@type\":\"EntryPoint\",\"urlTemplate\":\"https:\\\/\\\/www.alumni.space\\\/it\\\/?s={search_term_string}\"},\"query-input\":{\"@type\":\"PropertyValueSpecification\",\"valueRequired\":true,\"valueName\":\"search_term_string\"}}],\"inLanguage\":\"it-IT\"}]}<\/script>\n<!-- \/ Yoast SEO plugin. -->","yoast_head_json":{"title":"Dati personali - Alumni.space","robots":{"index":"index","follow":"follow","max-snippet":"max-snippet:-1","max-image-preview":"max-image-preview:large","max-video-preview":"max-video-preview:-1"},"canonical":"https:\/\/www.alumni.space\/it\/dati-personali\/","og_locale":"it_IT","og_type":"article","og_title":"Dati personali - Alumni.space","og_url":"https:\/\/www.alumni.space\/it\/dati-personali\/","og_site_name":"Alumni.space","article_modified_time":"2026-03-26T11:59:05+00:00","twitter_card":"summary_large_image","twitter_misc":{"Tempo di lettura stimato":"15 minuti"},"schema":{"@context":"https:\/\/schema.org","@graph":[{"@type":"WebPage","@id":"https:\/\/www.alumni.space\/it\/dati-personali\/","url":"https:\/\/www.alumni.space\/it\/dati-personali\/","name":"Dati personali - Alumni.space","isPartOf":{"@id":"https:\/\/www.alumni.space\/it\/#website"},"datePublished":"2025-12-17T07:54:49+00:00","dateModified":"2026-03-26T11:59:05+00:00","breadcrumb":{"@id":"https:\/\/www.alumni.space\/it\/dati-personali\/#breadcrumb"},"inLanguage":"it-IT","potentialAction":[{"@type":"ReadAction","target":["https:\/\/www.alumni.space\/it\/dati-personali\/"]}]},{"@type":"BreadcrumbList","@id":"https:\/\/www.alumni.space\/it\/dati-personali\/#breadcrumb","itemListElement":[{"@type":"ListItem","position":1,"name":"Home","item":"https:\/\/www.alumni.space\/it\/piattaforma-di-mentoring-e-di-gestione-degli-alumni\/"},{"@type":"ListItem","position":2,"name":"Dati personali"}]},{"@type":"WebSite","@id":"https:\/\/www.alumni.space\/it\/#website","url":"https:\/\/www.alumni.space\/it\/","name":"Alumni.space","description":"My WordPress Blog","potentialAction":[{"@type":"SearchAction","target":{"@type":"EntryPoint","urlTemplate":"https:\/\/www.alumni.space\/it\/?s={search_term_string}"},"query-input":{"@type":"PropertyValueSpecification","valueRequired":true,"valueName":"search_term_string"}}],"inLanguage":"it-IT"}]}},"_links":{"self":[{"href":"https:\/\/www.alumni.space\/it\/wp-json\/wp\/v2\/pages\/3905","targetHints":{"allow":["GET"]}}],"collection":[{"href":"https:\/\/www.alumni.space\/it\/wp-json\/wp\/v2\/pages"}],"about":[{"href":"https:\/\/www.alumni.space\/it\/wp-json\/wp\/v2\/types\/page"}],"author":[{"embeddable":true,"href":"https:\/\/www.alumni.space\/it\/wp-json\/wp\/v2\/users\/1"}],"replies":[{"embeddable":true,"href":"https:\/\/www.alumni.space\/it\/wp-json\/wp\/v2\/comments?post=3905"}],"version-history":[{"count":1,"href":"https:\/\/www.alumni.space\/it\/wp-json\/wp\/v2\/pages\/3905\/revisions"}],"predecessor-version":[{"id":3917,"href":"https:\/\/www.alumni.space\/it\/wp-json\/wp\/v2\/pages\/3905\/revisions\/3917"}],"wp:attachment":[{"href":"https:\/\/www.alumni.space\/it\/wp-json\/wp\/v2\/media?parent=3905"}],"curies":[{"name":"wp","href":"https:\/\/api.w.org\/{rel}","templated":true}]}}