{"id":4357,"date":"2025-12-17T07:56:54","date_gmt":"2025-12-17T07:56:54","guid":{"rendered":"https:\/\/www.alumni.space\/cookie-richtlinie\/"},"modified":"2026-03-26T12:01:43","modified_gmt":"2026-03-26T12:01:43","slug":"cookie-richtlinie","status":"publish","type":"page","link":"https:\/\/www.alumni.space\/de\/cookie-richtlinie\/","title":{"rendered":"Cookie-Richtlinie"},"content":{"rendered":"<div class=\"fusion-fullwidth fullwidth-box fusion-builder-row-1 fusion-flex-container has-pattern-background has-mask-background nonhundred-percent-fullwidth non-hundred-percent-height-scrolling\" style=\"--awb-border-radius-top-left:0px;--awb-border-radius-top-right:0px;--awb-border-radius-bottom-right:0px;--awb-border-radius-bottom-left:0px;--awb-flex-wrap:wrap;\" ><div class=\"fusion-builder-row fusion-row fusion-flex-align-items-flex-start fusion-flex-content-wrap\" style=\"max-width:1248px;margin-left: calc(-4% \/ 2 );margin-right: calc(-4% \/ 2 );\"><div class=\"fusion-layout-column fusion_builder_column fusion-builder-column-0 fusion_builder_column_1_1 1_1 fusion-flex-column\" style=\"--awb-bg-size:cover;--awb-width-large:100%;--awb-margin-top-large:0px;--awb-spacing-right-large:1.92%;--awb-margin-bottom-large:20px;--awb-spacing-left-large:1.92%;--awb-width-medium:100%;--awb-order-medium:0;--awb-spacing-right-medium:1.92%;--awb-spacing-left-medium:1.92%;--awb-width-small:100%;--awb-order-small:0;--awb-spacing-right-small:1.92%;--awb-spacing-left-small:1.92%;\"><div class=\"fusion-column-wrapper fusion-column-has-shadow fusion-flex-justify-content-flex-start fusion-content-layout-column\"><div class=\"fusion-text fusion-text-1\"><div class=\"fusion-text fusion-text-1\">\n<h2 class=\"fusion-responsive-typography-calculated\" data-fontsize=\"18\" data-lineheight=\"27px\">COOKIE-RICHTLINIE<\/h2>\n<p>Alumni.space kann Cookies auf Ihrem Ger\u00e4t installieren, wenn Sie die Website besuchen, und Cookies in E-Mails verwenden, die an Sie gesendet werden.<\/p>\n<p>Diese Cookie-Richtlinie soll Ihnen Informationen \u00fcber die verschiedenen Cookies geben, die verwendet werden, zu welchem Zweck sie verwendet werden und welche Rechte Sie haben, insbesondere in Bezug auf die Einstellungen.<\/p>\n<p>Cookies werden auf der Website verwendet und vor\u00fcbergehend auf dem Computerterminal des Nutzers wie Computer, Tablets und\/oder Smartphones gespeichert, um die Navigation zu erleichtern und die Qualit\u00e4t der Website zu optimieren. Diese Cookies k\u00f6nnen vom Nutzer abgelehnt werden, vorbehaltlich der Entscheidungen und Optionen, die der Nutzer jederzeit treffen kann. <\/p>\n<p>Die auf dieser Website verwendeten Cookies k\u00f6nnen entweder von unserer Website oder von einer Website Dritter gesetzt werden. Ein Sitzungscookie ist ein Cookie, das automatisch gel\u00f6scht wird, wenn der Nutzer den Browser schlie\u00dft, w\u00e4hrend ein dauerhaftes Cookie bis zu seinem Ablaufdatum auf dem Computer des Nutzers gespeichert bleibt. <\/p>\n<p>Die auf der Website verwendeten Cookies haben eine maximale Lebensdauer von 12 Monaten.<\/p>\n<\/div>\n<div class=\"fusion-text fusion-text-2\">\n<h3 class=\"fusion-responsive-typography-calculated\" data-fontsize=\"16\" data-lineheight=\"24px\">CATEGORIES<\/h3>\n<p>Wir verwenden auf dieser Website bestimmte Arten von Cookies:<\/p>\n<ul>\n<li><strong>Obligatorische technische und Sitzungs-Cookies :<\/strong><\/li>\n<\/ul>\n<p>Diese Cookies sind notwendig, damit Sie auf unserer Website navigieren und ihre Funktionen voll nutzen k\u00f6nnen, wie z.B. den Zugang zu bestimmten gesicherten Internetseiten. Ohne diese Cookies k\u00f6nnen bestimmte Dienstleistungen, die Sie anfordern, nicht erbracht werden. <\/p>\n<p>Die obligatorischen Cookies, die auf der Website verwendet werden, sind die folgenden:<\/p>\n<ul>\n<li>\n<ul>\n<li>PHPSESSID<\/li>\n<li>lang<\/li>\n<li>JSESSIONID<\/li>\n<li>wp-wpml_current_language<\/li>\n<\/ul>\n<\/li>\n<\/ul>\n<ul>\n<li><strong>Funktionale und Leistungs-Cookies :<\/strong><\/li>\n<\/ul>\n<p>Diese Cookies erm\u00f6glichen es der Website, Ihre gew\u00e4hlten Einstellungen zu speichern, um Ihnen bessere und pers\u00f6nlichere Funktionen zu bieten. Diese Cookies k\u00f6nnen auch verwendet werden, um die \u00c4nderungen zu speichern, die Sie an der Textgr\u00f6\u00dfe, der Schriftart und anderen Teilen der Internetseiten, die Sie personalisiert haben, vorgenommen haben. Sie k\u00f6nnen auch verwendet werden, um Ihnen bestimmte Dienste zur Verf\u00fcgung zu stellen, die Sie angefordert haben, wie z.B. das Anschauen eines Videos.  <\/p>\n<p>Diese Cookies k\u00f6nnen Ihre Surfaktivit\u00e4ten auf anderen Webseiten nicht verfolgen und sammeln keine Informationen \u00fcber Sie, die f\u00fcr Werbezwecke verwendet werden k\u00f6nnten.<\/p>\n<ul>\n<li>\n<ul>\n<li>Fonts.googleapis.com<\/li>\n<li>Ggpht.com<\/li>\n<li>Linkedin<\/li>\n<li>Addtoany<\/li>\n<li>Instagram<\/li>\n<li>Ytimg.com<\/li>\n<li>lidc<\/li>\n<li>lissc<\/li>\n<\/ul>\n<\/li>\n<\/ul>\n<p>Die auf der Website verwendeten Leistungs-Cookies sind die folgenden:<\/p>\n<ul>\n<li>\n<ul>\n<li>Cdninstagram<\/li>\n<li>Licdn.com<\/li>\n<\/ul>\n<\/li>\n<\/ul>\n<ul>\n<li><strong>Cookies f\u00fcr die Messung der Besucherzahlen :<\/strong><\/li>\n<\/ul>\n<p>Diese Cookies werden verwendet, um Informationen dar\u00fcber zu sammeln, wie Besucher unsere Website nutzen, wie z.B. welche Seiten am h\u00e4ufigsten besucht werden oder ob Fehlermeldungen auf bestimmten Seiten erscheinen. Alle Informationen, die durch diese Cookies gesammelt werden, sind anonymisiert und werden nur zu dem Zweck gesammelt, die Trends des Verkehrs auf unserer Website zu entwickeln und zu verfolgen, um die Art und Weise zu verbessern, wie unsere Website funktioniert. <\/p>\n<p>Diese Informationen werden ausschlie\u00dflich von Alumni.space verwendet und nicht an Dritte weitergegeben.<\/p>\n<p>Die Cookies, die auf der Website f\u00fcr analytische Zwecke verwendet werden, sind die folgenden:<\/p>\n<ul>\n<li>\n<ul>\n<li>_ga<\/li>\n<li>_gat<\/li>\n<li>_gid<\/li>\n<\/ul>\n<\/li>\n<\/ul>\n<ul>\n<li><strong>Cookies f\u00fcr gezielte Werbung :<\/strong><\/li>\n<\/ul>\n<p>Targeting-Cookies werden verwendet, um die Effektivit\u00e4t einer Werbekampagne zu messen, indem sie es erm\u00f6glichen, gezielte Werbung zu schalten, die auf den Nutzer zugeschnitten ist und nur in begrenztem Umfang wiederkehrt.<\/p>\n<ul>\n<li>\n<ul>\n<li>gads<\/li>\n<li>DSID<\/li>\n<li>IDE<\/li>\n<li>test_cookies<\/li>\n<li>APISID<\/li>\n<li>CONSENT<\/li>\n<li>GPS<\/li>\n<li>HSID<\/li>\n<li>LOGIN_INFO<\/li>\n<li>PREF<\/li>\n<li>SAPISID<\/li>\n<li>SID<\/li>\n<li>SSID<\/li>\n<li>VISITOR_INFO1_LIVE<\/li>\n<li>YSC<\/li>\n<\/ul>\n<\/li>\n<\/ul>\n<h3 class=\"fusion-responsive-typography-calculated\" data-fontsize=\"16\" data-lineheight=\"24px\">NUTZUNG<\/h3>\n<p>Die abgelegten oder verwendeten Cookies k\u00f6nnen zur Erfassung von personenbezogenen Daten f\u00fchren, einschlie\u00dflich Identifikationsdaten (IP-Adresse), Verbindungsdaten, Akzeptanzdaten, Identit\u00e4tsdaten und Kontaktdaten.<\/p>\n<p><span data-contrast=\"none\">Soziale Medien-Websites von Dritten k\u00f6nnen bestimmte Informationen (wie IP-Adresse, Browsertyp, verwendete Sprache oder Zugriffszeit) sammeln, wenn Sie mit diesen Websites verbunden sind, w\u00e4hrend Sie auf unserer Website surfen. Diese Websites k\u00f6nnen diese gesammelten Informationen auch mit Ihren Profilinformationen verkn\u00fcpfen, die auf ihren eigenen Websites verf\u00fcgbar sind. Wir haben keine Kontrolle \u00fcber diese Tracking-Technologien Dritter, daher empfehlen wir Ihnen, die Nutzungsbedingungen und Datenschutzrichtlinien dieser Websites Dritter zu lesen, bevor Sie diese nutzen.  <\/span><span data-ccp-props=\"{\"> <\/span><\/p>\n<p><span data-contrast=\"none\">Andere Cookies k\u00f6nnen Pers\u00f6nliche Daten sammeln (einschlie\u00dflich Informationen von Cookies, die von unseren Werbelinks auf Websites Dritter platziert werden):<\/span><span data-ccp-props=\"{\"> <\/span><\/p>\n<ul>\n<li data-leveltext=\"\uf0b7\" data-font=\"Symbol\" data-listid=\"10\" aria-setsize=\"-1\" data-aria-posinset=\"1\" data-aria-level=\"1\"><span data-contrast=\"none\">Wenn ein Nutzer ein registrierter Nutzer ist ;<\/span><span data-ccp-props=\"{\"> <\/span><\/li>\n<li data-leveltext=\"\uf0b7\" data-font=\"Symbol\" data-listid=\"10\" aria-setsize=\"-1\" data-aria-posinset=\"2\" data-aria-level=\"1\"><span data-contrast=\"none\">Wenn wir Ihnen eine gezielte E-Mail senden, die Internet-Tags, Cookies oder \u00e4hnliche Technologien enth\u00e4lt, wissen wir, ob Sie diese Nachricht \u00f6ffnen, lesen oder l\u00f6schen.<\/span><\/li>\n<\/ul>\n<h3 class=\"fusion-responsive-typography-calculated\" data-fontsize=\"16\" data-lineheight=\"24px\">ANDERE FOLGEN<\/h3>\n<p><span class=\"TextRun SCXW12873010 BCX9\" lang=\"FR-FR\" xml:lang=\"FR-FR\" data-contrast=\"none\"><span class=\"NormalTextRun SCXW12873010 BCX9\">Alumni.space verwendet auch Technologien, die den Cookies \u00e4hnlich sind, wie z.B. Internet-Tags oder andere Technologien, die in Werbe-E-Mails oder Newslettern enthalten sein k\u00f6nnen, um festzustellen, ob diese E-Mails gelesen wurden oder ob Sie auf die darin enthaltenen Links geklickt haben. Internet-Tags hinterlassen keine Daten auf Ihrem Computer, k\u00f6nnen aber zusammen mit Cookies verwendet werden, um die Surfaktivit\u00e4t der Website zu analysieren. <\/span><\/span><span class=\"EOP SCXW12873010 BCX9\" data-ccp-props=\"{\"> <\/span><\/p>\n<h3 class=\"fusion-responsive-typography-calculated\" data-fontsize=\"16\" data-lineheight=\"24px\">COOKIES AKZEPTIEREN ODER ABLEHNEN<\/h3>\n<p><span data-contrast=\"none\">Alumni.space bietet Ihnen die M\u00f6glichkeit, Ihre Cookies zu verwalten und einzustellen.<\/span><span data-contrast=\"none\">Sie k\u00f6nnen Ihre Cookies verwalten, indem Sie alle oder einen Teil der Cookies akzeptieren oder ablehnen. <\/span> <span data-ccp-props=\"{\"> <\/span><\/p>\n<p><span data-contrast=\"none\">Wir m\u00f6chten Sie <\/span><span data-contrast=\"none\">erinnern Sie an<\/span><span data-contrast=\"none\"> <\/span><span data-contrast=\"none\">jedoch <\/span><span data-contrast=\"none\">dass die Deaktivierung von Cookies zu einer Verwirrung f\u00fchren kann.<\/span><span data-contrast=\"none\">Dies kann zur \u00c4nderung oder zum Verlust bestimmter Einstellungen oder Informationen f\u00fchren. Das L\u00f6schen von Cookies kann die Navigation auf der Website ver\u00e4ndern oder sogar erschweren. <\/span><span data-ccp-props=\"{\"> <\/span><\/p>\n<\/div>\n<div class=\"fusion-text fusion-text-3\">\n<p><span data-contrast=\"none\">Wenn Sie keine Cookies von unserer Website erhalten m\u00f6chten, k\u00f6nnen Sie dies tun. <\/span><span data-contrast=\"none\">auch <\/span><span data-contrast=\"none\">konfigurieren.<\/span><span data-contrast=\"none\"> Ihren Browser anpassen. <\/span><span data-contrast=\"none\">Dazu folgen Sie bitte den entsprechenden Anweisungen unten f\u00fcr Ihren Browser:<\/span><span data-ccp-props=\"{\"> <\/span><\/p>\n<ul>\n<li data-leveltext=\"\uf0b7\" data-font=\"Symbol\" data-listid=\"11\" aria-setsize=\"-1\" data-aria-posinset=\"1\" data-aria-level=\"1\"><span data-contrast=\"none\">Wenn Sie den Browser<\/span><a href=\"https:\/\/support.microsoft.com\/fr-fr\/help\/17442\/windows-internet-explorer-delete-manage-cookies\"><span data-contrast=\"none\">Internet Explorer<\/span><\/a><span data-ccp-props=\"{\"> <\/span><\/li>\n<\/ul>\n<ol>\n<li data-leveltext=\"%1.\" data-font=\"vinci_sans_regular,Times New Roman\" data-listid=\"12\" aria-setsize=\"-1\" data-aria-posinset=\"1\" data-aria-level=\"1\"><span data-contrast=\"none\">W\u00e4hlen Sie das Men\u00fc &#8222;Extras&#8220; (Tools) und dann &#8222;Internetoptionen&#8220; (Internet Options).<\/span><span data-ccp-props=\"{\"> <\/span><\/li>\n<li data-leveltext=\"%1.\" data-font=\"vinci_sans_regular,Times New Roman\" data-listid=\"12\" aria-setsize=\"-1\" data-aria-posinset=\"1\" data-aria-level=\"1\"><span data-contrast=\"none\">Klicken Sie auf die Registerkarte &#8222;Datenschutz&#8220; (oder &#8222;Privacy&#8220;). <\/span><span data-contrast=\"none\">Datenschutz<\/span><span data-contrast=\"none\"> &#8222;).<\/span><span data-ccp-props=\"{\"><br \/>\n<\/span><span data-contrast=\"none\">W\u00e4hlen Sie mit dem Schieberegler die gew\u00fcnschte Stufe.<\/span><span data-ccp-props=\"{\"> <\/span><\/li>\n<\/ol>\n<ul>\n<li><span data-contrast=\"none\"> <span data-contrast=\"none\">Wenn Sie den Browser<\/span><a href=\"https:\/\/support.mozilla.org\/fr\/kb\/effacer-les-cookies-pour-supprimer-les-information#:~:text=S%C3%A9lectionnez%20le%20panneau%20Vie%20priv%C3%A9e,des%20donn%C3%A9es%20de%20sites%20appara%C3%AEt.\" target=\"_blank\" rel=\"noopener noreferrer\"><span data-contrast=\"none\">Firefox<\/span><\/a><\/span><span data-ccp-props=\"{\"> <\/span><\/li>\n<\/ul>\n<ol>\n<li data-leveltext=\"%1.\" data-font=\"vinci_sans_regular,Times New Roman\" data-listid=\"14\" aria-setsize=\"-1\" data-aria-posinset=\"1\" data-aria-level=\"1\"><span data-contrast=\"none\">W\u00e4hlen Sie das Men\u00fc &#8222;Extras&#8220; &gt; &#8222;Optionen&#8220;.<\/span><span data-ccp-props=\"{\"> <\/span><\/li>\n<li data-leveltext=\"%1.\" data-font=\"vinci_sans_regular,Times New Roman\" data-listid=\"14\" aria-setsize=\"-1\" data-aria-posinset=\"1\" data-aria-level=\"1\"><span data-contrast=\"none\">Klicken Sie auf die Option &#8222;Privatsph\u00e4re&#8220;.<\/span><span data-ccp-props=\"{\"> <\/span><\/li>\n<\/ol>\n<p><span data-contrast=\"none\">\u202f<\/span><span data-ccp-props=\"{\"> <\/span><\/p>\n<ul>\n<li data-leveltext=\"\uf0b7\" data-font=\"Symbol\" data-listid=\"15\" aria-setsize=\"-1\" data-aria-posinset=\"1\" data-aria-level=\"1\"><span data-contrast=\"none\">Wenn Sie den Browser verwenden<\/span><a href=\"https:\/\/support.apple.com\/kb\/ph5042?locale=en_US\"><span data-contrast=\"none\">Safari<\/span><\/a><span data-ccp-props=\"{\"> <\/span><\/li>\n<\/ul>\n<ol>\n<li data-leveltext=\"%1.\" data-font=\"vinci_sans_regular,Times New Roman\" data-listid=\"16\" aria-setsize=\"-1\" data-aria-posinset=\"1\" data-aria-level=\"1\"><span data-contrast=\"none\">W\u00e4hlen Sie das Men\u00fc &#8222;Editionen&#8220;.<\/span><span data-ccp-props=\"{\"> <\/span><\/li>\n<li data-leveltext=\"%1.\" data-font=\"vinci_sans_regular,Times New Roman\" data-listid=\"16\" aria-setsize=\"-1\" data-aria-posinset=\"1\" data-aria-level=\"1\"><span data-contrast=\"none\">Klicken Sie auf die Option &#8222;Voreinstellungen&#8220;.<\/span><span data-ccp-props=\"{\"> <\/span><\/li>\n<li data-leveltext=\"%1.\" data-font=\"vinci_sans_regular,Times New Roman\" data-listid=\"16\" aria-setsize=\"-1\" data-aria-posinset=\"1\" data-aria-level=\"1\"><span data-contrast=\"none\">Klicken Sie auf die Option &#8222;Sicherheit&#8220;.<\/span><span data-ccp-props=\"{\"> <\/span><\/li>\n<li data-leveltext=\"%1.\" data-font=\"vinci_sans_regular,Times New Roman\" data-listid=\"16\" aria-setsize=\"-1\" data-aria-posinset=\"1\" data-aria-level=\"1\"><span data-contrast=\"none\">Klicken Sie auf &#8222;Cookies anzeigen&#8220;.<\/span><span data-ccp-props=\"{\"> <\/span><\/li>\n<\/ol>\n<p><span data-contrast=\"none\">\u202f<\/span><span data-ccp-props=\"{\"> <\/span><\/p>\n<ul>\n<li data-leveltext=\"\uf0b7\" data-font=\"Symbol\" data-listid=\"17\" aria-setsize=\"-1\" data-aria-posinset=\"1\" data-aria-level=\"1\"><span data-contrast=\"none\">Wenn Sie den Browser<\/span><a href=\"https:\/\/support.google.com\/chrome\/answer\/95647?hl=fr\"><span data-contrast=\"none\">Google Chrome<\/span><\/a><span data-ccp-props=\"{\"> <\/span><\/li>\n<\/ul>\n<ol>\n<li data-leveltext=\"%1.\" data-font=\"vinci_sans_regular,Times New Roman\" data-listid=\"18\" aria-setsize=\"-1\" data-aria-posinset=\"1\" data-aria-level=\"1\"><span data-contrast=\"none\">\u00d6ffnen Sie auf Ihrem Computer Chrome.<\/span><span data-ccp-props=\"{\"> <\/span><\/li>\n<li data-leveltext=\"%1.\" data-font=\"vinci_sans_regular,Times New Roman\" data-listid=\"18\" aria-setsize=\"-1\" data-aria-posinset=\"1\" data-aria-level=\"1\"><span data-contrast=\"none\">Klicken Sie oben rechts auf &#8222;Mehr Einstellungen&#8220;.<\/span><span data-ccp-props=\"{\"> <\/span><\/li>\n<li data-leveltext=\"%1.\" data-font=\"vinci_sans_regular,Times New Roman\" data-listid=\"18\" aria-setsize=\"-1\" data-aria-posinset=\"1\" data-aria-level=\"1\"><span data-contrast=\"none\">Klicken Sie unter &#8222;Datenschutz und Sicherheit&#8220; auf &#8222;Cookies und andere Website-Daten&#8220;.<\/span><span data-ccp-props=\"{\"> <\/span><\/li>\n<li data-leveltext=\"%1.\" data-font=\"vinci_sans_regular,Times New Roman\" data-listid=\"18\" aria-setsize=\"-1\" data-aria-posinset=\"1\" data-aria-level=\"1\"><span data-contrast=\"none\">Klicken Sie auf &#8222;Alle Cookies und Websitedaten anzeigen&#8220; und dann auf &#8222;Alle l\u00f6schen&#8220;.<\/span><span data-ccp-props=\"{\"> <\/span><\/li>\n<li data-leveltext=\"%1.\" data-font=\"vinci_sans_regular,Times New Roman\" data-listid=\"18\" aria-setsize=\"-1\" data-aria-posinset=\"1\" data-aria-level=\"1\"><span data-contrast=\"none\">Best\u00e4tigen Sie die L\u00f6schung, indem Sie auf &#8222;Alle l\u00f6schen&#8220; klicken.<\/span><span data-ccp-props=\"{\"> <\/span><\/li>\n<\/ol>\n<h3 class=\"fusion-responsive-typography-calculated\" data-fontsize=\"16\" data-lineheight=\"24px\"><\/h3>\n<h3 class=\"fusion-responsive-typography-calculated\" data-fontsize=\"16\" data-lineheight=\"24px\">EVOLUTION<\/h3>\n<p><span data-contrast=\"auto\">Diese Politik wurde am 30.12.2021 aktualisiert.  <\/span><span data-ccp-props=\"{\"> <\/span><\/p>\n<p><span data-contrast=\"auto\">Sie kann jederzeit ge\u00e4ndert werden, wenn sich die Gesetze, die Rechtsprechung oder die Empfehlungen der CNIL \u00e4ndern.  <\/span><span data-ccp-props=\"{\"> <\/span><\/p>\n<\/div>\n<\/div><\/div><\/div><\/div><\/div>\n","protected":false},"excerpt":{"rendered":"","protected":false},"author":1,"featured_media":0,"parent":0,"menu_order":0,"comment_status":"closed","ping_status":"closed","template":"100-width.php","meta":{"_ayudawp_aiss_exclude":false,"footnotes":""},"class_list":["post-4357","page","type-page","status-publish","hentry"],"yoast_head":"<!-- This site is optimized with the Yoast SEO plugin v27.4 - https:\/\/yoast.com\/product\/yoast-seo-wordpress\/ -->\n<title>Cookie-Richtlinie - Alumni.space<\/title>\n<meta name=\"robots\" content=\"index, follow, max-snippet:-1, max-image-preview:large, max-video-preview:-1\" \/>\n<link rel=\"canonical\" href=\"https:\/\/www.alumni.space\/de\/cookie-richtlinie\/\" \/>\n<meta property=\"og:locale\" content=\"de_DE\" \/>\n<meta property=\"og:type\" content=\"article\" \/>\n<meta property=\"og:title\" content=\"Cookie-Richtlinie - Alumni.space\" \/>\n<meta property=\"og:url\" content=\"https:\/\/www.alumni.space\/de\/cookie-richtlinie\/\" \/>\n<meta property=\"og:site_name\" content=\"Alumni.space\" \/>\n<meta property=\"article:modified_time\" content=\"2026-03-26T12:01:43+00:00\" \/>\n<meta name=\"twitter:card\" content=\"summary_large_image\" \/>\n<meta name=\"twitter:label1\" content=\"Gesch\u00e4tzte Lesezeit\" \/>\n\t<meta name=\"twitter:data1\" content=\"11\u00a0Minuten\" \/>\n<script type=\"application\/ld+json\" class=\"yoast-schema-graph\">{\"@context\":\"https:\\\/\\\/schema.org\",\"@graph\":[{\"@type\":\"WebPage\",\"@id\":\"https:\\\/\\\/www.alumni.space\\\/de\\\/cookie-richtlinie\\\/\",\"url\":\"https:\\\/\\\/www.alumni.space\\\/de\\\/cookie-richtlinie\\\/\",\"name\":\"Cookie-Richtlinie - Alumni.space\",\"isPartOf\":{\"@id\":\"https:\\\/\\\/www.alumni.space\\\/de\\\/#website\"},\"datePublished\":\"2025-12-17T07:56:54+00:00\",\"dateModified\":\"2026-03-26T12:01:43+00:00\",\"breadcrumb\":{\"@id\":\"https:\\\/\\\/www.alumni.space\\\/de\\\/cookie-richtlinie\\\/#breadcrumb\"},\"inLanguage\":\"de\",\"potentialAction\":[{\"@type\":\"ReadAction\",\"target\":[\"https:\\\/\\\/www.alumni.space\\\/de\\\/cookie-richtlinie\\\/\"]}]},{\"@type\":\"BreadcrumbList\",\"@id\":\"https:\\\/\\\/www.alumni.space\\\/de\\\/cookie-richtlinie\\\/#breadcrumb\",\"itemListElement\":[{\"@type\":\"ListItem\",\"position\":1,\"name\":\"Home\",\"item\":\"https:\\\/\\\/www.alumni.space\\\/de\\\/plattform-fuer-die-verwaltung-von-mentoring-und-unternehmensalumni\\\/\"},{\"@type\":\"ListItem\",\"position\":2,\"name\":\"Cookie-Richtlinie\"}]},{\"@type\":\"WebSite\",\"@id\":\"https:\\\/\\\/www.alumni.space\\\/de\\\/#website\",\"url\":\"https:\\\/\\\/www.alumni.space\\\/de\\\/\",\"name\":\"Alumni.space\",\"description\":\"My WordPress Blog\",\"potentialAction\":[{\"@type\":\"SearchAction\",\"target\":{\"@type\":\"EntryPoint\",\"urlTemplate\":\"https:\\\/\\\/www.alumni.space\\\/de\\\/?s={search_term_string}\"},\"query-input\":{\"@type\":\"PropertyValueSpecification\",\"valueRequired\":true,\"valueName\":\"search_term_string\"}}],\"inLanguage\":\"de\"}]}<\/script>\n<!-- \/ Yoast SEO plugin. -->","yoast_head_json":{"title":"Cookie-Richtlinie - Alumni.space","robots":{"index":"index","follow":"follow","max-snippet":"max-snippet:-1","max-image-preview":"max-image-preview:large","max-video-preview":"max-video-preview:-1"},"canonical":"https:\/\/www.alumni.space\/de\/cookie-richtlinie\/","og_locale":"de_DE","og_type":"article","og_title":"Cookie-Richtlinie - Alumni.space","og_url":"https:\/\/www.alumni.space\/de\/cookie-richtlinie\/","og_site_name":"Alumni.space","article_modified_time":"2026-03-26T12:01:43+00:00","twitter_card":"summary_large_image","twitter_misc":{"Gesch\u00e4tzte Lesezeit":"11\u00a0Minuten"},"schema":{"@context":"https:\/\/schema.org","@graph":[{"@type":"WebPage","@id":"https:\/\/www.alumni.space\/de\/cookie-richtlinie\/","url":"https:\/\/www.alumni.space\/de\/cookie-richtlinie\/","name":"Cookie-Richtlinie - Alumni.space","isPartOf":{"@id":"https:\/\/www.alumni.space\/de\/#website"},"datePublished":"2025-12-17T07:56:54+00:00","dateModified":"2026-03-26T12:01:43+00:00","breadcrumb":{"@id":"https:\/\/www.alumni.space\/de\/cookie-richtlinie\/#breadcrumb"},"inLanguage":"de","potentialAction":[{"@type":"ReadAction","target":["https:\/\/www.alumni.space\/de\/cookie-richtlinie\/"]}]},{"@type":"BreadcrumbList","@id":"https:\/\/www.alumni.space\/de\/cookie-richtlinie\/#breadcrumb","itemListElement":[{"@type":"ListItem","position":1,"name":"Home","item":"https:\/\/www.alumni.space\/de\/plattform-fuer-die-verwaltung-von-mentoring-und-unternehmensalumni\/"},{"@type":"ListItem","position":2,"name":"Cookie-Richtlinie"}]},{"@type":"WebSite","@id":"https:\/\/www.alumni.space\/de\/#website","url":"https:\/\/www.alumni.space\/de\/","name":"Alumni.space","description":"My WordPress Blog","potentialAction":[{"@type":"SearchAction","target":{"@type":"EntryPoint","urlTemplate":"https:\/\/www.alumni.space\/de\/?s={search_term_string}"},"query-input":{"@type":"PropertyValueSpecification","valueRequired":true,"valueName":"search_term_string"}}],"inLanguage":"de"}]}},"_links":{"self":[{"href":"https:\/\/www.alumni.space\/de\/wp-json\/wp\/v2\/pages\/4357","targetHints":{"allow":["GET"]}}],"collection":[{"href":"https:\/\/www.alumni.space\/de\/wp-json\/wp\/v2\/pages"}],"about":[{"href":"https:\/\/www.alumni.space\/de\/wp-json\/wp\/v2\/types\/page"}],"author":[{"embeddable":true,"href":"https:\/\/www.alumni.space\/de\/wp-json\/wp\/v2\/users\/1"}],"replies":[{"embeddable":true,"href":"https:\/\/www.alumni.space\/de\/wp-json\/wp\/v2\/comments?post=4357"}],"version-history":[{"count":4,"href":"https:\/\/www.alumni.space\/de\/wp-json\/wp\/v2\/pages\/4357\/revisions"}],"predecessor-version":[{"id":4375,"href":"https:\/\/www.alumni.space\/de\/wp-json\/wp\/v2\/pages\/4357\/revisions\/4375"}],"wp:attachment":[{"href":"https:\/\/www.alumni.space\/de\/wp-json\/wp\/v2\/media?parent=4357"}],"curies":[{"name":"wp","href":"https:\/\/api.w.org\/{rel}","templated":true}]}}