{"id":4193,"date":"2025-05-16T15:04:58","date_gmt":"2025-05-16T15:04:58","guid":{"rendered":"https:\/\/www.alumni.space\/betriebsrat\/"},"modified":"2026-03-26T12:02:07","modified_gmt":"2026-03-26T12:02:07","slug":"betriebsrat","status":"publish","type":"page","link":"https:\/\/www.alumni.space\/de\/sie-sind\/betriebsrat\/","title":{"rendered":"Betriebsrat"},"content":{"rendered":"<div class=\"fusion-fullwidth fullwidth-box fusion-builder-row-1 fusion-flex-container has-pattern-background has-mask-background nonhundred-percent-fullwidth non-hundred-percent-height-scrolling\" style=\"--awb-background-position:left top;--awb-border-sizes-top:0px;--awb-border-sizes-bottom:0px;--awb-border-sizes-left:0px;--awb-border-sizes-right:0px;--awb-border-radius-top-left:0px;--awb-border-radius-top-right:0px;--awb-border-radius-bottom-right:0px;--awb-border-radius-bottom-left:0px;--awb-padding-top:130px;--awb-padding-bottom:130px;--awb-padding-top-medium:90px;--awb-padding-bottom-medium:90px;--awb-margin-bottom-medium:0px;--awb-background-color:var(--awb-color1);--awb-flex-wrap:wrap;\" ><div class=\"fusion-builder-row fusion-row fusion-flex-align-items-flex-start fusion-flex-justify-content-flex-end fusion-flex-content-wrap\" style=\"max-width:calc( 1200px + 80px );margin-left: calc(-80px \/ 2 );margin-right: calc(-80px \/ 2 );\"><div class=\"fusion-layout-column fusion_builder_column fusion-builder-column-0 fusion_builder_column_3_5 3_5 fusion-flex-column fusion-column-no-min-height fusion-animated\" style=\"--awb-padding-right-medium:0px;--awb-padding-left-medium:0px;--awb-bg-blend:overlay;--awb-bg-size:cover;--awb-width-large:60%;--awb-margin-top-large:0px;--awb-spacing-right-large:calc( 0.13333333333333 * calc( 100% - 80px ) );--awb-margin-bottom-large:90px;--awb-spacing-left-large:40px;--awb-width-medium:50%;--awb-spacing-right-medium:calc( 0.16 * calc( 100% - 80px ) );--awb-margin-bottom-medium:49px;--awb-spacing-left-medium:40px;--awb-width-small:100%;--awb-spacing-right-small:40px;--awb-margin-bottom-small:0px;--awb-spacing-left-small:40px;\" data-animationType=\"fadeIn\" data-animationDuration=\"0.8\" data-animationOffset=\"top-into-view\"><div class=\"fusion-column-wrapper fusion-flex-justify-content-flex-start fusion-content-layout-column\"><div class=\"fusion-title title fusion-title-1 fusion-sep-none fusion-title-text fusion-title-size-three\" style=\"--awb-margin-bottom:0px;--awb-margin-top-small:10px;--awb-margin-right-small:0px;--awb-margin-bottom-small:10px;--awb-margin-left-small:0px;\"><h3 class=\"fusion-title-heading title-heading-left\" style=\"margin:0;\">F\u00fcr einen Sozial- und Wirtschaftsausschuss (CSE) geht es nicht mehr nur um die Verteilung von Geschenkgutscheinen und die Verwaltung des Ticketverkaufs.<\/h3><\/div><\/div><\/div><div class=\"fusion-layout-column fusion_builder_column fusion-builder-column-1 fusion_builder_column_2_5 2_5 fusion-flex-column fusion-column-no-min-height fusion-animated\" style=\"--awb-padding-right-medium:0px;--awb-padding-left-medium:0px;--awb-bg-blend:overlay;--awb-bg-size:cover;--awb-width-large:40%;--awb-margin-top-large:0px;--awb-spacing-right-large:40px;--awb-margin-bottom-large:90px;--awb-spacing-left-large:calc( 0.04 * calc( 100% - 80px ) );--awb-width-medium:50%;--awb-spacing-right-medium:40px;--awb-margin-bottom-medium:49px;--awb-spacing-left-medium:calc( 0.032 * calc( 100% - 80px ) );--awb-width-small:100%;--awb-spacing-right-small:40px;--awb-margin-bottom-small:30px;--awb-spacing-left-small:40px;\" data-animationType=\"fadeIn\" data-animationDuration=\"0.8\" data-animationOffset=\"top-into-view\"><div class=\"fusion-column-wrapper fusion-flex-justify-content-flex-start fusion-content-layout-column\"><div class=\"fusion-separator fusion-full-width-sep\" style=\"align-self: center;margin-left: auto;margin-right: auto;margin-top:15px;width:100%;\"><\/div><div class=\"fusion-text fusion-text-1 fusion-text-no-margin\" style=\"--awb-text-color:hsla(var(--awb-color8-h),var(--awb-color8-s),var(--awb-color8-l),calc(var(--awb-color8-a) - 20%));--awb-margin-bottom:10px;\"><p>Sie m\u00fcssen die Interessen der Arbeitnehmer verteidigen, soziale Bindungen aufrechterhalten, Ihre Budgets f\u00fcr Betriebskosten und soziale und kulturelle Aktivit\u00e4ten (ASC) optimal nutzen und der Gesch\u00e4ftsleitung zeigen, dass jeder investierte Euro sinnvoll ist.<br \/>\nDie Plattform alumni.space bietet Ihnen einen einzigartigen Raum, um Arbeitnehmer und Ehemalige zusammenzubringen, Ihre kulturellen und solidarischen Aktionen zu unterst\u00fctzen und eine echte Gemeinschaft rund um den ASR zu animieren: Veranstaltungen, Kartenverkauf, gegenseitige Hilfe, Kleinanzeigen, Job Board, Freiwilligenarbeit.<\/p>\n<\/div><\/div><\/div><div class=\"fusion-layout-column fusion_builder_column fusion-builder-column-2 fusion_builder_column_1_1 1_1 fusion-flex-column fusion-animated\" style=\"--awb-bg-position:center center;--awb-bg-size:cover;--awb-width-large:100%;--awb-margin-top-large:0px;--awb-spacing-right-large:40px;--awb-margin-bottom-large:20px;--awb-spacing-left-large:40px;--awb-width-medium:100%;--awb-order-medium:0;--awb-spacing-right-medium:40px;--awb-spacing-left-medium:40px;--awb-width-small:100%;--awb-order-small:0;--awb-spacing-right-small:40px;--awb-margin-bottom-small:60px;--awb-spacing-left-small:40px;\" data-animationType=\"fadeInUp\" data-animationDuration=\"0.8\" data-animationOffset=\"top-into-view\" data-scroll-devices=\"small-visibility,medium-visibility,large-visibility\"><div class=\"fusion-column-wrapper fusion-column-has-shadow fusion-flex-justify-content-flex-start fusion-content-layout-column\"><div class=\"fusion-image-element \" style=\"--awb-caption-title-font-family:var(--h2_typography-font-family);--awb-caption-title-font-weight:var(--h2_typography-font-weight);--awb-caption-title-font-style:var(--h2_typography-font-style);--awb-caption-title-size:var(--h2_typography-font-size);--awb-caption-title-transform:var(--h2_typography-text-transform);--awb-caption-title-line-height:var(--h2_typography-line-height);--awb-caption-title-letter-spacing:var(--h2_typography-letter-spacing);\"><span class=\" fusion-imageframe imageframe-none imageframe-1 hover-type-none\"><img decoding=\"async\" width=\"1200\" height=\"705\" title=\"Betriebsrat\" src=\"https:\/\/www.alumni.space\/wp-content\/uploads\/2025\/12\/comite-dentreprise.jpg\" data-orig-src=\"https:\/\/www.alumni.space\/wp-content\/uploads\/2025\/12\/comite-dentreprise.jpg\" alt class=\"lazyload img-responsive wp-image-4195\" srcset=\"data:image\/svg+xml,%3Csvg%20xmlns%3D%27http%3A%2F%2Fwww.w3.org%2F2000%2Fsvg%27%20width%3D%271200%27%20height%3D%27705%27%20viewBox%3D%270%200%201200%20705%27%3E%3Crect%20width%3D%271200%27%20height%3D%27705%27%20fill-opacity%3D%220%22%2F%3E%3C%2Fsvg%3E\" data-srcset=\"https:\/\/www.alumni.space\/wp-content\/uploads\/2025\/12\/comite-dentreprise-200x118.jpg 200w, https:\/\/www.alumni.space\/wp-content\/uploads\/2025\/12\/comite-dentreprise-400x235.jpg 400w, https:\/\/www.alumni.space\/wp-content\/uploads\/2025\/12\/comite-dentreprise-600x353.jpg 600w, https:\/\/www.alumni.space\/wp-content\/uploads\/2025\/12\/comite-dentreprise-800x470.jpg 800w, https:\/\/www.alumni.space\/wp-content\/uploads\/2025\/12\/comite-dentreprise.jpg 1200w\" data-sizes=\"auto\" data-orig-sizes=\"(max-width: 700px) 100vw, 1200px\" \/><\/span><\/div><\/div><\/div><div class=\"fusion-layout-column fusion_builder_column fusion-builder-column-3 fusion_builder_column_1_1 1_1 fusion-flex-column\" style=\"--awb-bg-size:cover;--awb-width-large:100%;--awb-margin-top-large:0px;--awb-spacing-right-large:40px;--awb-margin-bottom-large:0px;--awb-spacing-left-large:40px;--awb-width-medium:100%;--awb-order-medium:0;--awb-spacing-right-medium:40px;--awb-spacing-left-medium:40px;--awb-width-small:100%;--awb-order-small:0;--awb-spacing-right-small:40px;--awb-spacing-left-small:40px;\"><div class=\"fusion-column-wrapper fusion-column-has-shadow fusion-flex-justify-content-flex-start fusion-content-layout-column\"><div class=\"fusion-text fusion-text-2\"><h2>Ein CSR-Kontext unter Druck: Kaufkraft, soziale Bindung und Compliance<\/h2>\n<p>Der ASR verf\u00fcgt \u00fcber zwei getrennte Budgets: ein Betriebsbudget (0,20 % der Bruttolohnsumme zwischen 50 und 1.999 Arbeitnehmern, 0,22 % ab 2.000 Arbeitnehmern) und ein Budget f\u00fcr soziale und kulturelle Aktivit\u00e4ten, dessen H\u00f6he durch Vereinbarung oder Usus festgelegt wird.<\/p>\n<p>Das Kassationsgericht erinnerte 2024 daran, dass die Vorteile des CSE allen Arbeitnehmern und Praktikanten ohne diskriminierende Bedingungen, insbesondere hinsichtlich der Dauer der Betriebszugeh\u00f6rigkeit, zug\u00e4nglich sein m\u00fcssen, da sonst die damit verbundenen Sozialabgaben verloren gehen k\u00f6nnen.<\/p>\n<p>Das Ergebnis: Die gew\u00e4hlten Vertreter m\u00fcssen mehr tun, f\u00fcr mehr Menschen, mit einem oft begrenzten Budget. Daher ist es wichtig, eine Plattform zu haben, die Ihre Aktionen strukturiert, Informationsverluste vermeidet und jede soziale oder kulturelle Initiative bei den Mitarbeitern und Ehemaligen aufwertet. <\/p>\n<h2>Was Sie von alumni.space auf Seiten des ESC erwarten k\u00f6nnen<\/h2>\n<p>Alumni.space ist eine schl\u00fcsselfertige L\u00f6sung f\u00fcr Community Management und Mentoring, die sich explizit auch an Betriebsr\u00e4te und SSCs richtet.<\/p>\n<p>Die Plattform erm\u00f6glicht es Ihnen, Ihren ASR in einen echten Community-Hub zu verwandeln, indem Sie Vorteile, Benutzerfreundlichkeit und gegenseitige Unterst\u00fctzung miteinander verbinden. Konkret hilft Ihnen die Plattform bei : <\/p>\n<ul>\n<li>ein Netzwerk von Mitarbeitern und Ehemaligen zu Veranstaltungen, Neuigkeiten und gemeinsamen Projekten zu animieren;<\/li>\n<li>Ihre Vorteile, Ihren Kartenverkauf und Ihre kulturellen oder solidarischen Aktionen sichtbar machen;<\/li>\n<li>die gew\u00e4hlten Vertreter in die Lage versetzen, das Engagement der Beg\u00fcnstigten zu verfolgen und die Wirkung Ihrer Ma\u00dfnahmen gegen\u00fcber dem Management aufzuwerten.<\/li>\n<\/ul>\n<h2>Bessere Ausrichtung und Aufwertung Ihrer sozialen und kulturellen Aktivit\u00e4ten<\/h2>\n<p>Das SAC-Budget dient der Verbesserung der Lebensbedingungen und der Kaufkraft der Arbeitnehmer durch soziale und kulturelle Aktivit\u00e4ten: Kartenverkauf, Freizeit, Kultur, Sport, Geschenkgutscheine usw. Das SAC-Budget wird in der Regel von den Arbeitnehmern selbst aufgebracht.<\/p>\n<p>Mit alumni.space verf\u00fcgen Sie \u00fcber einen einzigartigen Raum, in dem Sie diese Vorteile klar darstellen, Ihre Kriterien f\u00fcr die Gew\u00e4hrung erl\u00e4utern und die tats\u00e4chliche Nutzung der Programme verfolgen k\u00f6nnen. Die Veranstaltungs-, Ticket- und Kommunikationsfunktionen machen es zu einem nat\u00fcrlichen Medium, um die Verwendung Ihres ASC-Budgets zu belegen und Ihre j\u00e4hrlichen Berichte an die Mitarbeiter vorzubereiten. <\/p>\n<h2>Erfolgreiche CSR-Veranstaltungen und St\u00e4rkung des Zusammenlebens<\/h2>\n<p>Veranstaltungen sind das Herzst\u00fcck der Arbeit des ASR: Theater- oder Kinobesuche, Reisen, Betriebsfeiern, Familienworkshops, Treffen zum Thema QVT, etc.<\/p>\n<p>Alumni.space beinhaltet ein Veranstaltungsmanagement mit integriertem Kartenverkauf, der M\u00f6glichkeit, Vorzugstarife anzubieten und verloren gegangene Vorteile der Europ\u00e4ischen Kommission zu ersetzen, insbesondere bei kulturellen Veranstaltungen.<\/p>\n<p>F\u00fcr die gew\u00e4hlten Vertreter ist es eine M\u00f6glichkeit, Anmeldungen, Teilnehmerlisten und Kommunikation zu zentralisieren, w\u00e4hrend die Arbeitnehmer einen klaren \u00dcberblick \u00fcber das gesamte Angebot des ASR erhalten, einschlie\u00dflich der Einladung von Ehemaligen zu bestimmten geselligen Treffen.<\/p>\n<h2>Dynamisierung der Kommunikation des ASR mit den Arbeitnehmern und Ehemaligen<\/h2>\n<p>Ein effektives JSR ist ein lesbares JSR. Viele Gremien haben jedoch Schwierigkeiten, ihre Aktionen \u00fcber einige E-Mails oder Aush\u00e4nge hinaus sichtbar zu machen. <\/p>\n<p>Mit alumni.space stehen Ihnen Werkzeuge zur Verf\u00fcgung, mit denen Sie diese Verbindung langfristig aufrechterhalten k\u00f6nnen:<\/p>\n<ul>\n<li>einen Nachrichtenbereich der Gruppe und des ASR, um \u00fcber Ihre Entscheidungen, Projekte und starken Aktionen zu berichten;<\/li>\n<li>eine Dokumentationsbibliothek, in der Sie Ihre Berichte, praktischen Leitf\u00e4den, Erkl\u00e4rungen zu CSA oder Gesundheit am Arbeitsplatz zentralisieren k\u00f6nnen;<\/li>\n<li>Informationsfl\u00fcsse (z.B. \u00fcber RSS), die es erm\u00f6glichen, Informationen des Unternehmens, die f\u00fcr die Mitarbeiter n\u00fctzlich sind, hervorzuheben;<\/li>\n<li>ein internes soziales Netzwerk, in dem die Mitglieder Kommentare abgeben, sich austauschen und ihre Bed\u00fcrfnisse oder Ideen einbringen k\u00f6nnen.<\/li>\n<\/ul>\n<p>Auf diese Weise k\u00f6nnen Ihre Mitarbeiter besser verstehen, was das ASR tut, wie sie davon profitieren und wie sie dazu beitragen k\u00f6nnen, selbst wenn sie ehemalige Mitarbeiter sind.<\/p>\n<h2>Unterst\u00fctzung von Kaufkraft und Kooptation in einem Raum<\/h2>\n<p>Der ASR ist ein wichtiger Akteur f\u00fcr die Kaufkraft \u00fcber die CSA, aber auch ein Erm\u00f6glicher von beruflichen Laufbahnen. Die Website alumni.space bietet ein Job Board und Kooptationswerkzeuge zur Verbreitung von Stellenangeboten unter den Mitgliedern der Gemeinschaft. <\/p>\n<p>F\u00fcr einen ASR er\u00f6ffnet dies zwei M\u00f6glichkeiten: Unterst\u00fctzung der Besch\u00e4ftigungsf\u00e4higkeit von Mitarbeitern und ehemaligen Mitarbeitern und F\u00f6rderung von Einstellungen durch Empfehlung in einem vertrauensw\u00fcrdigen Netzwerk. Zus\u00e4tzlich zu den klassischen finanziellen Vorteilen bieten Sie einen sehr konkreten Hebel zur Sicherung der beruflichen Laufbahn. <\/p>\n<h2>Solidarit\u00e4ts- und generationen\u00fcbergreifende Aktionen durchf\u00fchren<\/h2>\n<p>Der ASR hat auch eine soziale Rolle: Unterst\u00fctzung in schwierigen Zeiten, solidarische Aktionen, Aufmerksamkeit f\u00fcr die Familien. Alumni.space enth\u00e4lt mehrere Bausteine, die diesen menschlichen Aspekt verst\u00e4rken: <\/p>\n<ul>\n<li>ein Geburten- und Sterbejournal, um die wichtigsten Momente im Leben der Mitarbeiter und ihrer Angeh\u00f6rigen zu markieren;<\/li>\n<li>Ein Raum f\u00fcr ehrenamtliche Arbeit, um Solidarit\u00e4tsaktionen zu organisieren und Mitarbeiter und Ehemalige in gemeinsame Anliegen einzubeziehen;<\/li>\n<li>Veranstaltungen, die verschiedene Generationen (Aktive, Rentner, junge Rekruten, Ehemalige) zusammenbringen, um die Unternehmenskultur \u00fcber den reinen Arbeitsvertrag hinaus zu leben.<\/li>\n<\/ul>\n<p>So k\u00f6nnen Sie Ihre Solidarit\u00e4tsaktionen sichtbar machen und dokumentieren, was Ihre CSR-Kommunikation und den Austausch mit dem Management erleichtert.<\/p>\n<h2>Funktionen, die auf die Bed\u00fcrfnisse der gew\u00e4hlten Vertreter des ASR zugeschnitten sind<\/h2>\n<p>\u00dcber die Benutzerfreundlichkeit hinaus ist alumni.space ein echtes Steuerungsinstrument f\u00fcr die gew\u00e4hlten Vertreter und die Aussch\u00fcsse. Die Plattform bietet insbesondere <\/p>\n<ul>\n<li><strong>Angereicherte Profile und internes soziales Netzwerk<\/strong><br \/>\nJedes Mitglied hat ein Profil mit Interessen, Sektor und Kompetenzen. Dies erm\u00f6glicht es, Multiplikatoren f\u00fcr Ihre Aktionen (Kultur, Sport, Solidarit\u00e4t, Sicherheit usw.) zu finden und die Ehemaligen in bestimmte Projekte einzubeziehen. <\/li>\n<li><strong>Veranstaltungsbenachrichtigungen und Abonnements nach Gebiet<\/strong><br \/>\nMitarbeiter k\u00f6nnen Veranstaltungen nach Ort oder Thema abonnieren, was Ihnen hilft, Ihre Einladungen und Angebote gezielter zu gestalten.<\/li>\n<li><strong>Thematische Bereiche f\u00fcr Ihre ASC<\/strong><br \/>\nInterne Kleinanzeigen, Tickets, Jobb\u00f6rsen, Mitgliedsbeitr\u00e4ge: Jeder Baustein kann in \u00fcbersichtlichen Rubriken organisiert werden, die mit der Trennung Ihrer Budgets (Betrieb \/ ASC) \u00fcbereinstimmen.<\/li>\n<li><strong>Nutzungsstatistiken mit Matomo<\/strong><br \/>\nDie Plattform st\u00fctzt sich auf Matomo, ein von der CNIL empfohlenes Tool zur Messung des Publikums, um die Nutzung der Website zu verfolgen und das Engagement f\u00fcr Ihre Aktionen zu objektivieren.<\/li>\n<li><strong>Kontrollierte Google-Indexierung<\/strong><br \/>\nSie behalten die Kontrolle \u00fcber den Grad der externen Sichtbarkeit der Website (z.B. nur die Startseite indexieren), wodurch Transparenz, Vertraulichkeit und interne Kommunikationspolitik miteinander vereinbar sind.<\/li>\n<\/ul>\n<h2>Eine einfach zu finanzierende und zu implementierende L\u00f6sung f\u00fcr ein ASR<\/h2>\n<p>Das Betriebsbudget des ASR kann die zur Aus\u00fcbung seiner Aufgaben erforderlichen Instrumente finanzieren, insbesondere Kommunikation und digitale Medien. Mehrere Leitf\u00e4den und Entscheidungen weisen darauf hin, dass eine Website des ASR in diesen Rahmen fallen kann, wenn sie Ihren wirtschaftlichen und sozialen Befugnissen dient. <\/p>\n<p>Alumni.space bietet ein transparentes Gesch\u00e4ftsmodell: Einrichtungskosten, dann ein monatliches Abonnement ohne Werbung, mit einer angek\u00fcndigten Einf\u00fchrung in 15 Tagen und einer Navigation, die f\u00fcr alle Generationen, einschlie\u00dflich Rentner, gedacht ist.<\/p>\n<p>F\u00fcr ein ASC ist es die M\u00f6glichkeit, Ihre Kommunikation und einen Teil Ihrer ASCs mit einem professionellen Werkzeug zu verbinden, ohne ein komplexes IT-Projekt zu starten.<\/p>\n<h2>Was Sie auf Seiten des ESC gewinnen<\/h2>\n<p>Indem Sie Ihre Gemeinschaft von Mitarbeitern und Ehemaligen \u00fcber alumni.space strukturieren, verwandeln Sie Ihre Aktionen in eine echte, verst\u00e4ndliche und nachhaltige Sozialpolitik. Konkret k\u00f6nnen Sie : <\/p>\n<ul>\n<li>die Verwendung Ihrer Betriebs- und Sozialversicherungsbudgets bei den Mitarbeitern und dem Management besser zur Geltung zu bringen;<\/li>\n<li>St\u00e4rkung der Kaufkraft und des Zugangs zur Kultur durch ein besser gesteuertes Angebot an Veranstaltungen und Eintrittskarten;<\/li>\n<li>ein dauerhaftes Zugeh\u00f6rigkeitsgef\u00fchl entwickeln, auch nach dem Ausscheiden aus dem Unternehmen;<\/li>\n<li>Unterst\u00fctzung der Besch\u00e4ftigungsf\u00e4higkeit durch ein Job Board, Kooptation und Kontaktaufnahme in einem vertrauensw\u00fcrdigen Netzwerk;<\/li>\n<li>Ihren sozialen, kulturellen, solidarischen und generationen\u00fcbergreifenden Aktionen eine globale Koh\u00e4renz zu verleihen.<\/li>\n<\/ul>\n<h2>N\u00e4chster Schritt: Anpassung der Plattform an Ihr Mandat als ASR<\/h2>\n<p>Jeder ASR hat seine eigene Geschichte, seine eigenen Gepflogenheiten und seine eigenen Priorit\u00e4ten: Gr\u00f6\u00dfe des Unternehmens, geographische Verteilung, H\u00f6he des Budgets, soziale Kultur, Erwartungen der Arbeitnehmer. Das Ziel ist nicht, ein weiteres Instrument hinzuzuf\u00fcgen, sondern das, was Sie bereits tun, zu strukturieren und sichtbar zu machen. <\/p>\n<p>Ausgehend von dieser Grundlage k\u00f6nnen wir gemeinsam in drei Richtungen weitergehen:<\/p>\n<ol>\n<li>Kl\u00e4ren Sie Ihre digitale Strategie f\u00fcr den ESC: Welche Zielgruppen, welche Rubriken, welche Priorit\u00e4ten (Kaufkraft, Kultur, Solidarit\u00e4t, Mentoring, Ehemalige usw.)?<\/li>\n<li>Formulierung einer einfachen Argumentation, um die Plattform dem Management vorzustellen und ihre Finanzierung aus den richtigen Budgets zu rechtfertigen.<\/li>\n<li>Erstellen Sie einen 12-monatigen Animationsplan (Veranstaltungen, Ver\u00f6ffentlichungen, Freiwilligenarbeit, Kooptation), damit Ihre Gemeinschaft sich das Tool zu eigen macht und jede Aktion des ASR eine n\u00fctzliche Spur hinterl\u00e4sst.<\/li>\n<\/ol>\n<\/div><div ><a class=\"fusion-button button-flat fusion-button-default-size button-custom fusion-button-default button-1 fusion-button-default-span fusion-button-default-type\" style=\"--awb-margin-top:30px;--awb-margin-bottom:30px;--button_accent_color:var(--awb-color1);--button_accent_hover_color:var(--awb-color1);--button_border_hover_color:var(--awb-color1);--button_gradient_top_color:var(--awb-custom_color_2);--button_gradient_bottom_color:var(--awb-custom_color_2);--button_gradient_top_color_hover:var(--awb-custom_color_1);--button_gradient_bottom_color_hover:var(--awb-custom_color_1);--button_text_transform:uppercase;--button_font_size:20px;--button_line_height:var(--awb-typography4-line-height);--button_typography-letter-spacing:var(--awb-typography4-letter-spacing);--button_typography-font-family:&quot;Plus Jakarta Sans&quot;;--button_typography-font-style:normal;--button_typography-font-weight:700;\" target=\"_self\" href=\"https:\/\/www.alumni.space\/de\/kontakt\/\"><span class=\"fusion-button-text awb-button__text awb-button__text--default\">Fordern Sie einen Termin oder eine Demo an.<\/span><i class=\"fa-arrow-right fas awb-button__icon awb-button__icon--default button-icon-right\" aria-hidden=\"true\"><\/i><\/a><\/div><\/div><\/div><\/div><\/div>\n","protected":false},"excerpt":{"rendered":"","protected":false},"author":1,"featured_media":0,"parent":4417,"menu_order":0,"comment_status":"closed","ping_status":"closed","template":"100-width.php","meta":{"_ayudawp_aiss_exclude":false,"footnotes":""},"class_list":["post-4193","page","type-page","status-publish","hentry"],"yoast_head":"<!-- This site is optimized with the Yoast SEO plugin v27.4 - https:\/\/yoast.com\/product\/yoast-seo-wordpress\/ -->\n<title>Betriebsrat - Alumni.space<\/title>\n<meta name=\"robots\" content=\"index, follow, max-snippet:-1, max-image-preview:large, max-video-preview:-1\" \/>\n<link rel=\"canonical\" href=\"https:\/\/www.alumni.space\/de\/sie-sind\/betriebsrat\/\" \/>\n<meta property=\"og:locale\" content=\"de_DE\" \/>\n<meta property=\"og:type\" content=\"article\" \/>\n<meta property=\"og:title\" content=\"Betriebsrat - Alumni.space\" \/>\n<meta property=\"og:url\" content=\"https:\/\/www.alumni.space\/de\/sie-sind\/betriebsrat\/\" \/>\n<meta property=\"og:site_name\" content=\"Alumni.space\" \/>\n<meta property=\"article:modified_time\" content=\"2026-03-26T12:02:07+00:00\" \/>\n<meta name=\"twitter:card\" content=\"summary_large_image\" \/>\n<meta name=\"twitter:label1\" content=\"Gesch\u00e4tzte Lesezeit\" \/>\n\t<meta name=\"twitter:data1\" content=\"18\u00a0Minuten\" \/>\n<script type=\"application\/ld+json\" class=\"yoast-schema-graph\">{\"@context\":\"https:\\\/\\\/schema.org\",\"@graph\":[{\"@type\":\"WebPage\",\"@id\":\"https:\\\/\\\/www.alumni.space\\\/de\\\/sie-sind\\\/betriebsrat\\\/\",\"url\":\"https:\\\/\\\/www.alumni.space\\\/de\\\/sie-sind\\\/betriebsrat\\\/\",\"name\":\"Betriebsrat - Alumni.space\",\"isPartOf\":{\"@id\":\"https:\\\/\\\/www.alumni.space\\\/de\\\/#website\"},\"datePublished\":\"2025-05-16T15:04:58+00:00\",\"dateModified\":\"2026-03-26T12:02:07+00:00\",\"breadcrumb\":{\"@id\":\"https:\\\/\\\/www.alumni.space\\\/de\\\/sie-sind\\\/betriebsrat\\\/#breadcrumb\"},\"inLanguage\":\"de\",\"potentialAction\":[{\"@type\":\"ReadAction\",\"target\":[\"https:\\\/\\\/www.alumni.space\\\/de\\\/sie-sind\\\/betriebsrat\\\/\"]}]},{\"@type\":\"BreadcrumbList\",\"@id\":\"https:\\\/\\\/www.alumni.space\\\/de\\\/sie-sind\\\/betriebsrat\\\/#breadcrumb\",\"itemListElement\":[{\"@type\":\"ListItem\",\"position\":1,\"name\":\"Home\",\"item\":\"https:\\\/\\\/www.alumni.space\\\/de\\\/plattform-fuer-die-verwaltung-von-mentoring-und-unternehmensalumni\\\/\"},{\"@type\":\"ListItem\",\"position\":2,\"name\":\"Sie sind?\",\"item\":\"https:\\\/\\\/www.alumni.space\\\/de\\\/sie-sind\\\/\"},{\"@type\":\"ListItem\",\"position\":3,\"name\":\"Betriebsrat\"}]},{\"@type\":\"WebSite\",\"@id\":\"https:\\\/\\\/www.alumni.space\\\/de\\\/#website\",\"url\":\"https:\\\/\\\/www.alumni.space\\\/de\\\/\",\"name\":\"Alumni.space\",\"description\":\"My WordPress Blog\",\"potentialAction\":[{\"@type\":\"SearchAction\",\"target\":{\"@type\":\"EntryPoint\",\"urlTemplate\":\"https:\\\/\\\/www.alumni.space\\\/de\\\/?s={search_term_string}\"},\"query-input\":{\"@type\":\"PropertyValueSpecification\",\"valueRequired\":true,\"valueName\":\"search_term_string\"}}],\"inLanguage\":\"de\"}]}<\/script>\n<!-- \/ Yoast SEO plugin. -->","yoast_head_json":{"title":"Betriebsrat - Alumni.space","robots":{"index":"index","follow":"follow","max-snippet":"max-snippet:-1","max-image-preview":"max-image-preview:large","max-video-preview":"max-video-preview:-1"},"canonical":"https:\/\/www.alumni.space\/de\/sie-sind\/betriebsrat\/","og_locale":"de_DE","og_type":"article","og_title":"Betriebsrat - Alumni.space","og_url":"https:\/\/www.alumni.space\/de\/sie-sind\/betriebsrat\/","og_site_name":"Alumni.space","article_modified_time":"2026-03-26T12:02:07+00:00","twitter_card":"summary_large_image","twitter_misc":{"Gesch\u00e4tzte Lesezeit":"18\u00a0Minuten"},"schema":{"@context":"https:\/\/schema.org","@graph":[{"@type":"WebPage","@id":"https:\/\/www.alumni.space\/de\/sie-sind\/betriebsrat\/","url":"https:\/\/www.alumni.space\/de\/sie-sind\/betriebsrat\/","name":"Betriebsrat - Alumni.space","isPartOf":{"@id":"https:\/\/www.alumni.space\/de\/#website"},"datePublished":"2025-05-16T15:04:58+00:00","dateModified":"2026-03-26T12:02:07+00:00","breadcrumb":{"@id":"https:\/\/www.alumni.space\/de\/sie-sind\/betriebsrat\/#breadcrumb"},"inLanguage":"de","potentialAction":[{"@type":"ReadAction","target":["https:\/\/www.alumni.space\/de\/sie-sind\/betriebsrat\/"]}]},{"@type":"BreadcrumbList","@id":"https:\/\/www.alumni.space\/de\/sie-sind\/betriebsrat\/#breadcrumb","itemListElement":[{"@type":"ListItem","position":1,"name":"Home","item":"https:\/\/www.alumni.space\/de\/plattform-fuer-die-verwaltung-von-mentoring-und-unternehmensalumni\/"},{"@type":"ListItem","position":2,"name":"Sie sind?","item":"https:\/\/www.alumni.space\/de\/sie-sind\/"},{"@type":"ListItem","position":3,"name":"Betriebsrat"}]},{"@type":"WebSite","@id":"https:\/\/www.alumni.space\/de\/#website","url":"https:\/\/www.alumni.space\/de\/","name":"Alumni.space","description":"My WordPress Blog","potentialAction":[{"@type":"SearchAction","target":{"@type":"EntryPoint","urlTemplate":"https:\/\/www.alumni.space\/de\/?s={search_term_string}"},"query-input":{"@type":"PropertyValueSpecification","valueRequired":true,"valueName":"search_term_string"}}],"inLanguage":"de"}]}},"_links":{"self":[{"href":"https:\/\/www.alumni.space\/de\/wp-json\/wp\/v2\/pages\/4193","targetHints":{"allow":["GET"]}}],"collection":[{"href":"https:\/\/www.alumni.space\/de\/wp-json\/wp\/v2\/pages"}],"about":[{"href":"https:\/\/www.alumni.space\/de\/wp-json\/wp\/v2\/types\/page"}],"author":[{"embeddable":true,"href":"https:\/\/www.alumni.space\/de\/wp-json\/wp\/v2\/users\/1"}],"replies":[{"embeddable":true,"href":"https:\/\/www.alumni.space\/de\/wp-json\/wp\/v2\/comments?post=4193"}],"version-history":[{"count":2,"href":"https:\/\/www.alumni.space\/de\/wp-json\/wp\/v2\/pages\/4193\/revisions"}],"predecessor-version":[{"id":4215,"href":"https:\/\/www.alumni.space\/de\/wp-json\/wp\/v2\/pages\/4193\/revisions\/4215"}],"up":[{"embeddable":true,"href":"https:\/\/www.alumni.space\/de\/wp-json\/wp\/v2\/pages\/4417"}],"wp:attachment":[{"href":"https:\/\/www.alumni.space\/de\/wp-json\/wp\/v2\/media?parent=4193"}],"curies":[{"name":"wp","href":"https:\/\/api.w.org\/{rel}","templated":true}]}}