{"id":3954,"date":"2025-12-17T07:59:40","date_gmt":"2025-12-17T07:59:40","guid":{"rendered":"https:\/\/www.alumni.space\/allgemeine-zugangs-und-nutzungsbedingungen\/"},"modified":"2026-03-26T11:59:28","modified_gmt":"2026-03-26T11:59:28","slug":"allgemeine-zugangs-und-nutzungsbedingungen","status":"publish","type":"page","link":"https:\/\/www.alumni.space\/de\/allgemeine-zugangs-und-nutzungsbedingungen\/","title":{"rendered":"Allgemeine Zugangs- und Nutzungsbedingungen"},"content":{"rendered":"<div class=\"fusion-fullwidth fullwidth-box fusion-builder-row-1 fusion-flex-container has-pattern-background has-mask-background nonhundred-percent-fullwidth non-hundred-percent-height-scrolling\" style=\"--awb-border-radius-top-left:0px;--awb-border-radius-top-right:0px;--awb-border-radius-bottom-right:0px;--awb-border-radius-bottom-left:0px;--awb-flex-wrap:wrap;\" ><div class=\"fusion-builder-row fusion-row fusion-flex-align-items-flex-start fusion-flex-content-wrap\" style=\"max-width:1248px;margin-left: calc(-4% \/ 2 );margin-right: calc(-4% \/ 2 );\"><div class=\"fusion-layout-column fusion_builder_column fusion-builder-column-0 fusion_builder_column_1_1 1_1 fusion-flex-column\" style=\"--awb-bg-size:cover;--awb-width-large:100%;--awb-margin-top-large:0px;--awb-spacing-right-large:1.92%;--awb-margin-bottom-large:20px;--awb-spacing-left-large:1.92%;--awb-width-medium:100%;--awb-order-medium:0;--awb-spacing-right-medium:1.92%;--awb-spacing-left-medium:1.92%;--awb-width-small:100%;--awb-order-small:0;--awb-spacing-right-small:1.92%;--awb-spacing-left-small:1.92%;\"><div class=\"fusion-column-wrapper fusion-column-has-shadow fusion-flex-justify-content-flex-start fusion-content-layout-column\"><div class=\"fusion-text fusion-text-1\"><div class=\"post-content\">\n<div class=\"fusion-fullwidth fullwidth-box fusion-builder-row-1 fusion-flex-container nonhundred-percent-fullwidth non-hundred-percent-height-scrolling\">\n<div class=\"fusion-builder-row fusion-row fusion-flex-align-items-flex-start fusion-flex-content-wrap\">\n<div class=\"fusion-layout-column fusion_builder_column fusion-builder-column-0 fusion_builder_column_1_1 1_1 fusion-flex-column\">\n<div class=\"fusion-column-wrapper fusion-flex-justify-content-flex-start fusion-content-layout-column\">\n<div class=\"fusion-text fusion-text-1\">\n<h2 class=\"fusion-responsive-typography-calculated\" data-fontsize=\"18\" data-lineheight=\"27px\">ALLGEMEINE BEDINGUNGEN F\u00dcR DEN ZUGANG UND DIE NUTZUNG<\/h2>\n<h3 class=\"fusion-responsive-typography-calculated\" data-fontsize=\"16\" data-lineheight=\"24px\">OBJEKT<\/h3>\n<p>Die Website www.alumni.space (die &#8222;Website&#8220;) dient der Bereitstellung von Informationen \u00fcber alumni.space und die Unternehmen\/Tochtergesellschaften\/Marken, aus denen sich alumni.space zusammensetzt, sowohl f\u00fcr die Mitarbeiter von alumni.space als auch f\u00fcr die professionelle oder private \u00d6ffentlichkeit, die sich \u00fcber die Gruppe und ihre Leistungen informieren m\u00f6chte (die &#8222;Nutzer&#8220;).<br \/>\nDie Informationen werden im Rahmen einer allgemeinen Information zur Verf\u00fcgung gestellt, ohne Garantie f\u00fcr die Eignung f\u00fcr einen bestimmten Verwendungszweck. alumni.space kann die Informationen jederzeit und ohne Vorank\u00fcndigung \u00e4ndern oder aktualisieren.<br \/>\nAlle auf der Website enthaltenen Informationen und generell alle Elemente, einschlie\u00dflich insbesondere Software, Daten, Texte, Grafiken, Bilder, T\u00f6ne, Videos, Logos, Symbole, Html-Code, im Folgenden &#8222;Inhalt&#8220; genannt, werden den Nutzern nur zu Informationszwecken zur Verf\u00fcgung gestellt. Sie k\u00f6nnen keinesfalls als ein kommerzielles Angebot, eine Lizenz, eine Beratung oder eine Gesch\u00e4ftsbeziehung zwischen dem Nutzer und alumni.space ausgelegt werden. Die auf dieser Website bereitgestellten Inhalte entbinden den Nutzer nicht davon, die bereitgestellten Informationen selbst zu \u00fcberpr\u00fcfen.<br \/>\nDie Nutzung der Website unterliegt den Allgemeinen Gesch\u00e4ftsbedingungen f\u00fcr die Nutzung der Website, die im Folgenden n\u00e4her erl\u00e4utert werden, sowie den in Frankreich geltenden Gesetzen. Jede Person, die auf die Website zugreift, akzeptiert die Nutzungsbedingungen und verpflichtet sich, diese einzuhalten.<br \/>\nDie Begriffe &#8222;wir&#8220;, &#8222;uns&#8220;, &#8222;unser&#8220; beziehen sich auf alumni.space oder eine andere Tochtergesellschaft der Gruppe im Allgemeinen.    <\/p>\n<h3 class=\"fusion-responsive-typography-calculated\" data-fontsize=\"16\" data-lineheight=\"24px\">HYPERLINKS<\/h3>\n<p>Die Webseite kann Hyperlinks zu anderen Webseiten oder anderen Internetquellen enthalten, die nicht von alumni.space betrieben oder kontrolliert werden.<\/p>\n<p><strong>Aktivierung von Links<\/strong><br \/>\nalumni.space ist nicht verantwortlich f\u00fcr diese Websites, ihren Inhalt, ihre Funktionsweise, ihre Aktualisierung, ihre Konformit\u00e4t und Genauigkeit, die Nutzung durch die Nutzer, einschlie\u00dflich Sch\u00e4den, die durch Viren oder Malware verursacht werden, die bei der Verbindung mit externen Quellen verbreitet werden.<br \/>\nEs obliegt den Internetnutzern, alle geeigneten Ma\u00dfnahmen zum Schutz ihrer Hardware, Daten oder Computersoftware zu ergreifen, insbesondere gegen Computerviren, die im Netz zirkulieren.<\/p>\n<p><strong>Genehmigung von Links<\/strong><br \/>\nWenn Sie einen Hyperlink zu dieser Website erstellen m\u00f6chten, m\u00fcssen Sie die vorherige schriftliche Genehmigung von alumni.space einholen, indem Sie die unten angegebenen Kontaktdaten verwenden.<\/p>\n<h3 class=\"fusion-responsive-typography-calculated\" data-fontsize=\"16\" data-lineheight=\"24px\">RECHTE AN GEISTIGEM EIGENTUM<\/h3>\n<p>Diese Website ist durch geistige Eigentumsrechte gesch\u00fctzt, einschlie\u00dflich, aber nicht beschr\u00e4nkt auf Marken, Urheberrechte, Designs, das sui generis-Recht des Datenbankproduzenten usw., und ist das alleinige Eigentum von alumni.space.<br \/>\nDer Inhalt, einschlie\u00dflich, jedoch nicht beschr\u00e4nkt auf Texte, Daten, Grafiken, Bilder, T\u00f6ne, Videos, Logos, Icons und HTML-Code, ist durch das Recht des geistigen Eigentums gesch\u00fctzt und bleibt Eigentum von alumni.space oder von Dritten, denen eine entsprechende Genehmigung erteilt wurde.<br \/>\nDie vollst\u00e4ndige oder teilweise Vervielf\u00e4ltigung, Darstellung, Nutzung oder \u00c4nderung der Website, eines oder mehrerer ihrer Bestandteile und\/oder der auf ihr abgebildeten Marken ist ohne die schriftliche Zustimmung von alumni.space strengstens untersagt.<br \/>\nDie Tatsache, dass alumni.space keine Ma\u00dfnahmen ergreift, sobald sie von einer solchen unerlaubten Nutzung Kenntnis erlangt, stellt keine Zustimmung zu dieser Nutzung und keinen Verzicht auf rechtliche Schritte dar. Ohne die schriftliche Genehmigung von alumni.space oder der dritten Partei, die die Rechte h\u00e4lt, k\u00f6nnen keine impliziten Rechte oder Lizenzen an diesen Elementen vergeben werden.<br \/>\nDer Nutzer ist jedoch berechtigt, Elemente der Website f\u00fcr ausschlie\u00dflich private Zwecke darzustellen und\/oder zu reproduzieren, vorausgesetzt, er gibt systematisch alle Hinweise auf Urheberrechte oder andere Rechte an geistigem Eigentum an, die eventuell auf der Seite oder den Seiten der Website, die reproduziert werden, enthalten sind. <\/p>\n<p><strong>Datenbank(en)<\/strong><br \/>\nalumni.space verbietet ausdr\u00fccklich jede Wiederverwendung, Vervielf\u00e4ltigung oder Extraktion von Elementen der auf der Website enthaltenen Datenbanken. Der Nutzer haftet f\u00fcr die nicht genehmigte Weiterverwendung, Vervielf\u00e4ltigung oder Entnahme. <\/p>\n<p><strong>Recht am eigenen Bild<\/strong><br \/>\nDie Kunden, Partner und generell alle Personen, die auf den auf dieser Website ver\u00f6ffentlichten Fotos und Filmen abgebildet sind, haben der Nutzung ihres Bildes im Rahmen von Kampagnen zugestimmt, die f\u00fcr alumni.space, seine Marken, seine Unternehmen oder seine Partner, Kunden, Bauherren, Auftragnehmer oder Subunternehmer produziert werden.<br \/>\nDie Mitarbeiter und F\u00fchrungskr\u00e4fte von alumni.space, deren Bild auf dieser Website verwendet wird, haben der Verwendung dieses Bildmaterials im Rahmen der externen Kommunikation der Gruppe zugestimmt.<br \/>\nDie Nutzer der Website d\u00fcrfen diese Fotos und Filme ohne vorherige schriftliche Genehmigung von alumni.space nicht vervielf\u00e4ltigen, darstellen oder anderweitig verwenden. Jede Nutzung dieser Dokumente, auch auszugsweise, die gegen die vorgenannte Verpflichtung verst\u00f6\u00dft, kann den Urheber strafrechtlich verfolgen. <\/p>\n<h3 class=\"fusion-responsive-typography-calculated\" data-fontsize=\"16\" data-lineheight=\"24px\">VERANTWORTLICHKEITEN UND GARANTIEN<\/h3>\n<p>Der Inhalt wird &#8222;wie besehen&#8220; zur Verf\u00fcgung gestellt, ohne Garantie jeglicher Art, weder ausdr\u00fccklich noch stillschweigend, und insbesondere ohne Garantie, dass der Inhalt den Bed\u00fcrfnissen des Nutzers entspricht oder dass der Inhalt aktuell ist.<\/p>\n<p>alumni.space bem\u00fcht sich, zuverl\u00e4ssige Inhalte auf seiner Website zur Verf\u00fcgung zu stellen, garantiert jedoch nicht, dass die Website frei von Ungenauigkeiten, typografischen Fehlern, Auslassungen und\/oder Viren ist.<\/p>\n<p>alumni.space beh\u00e4lt sich das Recht vor, jederzeit und ohne vorherige Ank\u00fcndigung Verbesserungen und\/oder \u00c4nderungen an den Inhalten vorzunehmen.<\/p>\n<p>alumni.space garantiert keine Ergebnisse in Verbindung mit der Nutzung von Software, die auf dieser Website verf\u00fcgbar ist. Der Nutzer ist allein verantwortlich f\u00fcr die Nutzung der auf dieser Website enthaltenen Informationen. <\/p>\n<p>alumni.space \u00fcbernimmt keine Verantwortung f\u00fcr die Unterbrechung, Aussetzung oder Fehlfunktion der Website, f\u00fcr Datenverlust oder das Auftreten von Bugs.<\/p>\n<p>alumni.space haftet nicht f\u00fcr indirekte Sch\u00e4den, die sich aus der Nutzung dieser Website oder anderer mit ihr verlinkter Websites ergeben, selbst wenn alumni.space von der M\u00f6glichkeit des Auftretens solcher Sch\u00e4den Kenntnis hatte.<\/p>\n<h3 class=\"fusion-responsive-typography-calculated\" data-fontsize=\"16\" data-lineheight=\"24px\">VERPFLICHTUNGEN DES NUTZERS<\/h3>\n<p>Die von den Nutzern an alumni.space \u00fcbermittelten Informationen werden als nicht vertraulich betrachtet. Wenn es sich bei den bereitgestellten Informationen jedoch um personenbezogene Daten im Sinne des anwendbaren Rechts handelt, werden sie gem\u00e4\u00df der anwendbaren Datenschutzrichtlinie behandelt.<br \/>\nJeder Nutzer der Webseite erkl\u00e4rt, dass er diese Allgemeinen Nutzungsbedingungen und insbesondere die folgenden Bedingungen einh\u00e4lt: <\/p>\n<ul>\n<li>zu gew\u00e4hrleisten, dass jegliche Informationen oder Elemente, Entw\u00fcrfe, Dateien oder Kommentare, die keine personenbezogenen Daten sind und die der Nutzer \u00fcber die Website an alumni.space \u00fcbermittelt, nicht gegen die geistigen Eigentumsrechte Dritter oder andere anwendbare Gesetze versto\u00dfen.<\/li>\n<li>\u00fcberpr\u00fcfen, dass die verwendete Computerkonfiguration keine Viren enth\u00e4lt und in einwandfreiem Zustand ist;<\/li>\n<li>alumni.space, seinen Tochtergesellschaften und Partnern das Recht einr\u00e4umen, die zur Verf\u00fcgung gestellten Informationen (mit Ausnahme von personenbezogenen Daten) in beliebiger Weise zu nutzen;<\/li>\n<li>alumni.space beh\u00e4lt sich das Recht vor, Ihren Zugang zur Website im Falle einer betr\u00fcgerischen Nutzung oder eines versuchten Missbrauchs dieses Zugangs zu sperren. <\/li>\n<\/ul>\n<h3 class=\"fusion-responsive-typography-calculated\" data-fontsize=\"16\" data-lineheight=\"24px\">PERS\u00d6NLICHE DATEN UND COOKIES<\/h3>\n<p>Bitte lesen Sie unsere  <a href=\"https:\/\/www.alumni.space\/donnees-personnelles\/\">Politik zum Schutz pers\u00f6nlicher Daten<\/a><\/p>\n<h3 class=\"fusion-responsive-typography-calculated\" data-fontsize=\"16\" data-lineheight=\"24px\">\u00c4NDERUNG<\/h3>\n<p>alumni.space beh\u00e4lt sich das Recht vor, den Zugang zur Website und die Allgemeinen Nutzungsbedingungen jederzeit zu \u00e4ndern und\/oder zu aktualisieren. Diese \u00c4nderungen und Aktualisierungen sind f\u00fcr den Nutzer verbindlich, der daher regelm\u00e4\u00dfig diese Rubrik aufrufen muss, um die aktuellen Allgemeinen Gesch\u00e4ftsbedingungen zu \u00fcberpr\u00fcfen. <\/p>\n<p>alumni.space beh\u00e4lt sich das Recht vor, die gesamte Website oder Teile davon ohne vorherige Ank\u00fcndigung und ohne vorherige Benachrichtigung der Nutzer\/Internetnutzer zu \u00e4ndern und\/oder zu entfernen.<\/p>\n<p>alumni.space \u00fcbernimmt keine Verantwortung f\u00fcr Schwierigkeiten beim Zugriff auf die Website oder f\u00fcr Kommunikationsausf\u00e4lle.<\/p>\n<h3 class=\"fusion-responsive-typography-calculated\" data-fontsize=\"16\" data-lineheight=\"24px\">KONTAKT<\/h3>\n<p>Wenn Sie Fragen zu den Nutzungsbedingungen der Website haben, kontaktieren Sie uns bitte per E-Mail \u00fcber das Kontaktformular oder unter folgender Adresse  <a href=\"mailto:contact@poleetic.com\">contact@poleetic.com<\/a><\/p>\n<h3 class=\"fusion-responsive-typography-calculated\" data-fontsize=\"16\" data-lineheight=\"24px\">ANWENDBARES RECHT<\/h3>\n<p>Die Website ist in franz\u00f6sischer, englischer und spanischer Sprache verfasst. Im Falle von Streitigkeiten ist die franz\u00f6sische Sprache ma\u00dfgebend. Die vorliegenden Allgemeinen Nutzungsbedingungen unterliegen dem franz\u00f6sischen Recht. Alle Streitigkeiten in Bezug auf die Anwendung, Ausf\u00fchrung und\/oder Auslegung dieser Allgemeinen Nutzungsbedingungen werden den Gerichten in Paris vorgelegt, vorbehaltlich einer besonderen Zust\u00e4ndigkeit, die sich aus einem besonderen Gesetz oder einer Verordnung ergibt.   <\/p>\n<p>alumni.space beh\u00e4lt sich das Recht vor, im Falle der Nichteinhaltung einer dieser Allgemeinen Nutzungsbedingungen, gleich welcher Art, rechtliche Schritte einzuleiten.<\/p>\n<\/div>\n<\/div>\n<\/div>\n<\/div>\n<\/div>\n<\/div>\n<\/div><\/div><\/div><\/div><\/div>\n","protected":false},"excerpt":{"rendered":"","protected":false},"author":1,"featured_media":0,"parent":0,"menu_order":0,"comment_status":"closed","ping_status":"closed","template":"100-width.php","meta":{"_ayudawp_aiss_exclude":false,"footnotes":""},"class_list":["post-3954","page","type-page","status-publish","hentry"],"yoast_head":"<!-- This site is optimized with the Yoast SEO plugin v27.4 - https:\/\/yoast.com\/product\/yoast-seo-wordpress\/ -->\n<title>Allgemeine Zugangs- und Nutzungsbedingungen - Alumni.space<\/title>\n<meta name=\"robots\" content=\"index, follow, max-snippet:-1, max-image-preview:large, max-video-preview:-1\" \/>\n<link rel=\"canonical\" href=\"https:\/\/www.alumni.space\/de\/allgemeine-zugangs-und-nutzungsbedingungen\/\" \/>\n<meta property=\"og:locale\" content=\"de_DE\" \/>\n<meta property=\"og:type\" content=\"article\" \/>\n<meta property=\"og:title\" content=\"Allgemeine Zugangs- und Nutzungsbedingungen - Alumni.space\" \/>\n<meta property=\"og:url\" content=\"https:\/\/www.alumni.space\/de\/allgemeine-zugangs-und-nutzungsbedingungen\/\" \/>\n<meta property=\"og:site_name\" content=\"Alumni.space\" \/>\n<meta property=\"article:modified_time\" content=\"2026-03-26T11:59:28+00:00\" \/>\n<meta name=\"twitter:card\" content=\"summary_large_image\" \/>\n<meta name=\"twitter:label1\" content=\"Gesch\u00e4tzte Lesezeit\" \/>\n\t<meta name=\"twitter:data1\" content=\"13\u00a0Minuten\" \/>\n<script type=\"application\/ld+json\" class=\"yoast-schema-graph\">{\"@context\":\"https:\\\/\\\/schema.org\",\"@graph\":[{\"@type\":\"WebPage\",\"@id\":\"https:\\\/\\\/www.alumni.space\\\/de\\\/allgemeine-zugangs-und-nutzungsbedingungen\\\/\",\"url\":\"https:\\\/\\\/www.alumni.space\\\/de\\\/allgemeine-zugangs-und-nutzungsbedingungen\\\/\",\"name\":\"Allgemeine Zugangs- und Nutzungsbedingungen - Alumni.space\",\"isPartOf\":{\"@id\":\"https:\\\/\\\/www.alumni.space\\\/de\\\/#website\"},\"datePublished\":\"2025-12-17T07:59:40+00:00\",\"dateModified\":\"2026-03-26T11:59:28+00:00\",\"breadcrumb\":{\"@id\":\"https:\\\/\\\/www.alumni.space\\\/de\\\/allgemeine-zugangs-und-nutzungsbedingungen\\\/#breadcrumb\"},\"inLanguage\":\"de\",\"potentialAction\":[{\"@type\":\"ReadAction\",\"target\":[\"https:\\\/\\\/www.alumni.space\\\/de\\\/allgemeine-zugangs-und-nutzungsbedingungen\\\/\"]}]},{\"@type\":\"BreadcrumbList\",\"@id\":\"https:\\\/\\\/www.alumni.space\\\/de\\\/allgemeine-zugangs-und-nutzungsbedingungen\\\/#breadcrumb\",\"itemListElement\":[{\"@type\":\"ListItem\",\"position\":1,\"name\":\"Home\",\"item\":\"https:\\\/\\\/www.alumni.space\\\/de\\\/plattform-fuer-die-verwaltung-von-mentoring-und-unternehmensalumni\\\/\"},{\"@type\":\"ListItem\",\"position\":2,\"name\":\"Allgemeine Zugangs- und Nutzungsbedingungen\"}]},{\"@type\":\"WebSite\",\"@id\":\"https:\\\/\\\/www.alumni.space\\\/de\\\/#website\",\"url\":\"https:\\\/\\\/www.alumni.space\\\/de\\\/\",\"name\":\"Alumni.space\",\"description\":\"My WordPress Blog\",\"potentialAction\":[{\"@type\":\"SearchAction\",\"target\":{\"@type\":\"EntryPoint\",\"urlTemplate\":\"https:\\\/\\\/www.alumni.space\\\/de\\\/?s={search_term_string}\"},\"query-input\":{\"@type\":\"PropertyValueSpecification\",\"valueRequired\":true,\"valueName\":\"search_term_string\"}}],\"inLanguage\":\"de\"}]}<\/script>\n<!-- \/ Yoast SEO plugin. -->","yoast_head_json":{"title":"Allgemeine Zugangs- und Nutzungsbedingungen - Alumni.space","robots":{"index":"index","follow":"follow","max-snippet":"max-snippet:-1","max-image-preview":"max-image-preview:large","max-video-preview":"max-video-preview:-1"},"canonical":"https:\/\/www.alumni.space\/de\/allgemeine-zugangs-und-nutzungsbedingungen\/","og_locale":"de_DE","og_type":"article","og_title":"Allgemeine Zugangs- und Nutzungsbedingungen - Alumni.space","og_url":"https:\/\/www.alumni.space\/de\/allgemeine-zugangs-und-nutzungsbedingungen\/","og_site_name":"Alumni.space","article_modified_time":"2026-03-26T11:59:28+00:00","twitter_card":"summary_large_image","twitter_misc":{"Gesch\u00e4tzte Lesezeit":"13\u00a0Minuten"},"schema":{"@context":"https:\/\/schema.org","@graph":[{"@type":"WebPage","@id":"https:\/\/www.alumni.space\/de\/allgemeine-zugangs-und-nutzungsbedingungen\/","url":"https:\/\/www.alumni.space\/de\/allgemeine-zugangs-und-nutzungsbedingungen\/","name":"Allgemeine Zugangs- und Nutzungsbedingungen - Alumni.space","isPartOf":{"@id":"https:\/\/www.alumni.space\/de\/#website"},"datePublished":"2025-12-17T07:59:40+00:00","dateModified":"2026-03-26T11:59:28+00:00","breadcrumb":{"@id":"https:\/\/www.alumni.space\/de\/allgemeine-zugangs-und-nutzungsbedingungen\/#breadcrumb"},"inLanguage":"de","potentialAction":[{"@type":"ReadAction","target":["https:\/\/www.alumni.space\/de\/allgemeine-zugangs-und-nutzungsbedingungen\/"]}]},{"@type":"BreadcrumbList","@id":"https:\/\/www.alumni.space\/de\/allgemeine-zugangs-und-nutzungsbedingungen\/#breadcrumb","itemListElement":[{"@type":"ListItem","position":1,"name":"Home","item":"https:\/\/www.alumni.space\/de\/plattform-fuer-die-verwaltung-von-mentoring-und-unternehmensalumni\/"},{"@type":"ListItem","position":2,"name":"Allgemeine Zugangs- und Nutzungsbedingungen"}]},{"@type":"WebSite","@id":"https:\/\/www.alumni.space\/de\/#website","url":"https:\/\/www.alumni.space\/de\/","name":"Alumni.space","description":"My WordPress Blog","potentialAction":[{"@type":"SearchAction","target":{"@type":"EntryPoint","urlTemplate":"https:\/\/www.alumni.space\/de\/?s={search_term_string}"},"query-input":{"@type":"PropertyValueSpecification","valueRequired":true,"valueName":"search_term_string"}}],"inLanguage":"de"}]}},"_links":{"self":[{"href":"https:\/\/www.alumni.space\/de\/wp-json\/wp\/v2\/pages\/3954","targetHints":{"allow":["GET"]}}],"collection":[{"href":"https:\/\/www.alumni.space\/de\/wp-json\/wp\/v2\/pages"}],"about":[{"href":"https:\/\/www.alumni.space\/de\/wp-json\/wp\/v2\/types\/page"}],"author":[{"embeddable":true,"href":"https:\/\/www.alumni.space\/de\/wp-json\/wp\/v2\/users\/1"}],"replies":[{"embeddable":true,"href":"https:\/\/www.alumni.space\/de\/wp-json\/wp\/v2\/comments?post=3954"}],"version-history":[{"count":10,"href":"https:\/\/www.alumni.space\/de\/wp-json\/wp\/v2\/pages\/3954\/revisions"}],"predecessor-version":[{"id":3973,"href":"https:\/\/www.alumni.space\/de\/wp-json\/wp\/v2\/pages\/3954\/revisions\/3973"}],"wp:attachment":[{"href":"https:\/\/www.alumni.space\/de\/wp-json\/wp\/v2\/media?parent=3954"}],"curies":[{"name":"wp","href":"https:\/\/api.w.org\/{rel}","templated":true}]}}